{"id":1383,"date":"2016-06-21T22:37:45","date_gmt":"2016-06-21T20:37:45","guid":{"rendered":"http:\/\/www.topguide24.com\/es\/?page_id=1383"},"modified":"2024-02-23T00:11:17","modified_gmt":"2024-02-22T23:11:17","slug":"todos-los-destinos","status":"publish","type":"page","link":"https:\/\/www.topguide24.com\/es\/todos-los-destinos\/","title":{"rendered":"Todos los destinos"},"content":{"rendered":"<p><strong>Am\u00e9rica del Norte<\/strong><br \/>\n<a href=\"..\/tour\/antigua-y-barbuda\/\">Antigua y Barbuda<\/a><br \/>\n<a href=\"..\/tour\/bahamas\/\">Bahamas<\/a><br \/>\n<a href=\"..\/tour\/belice\/\">Belice<\/a><br \/>\n<a href=\"..\/tour\/canada\/\">Canad\u00e1<\/a><br \/>\n<a href=\"..\/tour\/costa-rica\/\">Costa Rica<\/a><br \/>\n<a href=\"..\/tour\/el-salvador\/\">El Salvador<\/a><br \/>\n<a href=\"..\/tour\/estados-unidos\/\">Estados Unidos<\/a><br \/>\n<a href=\"..\/tour\/groenlandia\/\">Groenlandia<\/a><br \/>\n<a href=\"..\/tour\/guatemala\/\">Guatemala<\/a><br \/>\n<a href=\"..\/tour\/jamaica\/\">Jamaica<\/a><br \/>\n<a href=\"..\/tour\/mexico\/\">M\u00e9xico<\/a><br \/>\n<a href=\"..\/tour\/nicaragua\/\">Nicaragua<\/a><br \/>\n<a href=\"..\/tour\/panama\/\">Panam\u00e1<\/a><br \/>\n<a href=\"..\/tour\/puerto-rico\/\">Puerto Rico<\/a><br \/>\n<a href=\"..\/tour\/republica-dominicana\/\">Rep\u00fablica Dominicana<\/a><br \/>\n<a href=\"..\/tour\/sinnt-maarten\/\">Sinnt Maarten<\/a><br \/>\n<a href=\"..\/tour\/san-vicente-y-las-granadinas\/\">San Vicente y las Granadinas<\/a><\/p>\n<p><strong>Am\u00e9rica del Sur<\/strong><br \/>\n<a href=\"..\/tour\/argentina\/\">Argentina<\/a><br \/>\n<a href=\"..\/tour\/bolivia\/\">Bolivia<\/a><br \/>\n<a href=\"..\/tour\/brasil\/\">Brasil<\/a><br \/>\n<a href=\"..\/tour\/colombia\/\">Colombia<\/a><br \/>\n<a href=\"..\/tour\/chile\/\">Chile<\/a><br \/>\n<a href=\"..\/tour\/ecuador\/\">Ecuador<\/a><br \/>\n<a href=\"..\/tour\/guyana\/\">Guyana<\/a><br \/>\n<a href=\"..\/tour\/honduras\/\">Honduras<\/a><br \/>\n<a href=\"..\/tour\/paraguay\/\">Paraguay<\/a><br \/>\n<a href=\"..\/tour\/peru\/\">Per\u00fa<\/a><br \/>\n<a href=\"..\/tour\/surinam\/\">Surinam<\/a><br \/>\n<a href=\"..\/tour\/uruguay\/\">Uruguay<\/a><br \/>\n<a href=\"..\/tour\/venezuela\/\">Venezuela<\/a><\/p>\n<p><strong>Europa<\/strong><br \/>\n<a href=\"..\/tour\/albania\/\">Albania<\/a><br \/>\n<a href=\"..\/tour\/alemania\/\">Alemania<\/a><br \/>\n<a href=\"..\/tour\/austria\/\">Austria<\/a><br \/>\n<a href=\"..\/tour\/belgica\/\">B\u00e9lgica<\/a><br \/>\n<a href=\"..\/tour\/bielorrusia\/\">Bielorrusia<\/a><br \/>\n<a href=\"..\/tour\/bosnia-y-herzegovina\/\">Bosnia y Herzegovina<\/a><br \/>\n<a href=\"..\/tour\/bulgaria\/\">Bulgaria<\/a><br \/>\n<a href=\"..\/tour\/chipre\/\">Chipre<\/a><br \/>\n<a href=\"..\/tour\/croacia\/\">Croacia<\/a><br \/>\n<a href=\"..\/tour\/dinamarca\/\">Dinamarca<\/a><br \/>\n<a href=\"..\/tour\/reino-unido\/\">Escocia<\/a><br \/>\n<a href=\"..\/tour\/eslovaquia\/\">Eslovaquia<\/a><br \/>\n<a href=\"..\/tour\/eslovenia\/\">Eslovenia<\/a><br \/>\n<a href=\"..\/tour\/espana\/\">Espa\u00f1a<\/a><br \/>\n<a href=\"..\/tour\/estonia\/\">Estonia<\/a><br \/>\n<a href=\"..\/tour\/finlandia\/\">Finlandia<\/a><br \/>\n<a href=\"..\/tour\/francia\/\">Francia<\/a><br \/>\n<a href=\"..\/tour\/reino-unido\/\">Gales<\/a><br \/>\n<a href=\"..\/tour\/grecia\/\">Grecia<\/a><br \/>\n<a href=\"..\/tour\/hungria\/\">Hungr\u00eda<\/a><br \/>\n<a href=\"..\/tour\/reino-unido\/\">Inglaterra<\/a><br \/>\n<a href=\"..\/tour\/irlanda\/\">Irlanda<\/a><br \/>\n<a href=\"..\/tour\/islandia\/\">Islandia<\/a><br \/>\n<a href=\"..\/tour\/italia\/\">Italia<\/a><br \/>\n<a href=\"..\/tour\/kosovo\/\">Kosovo<\/a><br \/>\n<a href=\"..\/tour\/letonia\/\">Letonia<\/a><br \/>\n<a href=\"..\/tour\/lituania\/\">Lituania<\/a><br \/>\n<a href=\"..\/tour\/macedonia\/\">Macedonia<\/a><br \/>\n<a href=\"..\/tour\/malta\/\">Malta<\/a><br \/>\n<a href=\"..\/tour\/moldavia\/\">Moldavia<\/a><br \/>\n<a href=\"..\/tour\/montenegro\/\">Montenegro<\/a><br \/>\n<a href=\"..\/tour\/noruega\/\">Noruega<\/a><br \/>\n<a href=\"..\/tour\/paises-bajos\/\">Pa\u00edses Bajos<\/a><br \/>\n<a href=\"..\/tour\/polonia\/\">Polonia<\/a><br \/>\n<a href=\"..\/tour\/portugal\/\">Portugal<\/a><br \/>\n<a href=\"..\/tour\/republica-checa\/\">Rep\u00fablica Checa<\/a><br \/>\n<a href=\"..\/tour\/romania\/\">Ruman\u00eda<\/a><br \/>\n<a href=\"..\/tour\/rusia\/\">Rusia<\/a><br \/>\n<a href=\"..\/tour\/serbia\/\">Serbia<\/a><br \/>\n<a href=\"..\/tour\/suecia\/\">Suecia<\/a><br \/>\n<a href=\"..\/tour\/suiza\/\">Suiza<\/a><br \/>\n<a href=\"..\/tour\/turquia\/\">Turqu\u00eda<\/a><br \/>\n<a href=\"..\/tour\/ucrania\/\">Ucrania<\/a><\/p>\n<p><strong>\u00c1frica<\/strong><br \/>\n<a href=\"..\/tour\/benin\/\">Ben\u00edn<\/a><br \/>\n<a href=\"..\/tour\/botsuana\/\">Botsuana<\/a><br \/>\n<a href=\"..\/tour\/burundi\/\">Burundi<\/a><br \/>\n<a href=\"..\/tour\/cote-divoire\/\">C\u00f4te d\u2019Ivoire<\/a><br \/>\n<a href=\"..\/tour\/egipto\/\">Egipto<\/a><br \/>\n<a href=\"..\/tour\/etiopia\/\">Etiop\u00eda<\/a><br \/>\n<a href=\"..\/tour\/gambia\/\">Gambia<\/a><br \/>\n<a href=\"..\/tour\/ghana\/\">Ghana<\/a><br \/>\n<a href=\"..\/tour\/kenia\/\">Kenia<\/a><br \/>\n<a href=\"..\/tour\/malaui\/\">Malaui<\/a><br \/>\n<a href=\"..\/tour\/marruecos\/\">Marruecos<\/a><br \/>\n<a href=\"..\/tour\/mauricio\/\">Mauricio<\/a><br \/>\n<a href=\"..\/tour\/namibia\/\">Namibia<\/a><br \/>\n<a href=\"..\/tour\/nigeria\/\">Nigeria<\/a><br \/>\n<a href=\"..\/tour\/ruanda\/\">Ruanda<\/a><br \/>\n<a href=\"..\/tour\/senegal\/\">Senegal<\/a><br \/>\n<a href=\"..\/tour\/seychelles\/\">Seychelles<\/a><br \/>\n<a href=\"..\/tour\/sudafrica\/\">Sud\u00e1frica<\/a><br \/>\n<a href=\"..\/tour\/tanzania\/\">Tanzania<\/a><br \/>\n<a href=\"..\/tour\/togo\/\">Togo<\/a><br \/>\n<a href=\"..\/tour\/tunez\/\">T\u00fanez<\/a><br \/>\n<a href=\"..\/tour\/uganda\/\">Uganda<\/a><br \/>\n<a href=\"..\/tour\/zambia\/\">Zambia<\/a><br \/>\n<a href=\"..\/tour\/zimbabue\/\">Zimbabue<\/a><\/p>\n<p><strong>Asia<\/strong><br \/>\n<a href=\"..\/tour\/armenia\/\">Armenia<\/a><br \/>\n<a href=\"..\/tour\/azerbaiyan\/\">Azerbaiy\u00e1n<\/a><br \/>\n<a href=\"..\/tour\/banglades\/\">Banglad\u00e9s<\/a><br \/>\n<a href=\"..\/tour\/butan\/\">But\u00e1n<\/a><br \/>\n<a href=\"..\/tour\/brunei\/\">Brun\u00e9i<\/a><br \/>\n<a href=\"..\/tour\/camboya\/\">Camboya<\/a><br \/>\n<a href=\"..\/tour\/china\/\">China<\/a><br \/>\n<a href=\"..\/tour\/corea-del-sur\/\">Corea del Sur<\/a><br \/>\n<a href=\"..\/tour\/emiratos-arabes-unidos\/\">Emiratos \u00c1rabes Unidos<\/a><br \/>\n<a href=\"..\/tour\/filipinas\/\">Filipinas<\/a><br \/>\n<a href=\"..\/tour\/georgia\/\">Georgia<\/a><br \/>\n<a href=\"..\/tour\/india\/\">India<\/a><br \/>\n<a href=\"..\/tour\/indonesia\/\">Indonesia<\/a><br \/>\n<a href=\"..\/tour\/japon\/\">Jap\u00f3n<\/a><br \/>\n<a href=\"..\/tour\/jordania\/\">Jordania<\/a><br \/>\n<a href=\"..\/tour\/israel\/\">Israel<\/a><br \/>\n<a href=\"..\/tour\/kuwait\/\">Kuwait<\/a><br \/>\n<a href=\"..\/tour\/laos\/\">Laos<\/a><br \/>\n<a href=\"..\/tour\/libano\/\">Libano<\/a><br \/>\n<a href=\"..\/tour\/malasia\/\">Malasia<\/a><br \/>\n<a href=\"..\/tour\/mongolia\/\">Mongolia<\/a><br \/>\n<a href=\"..\/tour\/myanmar\/\">Myanmar<\/a><br \/>\n<a href=\"..\/tour\/nepal\/\">Nepal<\/a><br \/>\n<a href=\"..\/tour\/oman\/\">Om\u00e1n<\/a><br \/>\n<a href=\"..\/tour\/qatar\/\">Qatar<\/a><br \/>\n<a href=\"..\/tour\/sri-lanka\/\">Sri Lanka<\/a><br \/>\n<a href=\"..\/tour\/tailandia\/\">Tailandia<\/a><br \/>\n<a href=\"..\/tour\/taiwan\/\">Taiw\u00e1n<\/a><br \/>\n<a href=\"..\/tour\/territorios-palestinos\/\">Territorios Palestinos<\/a><br \/>\n<a href=\"..\/tour\/uzbekistan\/\">Uzbekist\u00e1n<\/a><br \/>\n<a href=\"..\/tour\/vietnam\/\">Vietnam<\/a><\/p>\n<p><strong>Ocean\u00eda<\/strong><br \/>\n<a href=\"..\/tour\/australia\/\">Australia<\/a><br \/>\n<a href=\"..\/tour\/fiyi\/\">Fiyi<\/a><br \/>\n<a href=\"..\/tour\/nueva-zelanda\/\">Nueva Zelanda<\/a><br \/>\n<a href=\"..\/tour\/polinesia-francesa\/\">Polinesia Francesa<\/a><br \/>\n<a href=\"..\/tour\/vanuatu\/\">Vanuatu<\/a><\/p>\n","protected":false},"excerpt":{"rendered":"<p>Am\u00e9rica del Norte Antigua y Barbuda Bahamas Belice Canad\u00e1 Costa Rica El Salvador Estados Unidos Groenlandia Guatemala Jamaica M\u00e9xico Nicaragua Panam\u00e1 Puerto Rico Rep\u00fablica Dominicana Sinnt Maarten San Vicente y las Granadinas Am\u00e9rica del Sur Argentina Bolivia Brasil Colombia Chile Ecuador Guyana Honduras Paraguay Per\u00fa Surinam Uruguay Venezuela Europa Albania Alemania Austria B\u00e9lgica Bielorrusia Bosnia [&hellip;]<\/p>\n","protected":false},"author":1,"featured_media":8933,"parent":0,"menu_order":0,"comment_status":"closed","ping_status":"closed","template":"","meta":{"footnotes":""},"class_list":["post-1383","page","type-page","status-publish","has-post-thumbnail","hentry"],"acf":[],"yoast_head":"<!-- This site is optimized with the Yoast SEO plugin v27.0 - https:\/\/yoast.com\/product\/yoast-seo-wordpress\/ -->\n<title>Todos los destinos &#187; Topguide24.com<\/title>\n<meta name=\"robots\" content=\"index, follow, max-snippet:-1, max-image-preview:large, max-video-preview:-1\" \/>\n<link rel=\"canonical\" href=\"https:\/\/www.topguide24.com\/es\/todos-los-destinos\/\" \/>\n<meta property=\"og:locale\" content=\"es_ES\" \/>\n<meta property=\"og:type\" content=\"article\" \/>\n<meta property=\"og:title\" content=\"Todos los destinos &#187; Topguide24.com\" \/>\n<meta property=\"og:description\" content=\"Am\u00e9rica del Norte Antigua y Barbuda Bahamas Belice Canad\u00e1 Costa Rica El Salvador Estados Unidos Groenlandia Guatemala Jamaica M\u00e9xico Nicaragua Panam\u00e1 Puerto Rico Rep\u00fablica Dominicana Sinnt Maarten San Vicente y las Granadinas Am\u00e9rica del Sur Argentina Bolivia Brasil Colombia Chile Ecuador Guyana Honduras Paraguay Per\u00fa Surinam Uruguay Venezuela Europa Albania Alemania Austria B\u00e9lgica Bielorrusia Bosnia [&hellip;]\" \/>\n<meta property=\"og:url\" content=\"https:\/\/www.topguide24.com\/es\/todos-los-destinos\/\" \/>\n<meta property=\"og:site_name\" content=\"Topguide24.com\" \/>\n<meta property=\"article:publisher\" content=\"https:\/\/www.facebook.com\/topguide24\/\" \/>\n<meta property=\"article:modified_time\" content=\"2024-02-22T23:11:17+00:00\" \/>\n<meta property=\"og:image\" content=\"https:\/\/www.topguide24.com\/es\/wp-content\/uploads\/2024\/02\/Reiseziele.jpg\" \/>\n\t<meta property=\"og:image:width\" content=\"1920\" \/>\n\t<meta property=\"og:image:height\" content=\"587\" \/>\n\t<meta property=\"og:image:type\" content=\"image\/jpeg\" \/>\n<meta name=\"twitter:card\" content=\"summary_large_image\" \/>\n<meta name=\"twitter:site\" content=\"@topguide24\" \/>\n<meta name=\"twitter:label1\" content=\"Tiempo de lectura\" \/>\n\t<meta name=\"twitter:data1\" content=\"1 minuto\" \/>\n<script type=\"application\/ld+json\" class=\"yoast-schema-graph\">{\"@context\":\"https:\/\/schema.org\",\"@graph\":[{\"@type\":\"WebPage\",\"@id\":\"https:\/\/www.topguide24.com\/es\/todos-los-destinos\/\",\"url\":\"https:\/\/www.topguide24.com\/es\/todos-los-destinos\/\",\"name\":\"Todos los destinos &#187; Topguide24.com\",\"isPartOf\":{\"@id\":\"https:\/\/www.topguide24.com\/es\/#website\"},\"primaryImageOfPage\":{\"@id\":\"https:\/\/www.topguide24.com\/es\/todos-los-destinos\/#primaryimage\"},\"image\":{\"@id\":\"https:\/\/www.topguide24.com\/es\/todos-los-destinos\/#primaryimage\"},\"thumbnailUrl\":\"https:\/\/www.topguide24.com\/es\/wp-content\/uploads\/2024\/02\/Reiseziele.jpg\",\"datePublished\":\"2016-06-21T20:37:45+00:00\",\"dateModified\":\"2024-02-22T23:11:17+00:00\",\"breadcrumb\":{\"@id\":\"https:\/\/www.topguide24.com\/es\/todos-los-destinos\/#breadcrumb\"},\"inLanguage\":\"es\",\"potentialAction\":[{\"@type\":\"ReadAction\",\"target\":[\"https:\/\/www.topguide24.com\/es\/todos-los-destinos\/\"]}]},{\"@type\":\"ImageObject\",\"inLanguage\":\"es\",\"@id\":\"https:\/\/www.topguide24.com\/es\/todos-los-destinos\/#primaryimage\",\"url\":\"https:\/\/www.topguide24.com\/es\/wp-content\/uploads\/2024\/02\/Reiseziele.jpg\",\"contentUrl\":\"https:\/\/www.topguide24.com\/es\/wp-content\/uploads\/2024\/02\/Reiseziele.jpg\",\"width\":1920,\"height\":587},{\"@type\":\"BreadcrumbList\",\"@id\":\"https:\/\/www.topguide24.com\/es\/todos-los-destinos\/#breadcrumb\",\"itemListElement\":[{\"@type\":\"ListItem\",\"position\":1,\"name\":\"Portada\",\"item\":\"https:\/\/www.topguide24.com\/es\/\"},{\"@type\":\"ListItem\",\"position\":2,\"name\":\"Todos los destinos\"}]},{\"@type\":\"WebSite\",\"@id\":\"https:\/\/www.topguide24.com\/es\/#website\",\"url\":\"https:\/\/www.topguide24.com\/es\/\",\"name\":\"Topguide24.com\",\"description\":\"Reserve viajes, tours y actividades\",\"potentialAction\":[{\"@type\":\"SearchAction\",\"target\":{\"@type\":\"EntryPoint\",\"urlTemplate\":\"https:\/\/www.topguide24.com\/es\/?s={search_term_string}\"},\"query-input\":{\"@type\":\"PropertyValueSpecification\",\"valueRequired\":true,\"valueName\":\"search_term_string\"}}],\"inLanguage\":\"es\"}]}<\/script>\n<!-- \/ Yoast SEO plugin. -->","yoast_head_json":{"title":"Todos los destinos &#187; Topguide24.com","robots":{"index":"index","follow":"follow","max-snippet":"max-snippet:-1","max-image-preview":"max-image-preview:large","max-video-preview":"max-video-preview:-1"},"canonical":"https:\/\/www.topguide24.com\/es\/todos-los-destinos\/","og_locale":"es_ES","og_type":"article","og_title":"Todos los destinos &#187; Topguide24.com","og_description":"Am\u00e9rica del Norte Antigua y Barbuda Bahamas Belice Canad\u00e1 Costa Rica El Salvador Estados Unidos Groenlandia Guatemala Jamaica M\u00e9xico Nicaragua Panam\u00e1 Puerto Rico Rep\u00fablica Dominicana Sinnt Maarten San Vicente y las Granadinas Am\u00e9rica del Sur Argentina Bolivia Brasil Colombia Chile Ecuador Guyana Honduras Paraguay Per\u00fa Surinam Uruguay Venezuela Europa Albania Alemania Austria B\u00e9lgica Bielorrusia Bosnia [&hellip;]","og_url":"https:\/\/www.topguide24.com\/es\/todos-los-destinos\/","og_site_name":"Topguide24.com","article_publisher":"https:\/\/www.facebook.com\/topguide24\/","article_modified_time":"2024-02-22T23:11:17+00:00","og_image":[{"width":1920,"height":587,"url":"https:\/\/www.topguide24.com\/es\/wp-content\/uploads\/2024\/02\/Reiseziele.jpg","type":"image\/jpeg"}],"twitter_card":"summary_large_image","twitter_site":"@topguide24","twitter_misc":{"Tiempo de lectura":"1 minuto"},"schema":{"@context":"https:\/\/schema.org","@graph":[{"@type":"WebPage","@id":"https:\/\/www.topguide24.com\/es\/todos-los-destinos\/","url":"https:\/\/www.topguide24.com\/es\/todos-los-destinos\/","name":"Todos los destinos &#187; Topguide24.com","isPartOf":{"@id":"https:\/\/www.topguide24.com\/es\/#website"},"primaryImageOfPage":{"@id":"https:\/\/www.topguide24.com\/es\/todos-los-destinos\/#primaryimage"},"image":{"@id":"https:\/\/www.topguide24.com\/es\/todos-los-destinos\/#primaryimage"},"thumbnailUrl":"https:\/\/www.topguide24.com\/es\/wp-content\/uploads\/2024\/02\/Reiseziele.jpg","datePublished":"2016-06-21T20:37:45+00:00","dateModified":"2024-02-22T23:11:17+00:00","breadcrumb":{"@id":"https:\/\/www.topguide24.com\/es\/todos-los-destinos\/#breadcrumb"},"inLanguage":"es","potentialAction":[{"@type":"ReadAction","target":["https:\/\/www.topguide24.com\/es\/todos-los-destinos\/"]}]},{"@type":"ImageObject","inLanguage":"es","@id":"https:\/\/www.topguide24.com\/es\/todos-los-destinos\/#primaryimage","url":"https:\/\/www.topguide24.com\/es\/wp-content\/uploads\/2024\/02\/Reiseziele.jpg","contentUrl":"https:\/\/www.topguide24.com\/es\/wp-content\/uploads\/2024\/02\/Reiseziele.jpg","width":1920,"height":587},{"@type":"BreadcrumbList","@id":"https:\/\/www.topguide24.com\/es\/todos-los-destinos\/#breadcrumb","itemListElement":[{"@type":"ListItem","position":1,"name":"Portada","item":"https:\/\/www.topguide24.com\/es\/"},{"@type":"ListItem","position":2,"name":"Todos los destinos"}]},{"@type":"WebSite","@id":"https:\/\/www.topguide24.com\/es\/#website","url":"https:\/\/www.topguide24.com\/es\/","name":"Topguide24.com","description":"Reserve viajes, tours y actividades","potentialAction":[{"@type":"SearchAction","target":{"@type":"EntryPoint","urlTemplate":"https:\/\/www.topguide24.com\/es\/?s={search_term_string}"},"query-input":{"@type":"PropertyValueSpecification","valueRequired":true,"valueName":"search_term_string"}}],"inLanguage":"es"}]}},"post_mailing_queue_ids":[],"_links":{"self":[{"href":"https:\/\/www.topguide24.com\/es\/wp-json\/wp\/v2\/pages\/1383","targetHints":{"allow":["GET"]}}],"collection":[{"href":"https:\/\/www.topguide24.com\/es\/wp-json\/wp\/v2\/pages"}],"about":[{"href":"https:\/\/www.topguide24.com\/es\/wp-json\/wp\/v2\/types\/page"}],"author":[{"embeddable":true,"href":"https:\/\/www.topguide24.com\/es\/wp-json\/wp\/v2\/users\/1"}],"replies":[{"embeddable":true,"href":"https:\/\/www.topguide24.com\/es\/wp-json\/wp\/v2\/comments?post=1383"}],"version-history":[{"count":12,"href":"https:\/\/www.topguide24.com\/es\/wp-json\/wp\/v2\/pages\/1383\/revisions"}],"predecessor-version":[{"id":8924,"href":"https:\/\/www.topguide24.com\/es\/wp-json\/wp\/v2\/pages\/1383\/revisions\/8924"}],"wp:featuredmedia":[{"embeddable":true,"href":"https:\/\/www.topguide24.com\/es\/wp-json\/wp\/v2\/media\/8933"}],"wp:attachment":[{"href":"https:\/\/www.topguide24.com\/es\/wp-json\/wp\/v2\/media?parent=1383"}],"curies":[{"name":"wp","href":"https:\/\/api.w.org\/{rel}","templated":true}]}}