{"id":1750,"date":"2016-09-12T21:47:38","date_gmt":"2016-09-12T19:47:38","guid":{"rendered":"http:\/\/www.topguide24.com\/es\/?page_id=1750"},"modified":"2018-04-03T22:27:27","modified_gmt":"2018-04-03T20:27:27","slug":"excursiones-sidney","status":"publish","type":"page","link":"https:\/\/www.topguide24.com\/es\/todos-los-destinos\/excursiones-sidney\/","title":{"rendered":"Excursiones S\u00eddney"},"content":{"rendered":"<p>S\u00eddney, la ciudad m\u00e1s grande de Australia, es un destino popular que ofrece una gran oferta de actividades a sus visitantes. S\u00eddney sorprende con una serie de actividades a f\u00e1cil alcance; puede ir a ver ballenas por la ma\u00f1ana y explorar la Monta\u00f1a Azul por la tarde mientras termine el d\u00eda con una cena en la playa m\u00e1s famosa, Bondi Beach.<br \/>\nTambi\u00e9n es conocida como cuidad portuaria debido a su ubicaci\u00f3n y su entorno de aguas abiertas. Gracias a su geograf\u00eda \u00fanica es una imagen que se reconoce al instante por todo el mundo. La obra arquitect\u00f3nica m\u00e1s famosa de Australia es sin duda el edificio de la \u00d3pera de S\u00eddney que se encuentra al lado del puente del puerto que une la parte norte y sur de la ciudad. <\/p>\n<p>Personas atrevidas pueden disfrutar de una vista \u00fanica de la ciudad mientras participan en una escalada en el puente del puerto. Escaladores profesionales ofrecen excursiones a grupos de visitantes que quieren disfrutas de asombrosas vistas de la ciudad desde 400 pies de altura. Los gu\u00edas ofrecen una orientaci\u00f3n profesional, seguridad y conversaciones interesantes mientras est\u00e1n disfrutando del tour. <\/p>\n<p>Para los que quieren ver la ciudad de una manera m\u00e1s relajada, S\u00eddney ofrece gracias a sus v\u00edas naturales de navegaci\u00f3n y f\u00e1cil acceso a alta mar la posibilidad de hacer una traves\u00eda en barco. Pueden elegir entre una gran variedad de actividades: de traves\u00edas en el puerto hasta excursiones en alta mar con la posibilidad de ver ballenas y delfines. Las cenas a la hora de la puesta de sol tambi\u00e9n son muy populares. De esta manera tienen la posibilidad de disfrutar una cena de primera calidad con fascinantes vistas crepusculares de la ciudad. <\/p>\n<p>En las afueras de la ciudad se encuentra el Parque Nacional \u00abBlue Mountains\u00bb, el Patrimonio Mundial de la Humanidad que ofrece lo mejor de la Australia salvaje a poca distancia de la ciudad. Carreteras y senderos rodeados de profundo bosque y la reserva animal ofrecen vivir una experiencia \u00fanica con los animales de Australia y numerosos miradores para disfrutar de los montes de este maravilloso parque. Decide t\u00fa mismo c\u00f3mo explorar este parque, con excursiones guiadas de senderismo para los que quieren explorar de cerca, o tours en autob\u00fas que te ofrecen verlo todo de una manera m\u00e1s confortable. <\/p>\n<h4>Reservar Excursiones &#038; Actividades en S\u00eddney<\/h4>\n<p>Vacaciones para relajarte &#8211; Reserva tus excursiones, actividades y visita de monumentos en S\u00eddney c\u00f3modamente desde casa antes de comenzar el viaje.<br \/>\n<center><\/p>\n<div class=\"tour\">\n<div class=\"tour-link\"><a href=\"https:\/\/www.topguide24.com\/es\/tour\/australia\/sidney\/\">Compara m\u00e1s de 374 excursiones &#038; actividades en S\u00eddney!<\/a><\/div>\n<\/div>\n<p><\/center><\/p>\n","protected":false},"excerpt":{"rendered":"<p>S\u00eddney, la ciudad m\u00e1s grande de Australia, es un destino popular que ofrece una gran oferta de actividades a sus visitantes. S\u00eddney sorprende con una serie de actividades a f\u00e1cil alcance; puede ir a ver ballenas por la ma\u00f1ana y explorar la Monta\u00f1a Azul por la tarde mientras termine el d\u00eda con una cena en [&hellip;]<\/p>\n","protected":false},"author":1,"featured_media":4427,"parent":1383,"menu_order":0,"comment_status":"closed","ping_status":"closed","template":"","meta":{"footnotes":""},"class_list":["post-1750","page","type-page","status-publish","has-post-thumbnail","hentry"],"acf":[],"yoast_head":"<!-- This site is optimized with the Yoast SEO plugin v27.0 - https:\/\/yoast.com\/product\/yoast-seo-wordpress\/ -->\n<title>Excursiones &amp; Actividades en S\u00eddney &#187; Topguide24.com<\/title>\n<meta name=\"description\" content=\"Compare m\u00e1s de Compare m\u00e1s de 274 ofertas de excursiones &amp; actividades en S\u00eddney. Excursiones interesantes y tours informativos en S\u00eddney.\" \/>\n<meta name=\"robots\" content=\"index, follow, max-snippet:-1, max-image-preview:large, max-video-preview:-1\" \/>\n<link rel=\"canonical\" href=\"https:\/\/www.topguide24.com\/es\/todos-los-destinos\/excursiones-sidney\/\" \/>\n<meta property=\"og:locale\" content=\"es_ES\" \/>\n<meta property=\"og:type\" content=\"article\" \/>\n<meta property=\"og:title\" content=\"Excursiones &amp; Actividades en S\u00eddney &#187; Topguide24.com\" \/>\n<meta property=\"og:description\" content=\"Compare m\u00e1s de Compare m\u00e1s de 274 ofertas de excursiones &amp; actividades en S\u00eddney. Excursiones interesantes y tours informativos en S\u00eddney.\" \/>\n<meta property=\"og:url\" content=\"https:\/\/www.topguide24.com\/es\/todos-los-destinos\/excursiones-sidney\/\" \/>\n<meta property=\"og:site_name\" content=\"Topguide24.com\" \/>\n<meta property=\"article:publisher\" content=\"https:\/\/www.facebook.com\/topguide24\/\" \/>\n<meta property=\"article:modified_time\" content=\"2018-04-03T20:27:27+00:00\" \/>\n<meta property=\"og:image\" content=\"https:\/\/www.topguide24.com\/es\/wp-content\/uploads\/2018\/03\/Sydney-1.jpg\" \/>\n\t<meta property=\"og:image:width\" content=\"1900\" \/>\n\t<meta property=\"og:image:height\" content=\"400\" \/>\n\t<meta property=\"og:image:type\" content=\"image\/jpeg\" \/>\n<meta name=\"twitter:card\" content=\"summary_large_image\" \/>\n<meta name=\"twitter:site\" content=\"@topguide24\" \/>\n<meta name=\"twitter:label1\" content=\"Tiempo de lectura\" \/>\n\t<meta name=\"twitter:data1\" content=\"2 minutos\" \/>\n<script type=\"application\/ld+json\" class=\"yoast-schema-graph\">{\"@context\":\"https:\/\/schema.org\",\"@graph\":[{\"@type\":\"WebPage\",\"@id\":\"https:\/\/www.topguide24.com\/es\/todos-los-destinos\/excursiones-sidney\/\",\"url\":\"https:\/\/www.topguide24.com\/es\/todos-los-destinos\/excursiones-sidney\/\",\"name\":\"Excursiones & Actividades en S\u00eddney &#187; Topguide24.com\",\"isPartOf\":{\"@id\":\"https:\/\/www.topguide24.com\/es\/#website\"},\"primaryImageOfPage\":{\"@id\":\"https:\/\/www.topguide24.com\/es\/todos-los-destinos\/excursiones-sidney\/#primaryimage\"},\"image\":{\"@id\":\"https:\/\/www.topguide24.com\/es\/todos-los-destinos\/excursiones-sidney\/#primaryimage\"},\"thumbnailUrl\":\"https:\/\/www.topguide24.com\/es\/wp-content\/uploads\/2018\/03\/Sydney-1.jpg\",\"datePublished\":\"2016-09-12T19:47:38+00:00\",\"dateModified\":\"2018-04-03T20:27:27+00:00\",\"description\":\"Compare m\u00e1s de Compare m\u00e1s de 274 ofertas de excursiones & actividades en S\u00eddney. Excursiones interesantes y tours informativos en S\u00eddney.\",\"breadcrumb\":{\"@id\":\"https:\/\/www.topguide24.com\/es\/todos-los-destinos\/excursiones-sidney\/#breadcrumb\"},\"inLanguage\":\"es\",\"potentialAction\":[{\"@type\":\"ReadAction\",\"target\":[\"https:\/\/www.topguide24.com\/es\/todos-los-destinos\/excursiones-sidney\/\"]}]},{\"@type\":\"ImageObject\",\"inLanguage\":\"es\",\"@id\":\"https:\/\/www.topguide24.com\/es\/todos-los-destinos\/excursiones-sidney\/#primaryimage\",\"url\":\"https:\/\/www.topguide24.com\/es\/wp-content\/uploads\/2018\/03\/Sydney-1.jpg\",\"contentUrl\":\"https:\/\/www.topguide24.com\/es\/wp-content\/uploads\/2018\/03\/Sydney-1.jpg\",\"width\":1900,\"height\":400},{\"@type\":\"BreadcrumbList\",\"@id\":\"https:\/\/www.topguide24.com\/es\/todos-los-destinos\/excursiones-sidney\/#breadcrumb\",\"itemListElement\":[{\"@type\":\"ListItem\",\"position\":1,\"name\":\"Portada\",\"item\":\"https:\/\/www.topguide24.com\/es\/\"},{\"@type\":\"ListItem\",\"position\":2,\"name\":\"Todos los destinos\",\"item\":\"https:\/\/www.topguide24.com\/es\/todos-los-destinos\/\"},{\"@type\":\"ListItem\",\"position\":3,\"name\":\"Excursiones S\u00eddney\"}]},{\"@type\":\"WebSite\",\"@id\":\"https:\/\/www.topguide24.com\/es\/#website\",\"url\":\"https:\/\/www.topguide24.com\/es\/\",\"name\":\"Topguide24.com\",\"description\":\"Reserve viajes, tours y actividades\",\"potentialAction\":[{\"@type\":\"SearchAction\",\"target\":{\"@type\":\"EntryPoint\",\"urlTemplate\":\"https:\/\/www.topguide24.com\/es\/?s={search_term_string}\"},\"query-input\":{\"@type\":\"PropertyValueSpecification\",\"valueRequired\":true,\"valueName\":\"search_term_string\"}}],\"inLanguage\":\"es\"}]}<\/script>\n<!-- \/ Yoast SEO plugin. -->","yoast_head_json":{"title":"Excursiones & Actividades en S\u00eddney &#187; Topguide24.com","description":"Compare m\u00e1s de Compare m\u00e1s de 274 ofertas de excursiones & actividades en S\u00eddney. Excursiones interesantes y tours informativos en S\u00eddney.","robots":{"index":"index","follow":"follow","max-snippet":"max-snippet:-1","max-image-preview":"max-image-preview:large","max-video-preview":"max-video-preview:-1"},"canonical":"https:\/\/www.topguide24.com\/es\/todos-los-destinos\/excursiones-sidney\/","og_locale":"es_ES","og_type":"article","og_title":"Excursiones & Actividades en S\u00eddney &#187; Topguide24.com","og_description":"Compare m\u00e1s de Compare m\u00e1s de 274 ofertas de excursiones & actividades en S\u00eddney. Excursiones interesantes y tours informativos en S\u00eddney.","og_url":"https:\/\/www.topguide24.com\/es\/todos-los-destinos\/excursiones-sidney\/","og_site_name":"Topguide24.com","article_publisher":"https:\/\/www.facebook.com\/topguide24\/","article_modified_time":"2018-04-03T20:27:27+00:00","og_image":[{"width":1900,"height":400,"url":"https:\/\/www.topguide24.com\/es\/wp-content\/uploads\/2018\/03\/Sydney-1.jpg","type":"image\/jpeg"}],"twitter_card":"summary_large_image","twitter_site":"@topguide24","twitter_misc":{"Tiempo de lectura":"2 minutos"},"schema":{"@context":"https:\/\/schema.org","@graph":[{"@type":"WebPage","@id":"https:\/\/www.topguide24.com\/es\/todos-los-destinos\/excursiones-sidney\/","url":"https:\/\/www.topguide24.com\/es\/todos-los-destinos\/excursiones-sidney\/","name":"Excursiones & Actividades en S\u00eddney &#187; Topguide24.com","isPartOf":{"@id":"https:\/\/www.topguide24.com\/es\/#website"},"primaryImageOfPage":{"@id":"https:\/\/www.topguide24.com\/es\/todos-los-destinos\/excursiones-sidney\/#primaryimage"},"image":{"@id":"https:\/\/www.topguide24.com\/es\/todos-los-destinos\/excursiones-sidney\/#primaryimage"},"thumbnailUrl":"https:\/\/www.topguide24.com\/es\/wp-content\/uploads\/2018\/03\/Sydney-1.jpg","datePublished":"2016-09-12T19:47:38+00:00","dateModified":"2018-04-03T20:27:27+00:00","description":"Compare m\u00e1s de Compare m\u00e1s de 274 ofertas de excursiones & actividades en S\u00eddney. Excursiones interesantes y tours informativos en S\u00eddney.","breadcrumb":{"@id":"https:\/\/www.topguide24.com\/es\/todos-los-destinos\/excursiones-sidney\/#breadcrumb"},"inLanguage":"es","potentialAction":[{"@type":"ReadAction","target":["https:\/\/www.topguide24.com\/es\/todos-los-destinos\/excursiones-sidney\/"]}]},{"@type":"ImageObject","inLanguage":"es","@id":"https:\/\/www.topguide24.com\/es\/todos-los-destinos\/excursiones-sidney\/#primaryimage","url":"https:\/\/www.topguide24.com\/es\/wp-content\/uploads\/2018\/03\/Sydney-1.jpg","contentUrl":"https:\/\/www.topguide24.com\/es\/wp-content\/uploads\/2018\/03\/Sydney-1.jpg","width":1900,"height":400},{"@type":"BreadcrumbList","@id":"https:\/\/www.topguide24.com\/es\/todos-los-destinos\/excursiones-sidney\/#breadcrumb","itemListElement":[{"@type":"ListItem","position":1,"name":"Portada","item":"https:\/\/www.topguide24.com\/es\/"},{"@type":"ListItem","position":2,"name":"Todos los destinos","item":"https:\/\/www.topguide24.com\/es\/todos-los-destinos\/"},{"@type":"ListItem","position":3,"name":"Excursiones S\u00eddney"}]},{"@type":"WebSite","@id":"https:\/\/www.topguide24.com\/es\/#website","url":"https:\/\/www.topguide24.com\/es\/","name":"Topguide24.com","description":"Reserve viajes, tours y actividades","potentialAction":[{"@type":"SearchAction","target":{"@type":"EntryPoint","urlTemplate":"https:\/\/www.topguide24.com\/es\/?s={search_term_string}"},"query-input":{"@type":"PropertyValueSpecification","valueRequired":true,"valueName":"search_term_string"}}],"inLanguage":"es"}]}},"post_mailing_queue_ids":[],"_links":{"self":[{"href":"https:\/\/www.topguide24.com\/es\/wp-json\/wp\/v2\/pages\/1750","targetHints":{"allow":["GET"]}}],"collection":[{"href":"https:\/\/www.topguide24.com\/es\/wp-json\/wp\/v2\/pages"}],"about":[{"href":"https:\/\/www.topguide24.com\/es\/wp-json\/wp\/v2\/types\/page"}],"author":[{"embeddable":true,"href":"https:\/\/www.topguide24.com\/es\/wp-json\/wp\/v2\/users\/1"}],"replies":[{"embeddable":true,"href":"https:\/\/www.topguide24.com\/es\/wp-json\/wp\/v2\/comments?post=1750"}],"version-history":[{"count":3,"href":"https:\/\/www.topguide24.com\/es\/wp-json\/wp\/v2\/pages\/1750\/revisions"}],"predecessor-version":[{"id":4451,"href":"https:\/\/www.topguide24.com\/es\/wp-json\/wp\/v2\/pages\/1750\/revisions\/4451"}],"up":[{"embeddable":true,"href":"https:\/\/www.topguide24.com\/es\/wp-json\/wp\/v2\/pages\/1383"}],"wp:featuredmedia":[{"embeddable":true,"href":"https:\/\/www.topguide24.com\/es\/wp-json\/wp\/v2\/media\/4427"}],"wp:attachment":[{"href":"https:\/\/www.topguide24.com\/es\/wp-json\/wp\/v2\/media?parent=1750"}],"curies":[{"name":"wp","href":"https:\/\/api.w.org\/{rel}","templated":true}]}}