{"id":1753,"date":"2016-09-12T21:53:10","date_gmt":"2016-09-12T19:53:10","guid":{"rendered":"http:\/\/www.topguide24.com\/es\/?page_id=1753"},"modified":"2018-04-03T22:22:37","modified_gmt":"2018-04-03T20:22:37","slug":"excursiones-amsterdam","status":"publish","type":"page","link":"https:\/\/www.topguide24.com\/es\/todos-los-destinos\/excursiones-amsterdam\/","title":{"rendered":"Excursiones Amsterdam"},"content":{"rendered":"<p>La capital de Holanda, Amsterdam, es una emblem\u00e1tica ciudad medieval famosa por sus canales, innumerables carriles bici, molinos de viento, tulipanes, arquitectura y su patrimonio art\u00edstico.<\/p>\n<p>Es dif\u00edcil saber como empezar a descubrir una ciudad donde hay tanto que ver. Por qu\u00e9 no visitar el A\u2019DAM Lookout que ha abierto hace poco. Se encuentra al lado del r\u00edo justo enfrente de \u00abCentraal Station\u00bb. En su plataforma panor\u00e1mica de 360\u00ba puedes disfrutar de vistas \u00fanicas sobre Amsterdam a 100 metros del suelo. Visite el centro hist\u00f3rico, granjas o los pueblos del norte y el lago \u00abIJsselmeer\u00bb en direcci\u00f3n este. En Agosto 2016 puedes visitar la exposici\u00f3n interactiva, que te da la oportunidad de subirte al columpio m\u00e1s alto de Europa, justo en el borde de la plataforma del mirador. <\/p>\n<p>Otras visitas tur\u00edsticas interesantes son la casa de Anne Frank, el museo de historia y arte \u00abRijksmuseum\u00bb, el museo Van Gogh, el \u00abVondelpark\u00bb, \u00abArtis Zoo\u00bb y \u00abCentraal Station\u00bb. Date un paseo por las peque\u00f1as calles y jardines clandestinos y respira el ambiente del \u00abThe Jordaan\u00bb (uno de los barrios m\u00e1s famosos de Holanda, construido en sus principios para la clase obrera). <\/p>\n<p>Amsterdam tambi\u00e9n se conoce como el Venecia del Norte. Pasa una tarde agradable con un paseo a lo largo del \u00abPrinsengracht\u00bb, el canal principal m\u00e1s largo de Amsterdam. Disfruta de su arquitectura \u00fanica con edificios como por ejemplo el \u00abWesterkerk\u00bb (la iglesia m\u00e1s grande de Amsterdam), la casa de Anne Frank o el \u00abNoordermarkt\u00bb (mercado del norte).<\/p>\n<p>Haz un tours en bicicleta y descubre la ciudad pedaleando. Gracias a su paisaje plano y muchos kil\u00f3metros de carril bici en toda la ciudad, se considera como una de las ciudades m\u00e1s populares para ir en bici &#8211; existen m\u00e1s de 800.000 bicicletas en Amsterdam!<\/p>\n<p>Adem\u00e1s ofrece Amsterdam numerosos tours, entre ellos son la Big Bus Tour (tour en autob\u00fas), Old Amsterdam (centro hist\u00f3rico Amsterdam), Red Light District Tour (tour por el barrio rojo) y tours en bicicleta o barco. Tambi\u00e9n puedes hacer tours especiales para aprender por ejemplo m\u00e1s sobre agricultura urbana, arquitectura, molinos de viento, la zona de astilleros, el Barrio Jud\u00edo de Amsterdam, la fotograf\u00eda y el subterr\u00e1neo. Para una experiencia \u00fanica se ofrecen tambi\u00e9n tours \u00abfuera de los caminos trillados\u00bb y \u00abcomo un residente\u00bb.<\/p>\n<h4>Reservar Excursiones &#038; Actividades en Amsterdam<\/h4>\n<p>Vacaciones para relajarte &#8211; Reserva tus excursiones, actividades y visita de monumentos en Amsterdam c\u00f3modamente desde casa antes de comenzar el viaje.<br \/>\n<center><\/p>\n<div class=\"tour\">\n<div class=\"tour-link\"><a href=\"https:\/\/www.topguide24.com\/es\/tour\/paises-bajos\/amsterdam\/\">Compara m\u00e1s de 302 excursiones &#038; actividades en Amsterdam!<\/a><\/div>\n<\/div>\n<p><\/center><\/p>\n","protected":false},"excerpt":{"rendered":"<p>La capital de Holanda, Amsterdam, es una emblem\u00e1tica ciudad medieval famosa por sus canales, innumerables carriles bici, molinos de viento, tulipanes, arquitectura y su patrimonio art\u00edstico. Es dif\u00edcil saber como empezar a descubrir una ciudad donde hay tanto que ver. Por qu\u00e9 no visitar el A\u2019DAM Lookout que ha abierto hace poco. Se encuentra al [&hellip;]<\/p>\n","protected":false},"author":1,"featured_media":4369,"parent":1383,"menu_order":0,"comment_status":"closed","ping_status":"closed","template":"","meta":{"footnotes":""},"class_list":["post-1753","page","type-page","status-publish","has-post-thumbnail","hentry"],"acf":[],"yoast_head":"<!-- This site is optimized with the Yoast SEO plugin v27.0 - https:\/\/yoast.com\/product\/yoast-seo-wordpress\/ -->\n<title>Excursiones &amp; Actividades en Amsterdam &#187; Topguide24.com<\/title>\n<meta name=\"description\" content=\"Compare m\u00e1s de Compare m\u00e1s de 302 ofertas de excursiones &amp; actividades en Amsterdam. Excursiones interesantes y tours informativos en Amsterdam.\" \/>\n<meta name=\"robots\" content=\"index, follow, max-snippet:-1, max-image-preview:large, max-video-preview:-1\" \/>\n<link rel=\"canonical\" href=\"https:\/\/www.topguide24.com\/es\/todos-los-destinos\/excursiones-amsterdam\/\" \/>\n<meta property=\"og:locale\" content=\"es_ES\" \/>\n<meta property=\"og:type\" content=\"article\" \/>\n<meta property=\"og:title\" content=\"Excursiones &amp; Actividades en Amsterdam &#187; Topguide24.com\" \/>\n<meta property=\"og:description\" content=\"Compare m\u00e1s de Compare m\u00e1s de 302 ofertas de excursiones &amp; actividades en Amsterdam. Excursiones interesantes y tours informativos en Amsterdam.\" \/>\n<meta property=\"og:url\" content=\"https:\/\/www.topguide24.com\/es\/todos-los-destinos\/excursiones-amsterdam\/\" \/>\n<meta property=\"og:site_name\" content=\"Topguide24.com\" \/>\n<meta property=\"article:publisher\" content=\"https:\/\/www.facebook.com\/topguide24\/\" \/>\n<meta property=\"article:modified_time\" content=\"2018-04-03T20:22:37+00:00\" \/>\n<meta property=\"og:image\" content=\"https:\/\/www.topguide24.com\/es\/wp-content\/uploads\/2018\/03\/Amsterdam-1.jpg\" \/>\n\t<meta property=\"og:image:width\" content=\"1900\" \/>\n\t<meta property=\"og:image:height\" content=\"400\" \/>\n\t<meta property=\"og:image:type\" content=\"image\/jpeg\" \/>\n<meta name=\"twitter:card\" content=\"summary_large_image\" \/>\n<meta name=\"twitter:site\" content=\"@topguide24\" \/>\n<meta name=\"twitter:label1\" content=\"Tiempo de lectura\" \/>\n\t<meta name=\"twitter:data1\" content=\"2 minutos\" \/>\n<script type=\"application\/ld+json\" class=\"yoast-schema-graph\">{\"@context\":\"https:\/\/schema.org\",\"@graph\":[{\"@type\":\"WebPage\",\"@id\":\"https:\/\/www.topguide24.com\/es\/todos-los-destinos\/excursiones-amsterdam\/\",\"url\":\"https:\/\/www.topguide24.com\/es\/todos-los-destinos\/excursiones-amsterdam\/\",\"name\":\"Excursiones & Actividades en Amsterdam &#187; Topguide24.com\",\"isPartOf\":{\"@id\":\"https:\/\/www.topguide24.com\/es\/#website\"},\"primaryImageOfPage\":{\"@id\":\"https:\/\/www.topguide24.com\/es\/todos-los-destinos\/excursiones-amsterdam\/#primaryimage\"},\"image\":{\"@id\":\"https:\/\/www.topguide24.com\/es\/todos-los-destinos\/excursiones-amsterdam\/#primaryimage\"},\"thumbnailUrl\":\"https:\/\/www.topguide24.com\/es\/wp-content\/uploads\/2018\/03\/Amsterdam-1.jpg\",\"datePublished\":\"2016-09-12T19:53:10+00:00\",\"dateModified\":\"2018-04-03T20:22:37+00:00\",\"description\":\"Compare m\u00e1s de Compare m\u00e1s de 302 ofertas de excursiones & actividades en Amsterdam. Excursiones interesantes y tours informativos en Amsterdam.\",\"breadcrumb\":{\"@id\":\"https:\/\/www.topguide24.com\/es\/todos-los-destinos\/excursiones-amsterdam\/#breadcrumb\"},\"inLanguage\":\"es\",\"potentialAction\":[{\"@type\":\"ReadAction\",\"target\":[\"https:\/\/www.topguide24.com\/es\/todos-los-destinos\/excursiones-amsterdam\/\"]}]},{\"@type\":\"ImageObject\",\"inLanguage\":\"es\",\"@id\":\"https:\/\/www.topguide24.com\/es\/todos-los-destinos\/excursiones-amsterdam\/#primaryimage\",\"url\":\"https:\/\/www.topguide24.com\/es\/wp-content\/uploads\/2018\/03\/Amsterdam-1.jpg\",\"contentUrl\":\"https:\/\/www.topguide24.com\/es\/wp-content\/uploads\/2018\/03\/Amsterdam-1.jpg\",\"width\":1900,\"height\":400},{\"@type\":\"BreadcrumbList\",\"@id\":\"https:\/\/www.topguide24.com\/es\/todos-los-destinos\/excursiones-amsterdam\/#breadcrumb\",\"itemListElement\":[{\"@type\":\"ListItem\",\"position\":1,\"name\":\"Portada\",\"item\":\"https:\/\/www.topguide24.com\/es\/\"},{\"@type\":\"ListItem\",\"position\":2,\"name\":\"Todos los destinos\",\"item\":\"https:\/\/www.topguide24.com\/es\/todos-los-destinos\/\"},{\"@type\":\"ListItem\",\"position\":3,\"name\":\"Excursiones Amsterdam\"}]},{\"@type\":\"WebSite\",\"@id\":\"https:\/\/www.topguide24.com\/es\/#website\",\"url\":\"https:\/\/www.topguide24.com\/es\/\",\"name\":\"Topguide24.com\",\"description\":\"Reserve viajes, tours y actividades\",\"potentialAction\":[{\"@type\":\"SearchAction\",\"target\":{\"@type\":\"EntryPoint\",\"urlTemplate\":\"https:\/\/www.topguide24.com\/es\/?s={search_term_string}\"},\"query-input\":{\"@type\":\"PropertyValueSpecification\",\"valueRequired\":true,\"valueName\":\"search_term_string\"}}],\"inLanguage\":\"es\"}]}<\/script>\n<!-- \/ Yoast SEO plugin. -->","yoast_head_json":{"title":"Excursiones & Actividades en Amsterdam &#187; Topguide24.com","description":"Compare m\u00e1s de Compare m\u00e1s de 302 ofertas de excursiones & actividades en Amsterdam. Excursiones interesantes y tours informativos en Amsterdam.","robots":{"index":"index","follow":"follow","max-snippet":"max-snippet:-1","max-image-preview":"max-image-preview:large","max-video-preview":"max-video-preview:-1"},"canonical":"https:\/\/www.topguide24.com\/es\/todos-los-destinos\/excursiones-amsterdam\/","og_locale":"es_ES","og_type":"article","og_title":"Excursiones & Actividades en Amsterdam &#187; Topguide24.com","og_description":"Compare m\u00e1s de Compare m\u00e1s de 302 ofertas de excursiones & actividades en Amsterdam. Excursiones interesantes y tours informativos en Amsterdam.","og_url":"https:\/\/www.topguide24.com\/es\/todos-los-destinos\/excursiones-amsterdam\/","og_site_name":"Topguide24.com","article_publisher":"https:\/\/www.facebook.com\/topguide24\/","article_modified_time":"2018-04-03T20:22:37+00:00","og_image":[{"width":1900,"height":400,"url":"https:\/\/www.topguide24.com\/es\/wp-content\/uploads\/2018\/03\/Amsterdam-1.jpg","type":"image\/jpeg"}],"twitter_card":"summary_large_image","twitter_site":"@topguide24","twitter_misc":{"Tiempo de lectura":"2 minutos"},"schema":{"@context":"https:\/\/schema.org","@graph":[{"@type":"WebPage","@id":"https:\/\/www.topguide24.com\/es\/todos-los-destinos\/excursiones-amsterdam\/","url":"https:\/\/www.topguide24.com\/es\/todos-los-destinos\/excursiones-amsterdam\/","name":"Excursiones & Actividades en Amsterdam &#187; Topguide24.com","isPartOf":{"@id":"https:\/\/www.topguide24.com\/es\/#website"},"primaryImageOfPage":{"@id":"https:\/\/www.topguide24.com\/es\/todos-los-destinos\/excursiones-amsterdam\/#primaryimage"},"image":{"@id":"https:\/\/www.topguide24.com\/es\/todos-los-destinos\/excursiones-amsterdam\/#primaryimage"},"thumbnailUrl":"https:\/\/www.topguide24.com\/es\/wp-content\/uploads\/2018\/03\/Amsterdam-1.jpg","datePublished":"2016-09-12T19:53:10+00:00","dateModified":"2018-04-03T20:22:37+00:00","description":"Compare m\u00e1s de Compare m\u00e1s de 302 ofertas de excursiones & actividades en Amsterdam. Excursiones interesantes y tours informativos en Amsterdam.","breadcrumb":{"@id":"https:\/\/www.topguide24.com\/es\/todos-los-destinos\/excursiones-amsterdam\/#breadcrumb"},"inLanguage":"es","potentialAction":[{"@type":"ReadAction","target":["https:\/\/www.topguide24.com\/es\/todos-los-destinos\/excursiones-amsterdam\/"]}]},{"@type":"ImageObject","inLanguage":"es","@id":"https:\/\/www.topguide24.com\/es\/todos-los-destinos\/excursiones-amsterdam\/#primaryimage","url":"https:\/\/www.topguide24.com\/es\/wp-content\/uploads\/2018\/03\/Amsterdam-1.jpg","contentUrl":"https:\/\/www.topguide24.com\/es\/wp-content\/uploads\/2018\/03\/Amsterdam-1.jpg","width":1900,"height":400},{"@type":"BreadcrumbList","@id":"https:\/\/www.topguide24.com\/es\/todos-los-destinos\/excursiones-amsterdam\/#breadcrumb","itemListElement":[{"@type":"ListItem","position":1,"name":"Portada","item":"https:\/\/www.topguide24.com\/es\/"},{"@type":"ListItem","position":2,"name":"Todos los destinos","item":"https:\/\/www.topguide24.com\/es\/todos-los-destinos\/"},{"@type":"ListItem","position":3,"name":"Excursiones Amsterdam"}]},{"@type":"WebSite","@id":"https:\/\/www.topguide24.com\/es\/#website","url":"https:\/\/www.topguide24.com\/es\/","name":"Topguide24.com","description":"Reserve viajes, tours y actividades","potentialAction":[{"@type":"SearchAction","target":{"@type":"EntryPoint","urlTemplate":"https:\/\/www.topguide24.com\/es\/?s={search_term_string}"},"query-input":{"@type":"PropertyValueSpecification","valueRequired":true,"valueName":"search_term_string"}}],"inLanguage":"es"}]}},"post_mailing_queue_ids":[],"_links":{"self":[{"href":"https:\/\/www.topguide24.com\/es\/wp-json\/wp\/v2\/pages\/1753","targetHints":{"allow":["GET"]}}],"collection":[{"href":"https:\/\/www.topguide24.com\/es\/wp-json\/wp\/v2\/pages"}],"about":[{"href":"https:\/\/www.topguide24.com\/es\/wp-json\/wp\/v2\/types\/page"}],"author":[{"embeddable":true,"href":"https:\/\/www.topguide24.com\/es\/wp-json\/wp\/v2\/users\/1"}],"replies":[{"embeddable":true,"href":"https:\/\/www.topguide24.com\/es\/wp-json\/wp\/v2\/comments?post=1753"}],"version-history":[{"count":2,"href":"https:\/\/www.topguide24.com\/es\/wp-json\/wp\/v2\/pages\/1753\/revisions"}],"predecessor-version":[{"id":4442,"href":"https:\/\/www.topguide24.com\/es\/wp-json\/wp\/v2\/pages\/1753\/revisions\/4442"}],"up":[{"embeddable":true,"href":"https:\/\/www.topguide24.com\/es\/wp-json\/wp\/v2\/pages\/1383"}],"wp:featuredmedia":[{"embeddable":true,"href":"https:\/\/www.topguide24.com\/es\/wp-json\/wp\/v2\/media\/4369"}],"wp:attachment":[{"href":"https:\/\/www.topguide24.com\/es\/wp-json\/wp\/v2\/media?parent=1753"}],"curies":[{"name":"wp","href":"https:\/\/api.w.org\/{rel}","templated":true}]}}