{"id":3497,"date":"2017-06-14T23:19:29","date_gmt":"2017-06-14T21:19:29","guid":{"rendered":"http:\/\/www.topguide24.com\/es\/?page_id=3497"},"modified":"2024-01-07T21:45:59","modified_gmt":"2024-01-07T20:45:59","slug":"start","status":"publish","type":"page","link":"https:\/\/www.topguide24.com\/es\/start\/","title":{"rendered":""},"content":{"rendered":"<style>\n#breadcrumbs{display:none;}<\/p>\n<\/style>\n<div class=\"containers\" style=\"padding: 1px;\">\n<div class=\"col-md-12 col-sm-12 addpad5p\" style=\"text-align: center;\">\n<h1 class=\"pop-head\">DESTINOS POPULARES<\/h1>\n\n<section id=\"features\" class=\"wide\">\n<h1 class=\"pop-head\">TOURS GUIADOS, EXCURSIONES Y ACTIVIDADES<\/h1>\n<div id=\"Home_text\">\u00a1Descubre m\u00e1s de 350 000 experiencias en todo el mundo y compara y reserva las mejores excursiones y actividades para las vacaciones de tus sue\u00f1os con Topguide24!<\/div>\n<\/section>\n<\/div>\n<div class=\"col-md-12 col-sm-12 addpad5p\" style=\"text-align: center;\">\n<h1 class=\"pop-head\">ATRACCIONES TUR\u00cdSTICAS POPULARES<\/h1>\n<\/div>\n<div class=\"col-sm-12 col-md-12 addpad5p\">\n<section id=\"features\" class=\"wide\">\n<div class=\"row feature-boxes\">\n      <center><\/p>\n<h1 class=\"pop-head\">\u00bfPOR QU\u00c9 TOPGUIDE24?<\/h1>\n<p><\/center><\/p>\n<ul>\n<li class=\"feature-box\">\n<div class=\"feature-box-icon\">\n            <i class=\"fa fa-search\"><\/i>\n          <\/div>\n<div class=\"feature-box-text\">\n<h4>Una selecci\u00f3n amplia<\/h4>\n<p>            B\u00fasqueda r\u00e1pida en diferentes sitios web de las mejores excursiones y actividades en todo el mundo.\n          <\/p><\/div>\n<\/li>\n<li class=\"feature-box\">\n<div class=\"feature-box-icon\">\n            <i class=\"fa fa-filter\"><\/i>\n          <\/div>\n<div class=\"feature-box-text\">\n<h4>Perfecci\u00f3n<\/h4>\n<p>            Varias opciones de filtrado y clasificaci\u00f3n para encontrar la activudad perfecta.\n          <\/p><\/div>\n<\/li>\n<li class=\"feature-box\">\n<div class=\"feature-box-icon\">\n            <i class=\"fa fa-handshake-o\"><\/i>\n          <\/div>\n<div class=\"feature-box-text\">\n<h4>Flexible<\/h4>\n<p>              Con posibilidad de cancelar muchos productos de forma gratuita hasta 24 horas antes del comienzo.\n          <\/p><\/div>\n<\/li>\n<\/ul><\/div>\n<\/section>\n<\/div>\n<div class=\"col-md-12 col-sm-12 addpad5p\" style=\"text-align: center;\">\n<h1 class=\"pop-head\">BELIEBTE AUSFL\u00dcGE<\/h1>\n<div class=\"widget_tag_cloud\"><a href=\"..\/tour\/islandia\/reikiavik\/?_keyword_search=bus\">Tour de autob\u00fas Reikiavik <\/a> <a href=\"..\/tour\/francia\/paris\/?_keyword_search=Louvre\">Museo del Louvre Par\u00eds<\/a> <a href=\"..\/tour\/emiratos-arabes-unidos\/dubai\/?_keyword_search=audio\">Dub\u00e1i audio autoguiado<\/a> <a href=\"..\/tour\/paises-bajos\/amsterdam\/?_keyword_search=card\">City Cards \u00c1msterdam<\/a> <a href=\"..\/tour\/italia\/roma\/?_keyword_search=ticket\">Tickets de acceso Roma<\/a> <a href=\"..\/tour\/italia\/venecia\/?_keyword_search=g\u00f3ndola\">Paseo en g\u00f3ndola Venecia<\/a> <a href=\"..\/tour\/alemania\/berlin\/?_keyword_search=segway\">Segway Berl\u00edn<\/a> <a href=\"..\/tour\/italia\/florencia\/?_keyword_search=free\">Free Tours Florencia<\/a> <a href=\"..\/tour\/espana\/barcelona\/?_keyword_search=hop-on\">Hop-On\/Hop-Off Bus Barcelona<\/a> <a href=\"..\/tour\/italia\/pompeya\/?_keyword_search=Pompeya\">Pompeya<\/a> <a href=\"..\/tour\/malta\/la-valeta\/?_keyword_search=Laguna+Azul\">Laguna Azul Malta<\/a> <a href=\"..\/tour\/espana\/mallorca\/?_keyword=crucero\">Paseo en barco Mallorca<\/a> <a href=\"..\/tour\/espana\/tenerife\/?_keyword_search=kayak\">Tour en kayak Tenerife<\/a> <a href=\"..\/tour\/italia\/roma\/?_keyword_search=&#038;_keyword=transfer\">Transferencia Roma<\/a> <a href=\"..\/tour\/turquia\/capadocia\/?_keyword_search=globo\">Vuelo en globo Capadocia<\/a> <a href=\"..\/tour\/italia\/roma\/?_keyword_search=Museos+Vaticanos\">Museos Vaticanos<\/a> <a href=\"..\/tour\/espana\/barcelona\/?_keyword_search=Sagrada+Familia\">Sagrada Familia<\/a> <a href=\"..\/tour\/paises-bajos\/amsterdam\/?_keyword_search=Frank\">Ana Frank \u00c1msterdam<\/a>\n<\/div>\n","protected":false},"excerpt":{"rendered":"<p>DESTINOS POPULARES TOURS GUIADOS, EXCURSIONES Y ACTIVIDADES \u00a1Descubre m\u00e1s de 350 000 experiencias en todo el mundo y compara y reserva las mejores excursiones y actividades para las vacaciones de tus sue\u00f1os con Topguide24! ATRACCIONES TUR\u00cdSTICAS POPULARES \u00bfPOR QU\u00c9 TOPGUIDE24? Una selecci\u00f3n amplia B\u00fasqueda r\u00e1pida en diferentes sitios web de las mejores excursiones y actividades [&hellip;]<\/p>\n","protected":false},"author":1,"featured_media":0,"parent":0,"menu_order":0,"comment_status":"closed","ping_status":"closed","template":"page_kreuzfahrtausfluege-landausfluege.php","meta":{"footnotes":""},"class_list":["post-3497","page","type-page","status-publish","hentry"],"acf":[],"yoast_head":"<!-- This site is optimized with the Yoast SEO plugin v27.0 - https:\/\/yoast.com\/product\/yoast-seo-wordpress\/ -->\n<title>Viajes, tours y actividades &#187; Topguide24.com<\/title>\n<meta name=\"description\" content=\"Compare y reserve sus viajes y actividades de forma online\" \/>\n<meta name=\"robots\" content=\"noindex, follow\" \/>\n<meta property=\"og:locale\" content=\"es_ES\" \/>\n<meta property=\"og:type\" content=\"article\" \/>\n<meta property=\"og:title\" content=\"Viajes, tours y actividades &#187; Topguide24.com\" \/>\n<meta property=\"og:description\" content=\"Compare y reserve sus viajes y actividades de forma online\" \/>\n<meta property=\"og:url\" content=\"https:\/\/www.topguide24.com\/es\/start\/\" \/>\n<meta property=\"og:site_name\" content=\"Topguide24.com\" \/>\n<meta property=\"article:publisher\" content=\"https:\/\/www.facebook.com\/topguide24\/\" \/>\n<meta property=\"article:modified_time\" content=\"2024-01-07T20:45:59+00:00\" \/>\n<meta name=\"twitter:card\" content=\"summary_large_image\" \/>\n<meta name=\"twitter:site\" content=\"@topguide24\" \/>\n<meta name=\"twitter:label1\" content=\"Tiempo de lectura\" \/>\n\t<meta name=\"twitter:data1\" content=\"1 minuto\" \/>\n<script type=\"application\/ld+json\" class=\"yoast-schema-graph\">{\"@context\":\"https:\/\/schema.org\",\"@graph\":[{\"@type\":\"WebPage\",\"@id\":\"https:\/\/www.topguide24.com\/es\/start\/\",\"url\":\"https:\/\/www.topguide24.com\/es\/start\/\",\"name\":\"Viajes, tours y actividades &#187; Topguide24.com\",\"isPartOf\":{\"@id\":\"https:\/\/www.topguide24.com\/es\/#website\"},\"datePublished\":\"2017-06-14T21:19:29+00:00\",\"dateModified\":\"2024-01-07T20:45:59+00:00\",\"description\":\"Compare y reserve sus viajes y actividades de forma online\",\"inLanguage\":\"es\",\"potentialAction\":[{\"@type\":\"ReadAction\",\"target\":[\"https:\/\/www.topguide24.com\/es\/start\/\"]}]},{\"@type\":\"WebSite\",\"@id\":\"https:\/\/www.topguide24.com\/es\/#website\",\"url\":\"https:\/\/www.topguide24.com\/es\/\",\"name\":\"Topguide24.com\",\"description\":\"Reserve viajes, tours y actividades\",\"potentialAction\":[{\"@type\":\"SearchAction\",\"target\":{\"@type\":\"EntryPoint\",\"urlTemplate\":\"https:\/\/www.topguide24.com\/es\/?s={search_term_string}\"},\"query-input\":{\"@type\":\"PropertyValueSpecification\",\"valueRequired\":true,\"valueName\":\"search_term_string\"}}],\"inLanguage\":\"es\"}]}<\/script>\n<!-- \/ Yoast SEO plugin. -->","yoast_head_json":{"title":"Viajes, tours y actividades &#187; Topguide24.com","description":"Compare y reserve sus viajes y actividades de forma online","robots":{"index":"noindex","follow":"follow"},"og_locale":"es_ES","og_type":"article","og_title":"Viajes, tours y actividades &#187; Topguide24.com","og_description":"Compare y reserve sus viajes y actividades de forma online","og_url":"https:\/\/www.topguide24.com\/es\/start\/","og_site_name":"Topguide24.com","article_publisher":"https:\/\/www.facebook.com\/topguide24\/","article_modified_time":"2024-01-07T20:45:59+00:00","twitter_card":"summary_large_image","twitter_site":"@topguide24","twitter_misc":{"Tiempo de lectura":"1 minuto"},"schema":{"@context":"https:\/\/schema.org","@graph":[{"@type":"WebPage","@id":"https:\/\/www.topguide24.com\/es\/start\/","url":"https:\/\/www.topguide24.com\/es\/start\/","name":"Viajes, tours y actividades &#187; Topguide24.com","isPartOf":{"@id":"https:\/\/www.topguide24.com\/es\/#website"},"datePublished":"2017-06-14T21:19:29+00:00","dateModified":"2024-01-07T20:45:59+00:00","description":"Compare y reserve sus viajes y actividades de forma online","inLanguage":"es","potentialAction":[{"@type":"ReadAction","target":["https:\/\/www.topguide24.com\/es\/start\/"]}]},{"@type":"WebSite","@id":"https:\/\/www.topguide24.com\/es\/#website","url":"https:\/\/www.topguide24.com\/es\/","name":"Topguide24.com","description":"Reserve viajes, tours y actividades","potentialAction":[{"@type":"SearchAction","target":{"@type":"EntryPoint","urlTemplate":"https:\/\/www.topguide24.com\/es\/?s={search_term_string}"},"query-input":{"@type":"PropertyValueSpecification","valueRequired":true,"valueName":"search_term_string"}}],"inLanguage":"es"}]}},"post_mailing_queue_ids":[],"_links":{"self":[{"href":"https:\/\/www.topguide24.com\/es\/wp-json\/wp\/v2\/pages\/3497","targetHints":{"allow":["GET"]}}],"collection":[{"href":"https:\/\/www.topguide24.com\/es\/wp-json\/wp\/v2\/pages"}],"about":[{"href":"https:\/\/www.topguide24.com\/es\/wp-json\/wp\/v2\/types\/page"}],"author":[{"embeddable":true,"href":"https:\/\/www.topguide24.com\/es\/wp-json\/wp\/v2\/users\/1"}],"replies":[{"embeddable":true,"href":"https:\/\/www.topguide24.com\/es\/wp-json\/wp\/v2\/comments?post=3497"}],"version-history":[{"count":13,"href":"https:\/\/www.topguide24.com\/es\/wp-json\/wp\/v2\/pages\/3497\/revisions"}],"predecessor-version":[{"id":8923,"href":"https:\/\/www.topguide24.com\/es\/wp-json\/wp\/v2\/pages\/3497\/revisions\/8923"}],"wp:attachment":[{"href":"https:\/\/www.topguide24.com\/es\/wp-json\/wp\/v2\/media?parent=3497"}],"curies":[{"name":"wp","href":"https:\/\/api.w.org\/{rel}","templated":true}]}}