{"id":1366,"date":"2016-06-10T23:25:42","date_gmt":"2016-06-10T21:25:42","guid":{"rendered":"http:\/\/topguide24.com\/fr\/?page_id=1366"},"modified":"2024-01-07T21:06:24","modified_gmt":"2024-01-07T20:06:24","slug":"tous-destination","status":"publish","type":"page","link":"https:\/\/www.topguide24.com\/fr\/tous-destination\/","title":{"rendered":"Toutes destinations"},"content":{"rendered":"<div class=\"alltour\">\n<div class=\"alltour_region\">\n<h4>Am\u00e9rique du Nord<\/h4>\n<div class=\"alltour_content\">\n<div class=\"alltour_spilt\">\n                <a href=\"..\/tour\/anguilla\/\">Anguilla<\/a><br \/>\n                <a href=\"..\/tour\/antigua-et-barbuda\/\">Antigua et Barbuda<\/a><br \/>\n                <a href=\"..\/tour\/aruba\/\">Aruba<\/a><br \/>\n                <a href=\"..\/tour\/bahamas\/\">Bahamas<\/a><br \/>\n                <a href=\"..\/tour\/barbade\/\">Barbade<\/a><br \/>\n                <a href=\"..\/tour\/belize\/\">B\u00e9lize<\/a><br \/>\n                <a href=\"..\/tour\/bermudes\/\">Bermudes<\/a><br \/>\n                <a href=\"..\/tour\/bonaire\/\">Bonaire<\/a><br \/>\n                <a href=\"..\/tour\/canada\/\">Canada<\/a><br \/>\n                <a href=\"..\/tour\/costa-rica\/\">Costa Rica<\/a><br \/>\n                <a href=\"..\/tour\/cuba\/\">Cuba<\/a>\n            <\/div>\n<div class=\"alltour_spilt\">\n                <a href=\"..\/tour\/curacao\/\">Cura\u00e7ao<\/a><br \/>\n                <a href=\"..\/tour\/dominique\/\">Dominique<\/a><br \/>\n                <a href=\"..\/tour\/el-salvador\/\">El Salvador<\/a><br \/>\n                <a href=\"..\/tour\/etats-unis\/\">\u00c9tats-Unis<\/a><br \/>\n                <a href=\"..\/tour\/groenland\/\">Groenland<\/a><br \/>\n                <a href=\"..\/tour\/guadeloupe\/\">Guadeloupe<\/a><br \/>\n                <a href=\"..\/tour\/guatemala\/\">Guatemala<\/a><br \/>\n                <a href=\"..\/tour\/haiti\/\">Ha\u00efti<\/a><br \/>\n                <a href=\"..\/tour\/honduras\/\">Honduras<\/a><br \/>\n                <a href=\"..\/tour\/iles-caimans\/\">\u00celes Ca\u00efmans<\/a><br \/>\n                <a href=\"..\/tour\/iles-vierges-britanniques\/\">\u00celes Vierges britanniques<\/a>            <\/div>\n<div class=\"alltour_spilt\">\n                <a href=\"..\/tour\/iles-vierges-etats-unis\/\">\u00celes Vierges (\u00c9tats-Unis)<\/a><br \/>\n                <a href=\"..\/tour\/jamaique\/\">Jama\u00efque<\/a><br \/>\n                <a href=\"..\/tour\/martinique\/\">Martinique<\/a><br \/>\n                <a href=\"..\/tour\/mexique\/\">Mexique<\/a><br \/>\n                <a href=\"..\/tour\/nicaragua\/\">Nicaragua<\/a><br \/>\n                <a href=\"..\/tour\/panama\/\">Panama<\/a><br \/>\n                <a href=\"..\/tour\/porto-rico\/\">Porto Rico<\/a><br \/>\n                <a href=\"..\/tour\/republique-dominicaine\/\">R\u00e9publique dominicaine<\/a><br \/>\n                <a href=\"..\/tour\/saint-martin\/\">Saint-Martin<\/a><br \/>\n                <a href=\"..\/tour\/saint-vincent-et-les-grenadines\/\">Saint Vincent et les Grenadines<\/a><br \/>\n                <a href=\"..\/tour\/trinite-et-tobago\/\">Trinit\u00e9-et-Tobago<\/a>            <\/div>\n<\/p><\/div>\n<\/p><\/div>\n<div class=\"alltour_region\">\n<h4>Am\u00e9rique du Sud<\/h4>\n<div class=\"alltour_content\">\n<div class=\"alltour_spilt\">\n                <a href=\"..\/tour\/argentine\/\">Argentine<\/a><br \/>\n                <a href=\"..\/tour\/bolivie\/\">Bolivie<\/a><br \/>\n                <a href=\"..\/tour\/bresil\/\">Br\u00e9sil<\/a><br \/>\n                <a href=\"..\/tour\/colombie\/\">Colombie<\/a><br \/>\n                <a href=\"..\/tour\/chili\/\">Chili<\/a><br \/>\n                <a href=\"..\/tour\/equateur\/\">\u00c9quateur<\/a><br \/>\n                <a href=\"..\/tour\/guyana\/\">Guyana<\/a><br \/>\n                <a href=\"..\/tour\/honduras\/\">Honduras<\/a><br \/>\n                <a href=\"..\/tour\/paraguay\/\">Paraguay<\/a><br \/>\n                <a href=\"..\/tour\/perou\/\">P\u00e9rou<\/a><br \/>\n                <a href=\"..\/tour\/suriname\/\">Suriname<\/a><br \/>\n                <a href=\"..\/tour\/uruguay\/\">Uruguay<\/a><br \/>\n                <a href=\"..\/tour\/venezuela\/\">Venezuela<\/a>\n        <\/div>\n<\/p><\/div>\n<div class=\"alltour_region\">\n<h4>Europe<\/h4>\n<div class=\"alltour_content\">\n<div class=\"alltour_spilt\">\n                <a href=\"..\/tour\/aland\/\">\u00c5land<\/a><br \/>\n                <a href=\"..\/tour\/albanie\/\">Albanie<\/a><br \/>\n                <a href=\"..\/tour\/andorre\/\">Andorre<\/a><br \/>\n                <a href=\"..\/tour\/allemagne\/\">Allemagne<\/a><br \/>\n                <a href=\"..\/tour\/royaume-uni\/angleterre\/\">Angleterre<\/a><br \/>\n                <a href=\"..\/tour\/autriche\/\">Autriche<\/a><br \/>\n                <a href=\"..\/tour\/belgique\/\">Belgique<\/a><br \/>\n                <a href=\"..\/tour\/bielorussie\/\">Bi\u00e9lorussie<\/a><br \/>\n                <a href=\"..\/tour\/bosnie-herzegovine\/\">Bosnie-Herz\u00e9govine<\/a><br \/>\n                <a href=\"..\/tour\/bulgarie\/\">Bulgarie<\/a><br \/>\n                <a href=\"..\/tour\/chypre\/\">Chypre<\/a><br \/>\n                <a href=\"..\/tour\/croatie\/\">Croatie<\/a><br \/>\n                <a href=\"..\/tour\/danemark\/\">Danemark<\/a><br \/>\n                <a href=\"..\/tour\/royaume-uni\/ecosse\/\">\u00c9cosse<\/a><br \/>\n                <a href=\"..\/tour\/espagne\/\">Espagne<\/a><br \/>\n                <a href=\"..\/tour\/estonie\/\">Estonie<\/a><br \/>\n                <a href=\"..\/tour\/finlande\/\">Finlande<\/a><br \/>\n                <a href=\"..\/tour\/france\/\">France<\/a>\n            <\/div>\n<div class=\"alltour_spilt\">\n            <a href=\"..\/tour\/georgie\/\">G\u00e9orgie<\/a><br \/>\n                <a href=\"..\/tour\/gibraltar\/\">Gibraltar<\/a><br \/>\n                <a href=\"..\/tour\/royaume-uni\/grande-bretagne\/\">Grande Bretagne<\/a><br \/>\n                <a href=\"..\/tour\/grece\/\">Gr\u00e8ce<\/a><br \/>\n                <a href=\"..\/tour\/hongrie\/\">Hongrie<\/a><br \/>\n                <a href=\"..\/tour\/iles-feroe\/\">\u00celes F\u00e9ro\u00e9<\/a><br \/>\n                <a href=\"..\/tour\/irlande\/\">Irlande<\/a><br \/>\n                <a href=\"..\/tour\/royaume-uni\/irlande-du-nord\/\">Irlande du Nord<\/a><br \/>\n                <a href=\"..\/tour\/islande\/\">Islande<\/a><br \/>\n                <a href=\"..\/tour\/italie\/\">Italie<\/a><br \/>\n                <a href=\"..\/tour\/kosovo\/\">Kosovo<\/a><br \/>\n                <a href=\"..\/tour\/lettonie\/\">Lettonie<\/a><br \/>\n                <a href=\"..\/tour\/liechtenstein\/\">Liechtenstein<\/a><br \/>\n                <a href=\"..\/tour\/lituanie\/\">Lituanie<\/a><br \/>\n                <a href=\"..\/tour\/luxembourg\/\">Luxembourg<\/a><br \/>\n                <a href=\"..\/tour\/macedoine-du-nord\/\">Mac\u00e9doine du Nord<\/a><br \/>\n                <a href=\"..\/tour\/malte\/\">Malte<\/a><br \/>\n                <a href=\"..\/tour\/moldavie\/\">Moldavie<\/a>\n            <\/div>\n<div class=\"alltour_spilt\">\n                <a href=\"..\/tour\/monaco\/\">Monaco<\/a><br \/>\n                <a href=\"..\/tour\/montenegro\/\">Mont\u00e9n\u00e9gro<\/a><br \/>\n                <a href=\"..\/tour\/norvege\/\">Norv\u00e8ge<\/a><br \/>\n                <a href=\"..\/tour\/pays-bas\/\">Pays-Bas<\/a><br \/>\n                <a href=\"..\/tour\/royaume-uni\/pays-de-galles\/\">Pays de Galles<\/a><br \/>\n                <a href=\"..\/tour\/pologne\/\">Pologne<\/a><br \/>\n                <a href=\"..\/tour\/portugal\/\">Portugal<\/a><br \/>\n                <a href=\"..\/tour\/republique-tcheque\/\">R\u00e9publique tch\u00e8que<\/a><br \/>\n                <a href=\"..\/tour\/roumanie\/\">Roumanie<\/a><br \/>\n                <a href=\"..\/tour\/royaume-uni\/\">Royaume-Uni<\/a>                <a href=\"..\/tour\/russie\/\">Russie<\/a><br \/>\n                <a href=\"..\/tour\/saint-marin\/\">Saint-Marin<\/a><br \/>\n                <a href=\"..\/tour\/suede\/\">Su\u00e8de<\/a><br \/>\n                <a href=\"..\/tour\/suisse\/\">Suisse<\/a><br \/>\n                <a href=\"..\/tour\/serbie\/\">Serbie<\/a><br \/>\n                <a href=\"..\/tour\/slovaquie\/\">Slovaquie<\/a><br \/>\n                <a href=\"..\/tour\/slovenie\/\">Slov\u00e9nie<\/a><br \/>\n                <a href=\"..\/tour\/turquie\/\">Turquie<\/a><br \/>\n                <a href=\"..\/tour\/ukraine\/\">Ukraine<\/a>\n            <\/div>\n<\/p><\/div>\n<\/p><\/div>\n<div class=\"alltour_region\">\n<h4>Africa<\/h4>\n<div class=\"alltour_content\">\n<div class=\"alltour_spilt\">\n                <a href=\"..\/tour\/afrique-du-sud\/\">Afrique du Sud<\/a><br \/>\n                <a href=\"..\/tour\/algerie\/\">Alg\u00e9rie<\/a><br \/>\n                <a href=\"..\/tour\/angola\/\">Angola<\/a><br \/>\n                <a href=\"..\/tour\/benin\/\">B\u00e9nin<\/a><br \/>\n                <a href=\"..\/tour\/botswana\/\">Botswana<\/a><br \/>\n                <a href=\"..\/tour\/burundi\/\">Burundi<\/a><br \/>\n                <a href=\"..\/tour\/cameroun\/\">Cameroun<\/a><br \/>\n                <a href=\"..\/tour\/cap-vert\/\">Cap-Vert<\/a><br \/>\n                <a href=\"..\/tour\/cote-divoire\/\">C\u00f4te d\u2019Ivoire<\/a><br \/>\n                <a href=\"..\/tour\/democratic-republic-of-congo\/\">Democratic Republic of Congo<\/a><br \/>\n                <a href=\"..\/tour\/egypte\/\">\u00c9gypte<\/a><br \/>\n                <a href=\"..\/tour\/ethiopie\/\">\u00c9thiopie<\/a>\n            <\/div>\n<div class=\"alltour_spilt\">\n                <a href=\"..\/tour\/gambie\/\">Gambie<\/a><br \/>\n                <a href=\"..\/tour\/ghana\/\">Ghana<\/a><br \/>\n                <a href=\"..\/tour\/kenya\/\">Kenya<\/a><br \/>\n                <a href=\"..\/tour\/la-reunion\/\">La R\u00e9union<\/a><br \/>\n                <a href=\"..\/tour\/lesotho\/\">Lesotho<\/a><br \/>\n                <a href=\"..\/tour\/madagascar\/\">Madagascar<\/a><br \/>\n                <a href=\"..\/tour\/malawi\/\">Malawi<\/a><br \/>\n                <a href=\"..\/tour\/mali\/\">Mali<\/a><br \/>\n                <a href=\"..\/tour\/maurice\/\">Maurice<\/a><br \/>\n                <a href=\"..\/tour\/maroc\/\">Maroc<\/a><br \/>\n                <a href=\"..\/tour\/mozambique\/\">Mozambique<\/a><br \/>\n                <a href=\"..\/tour\/namibie\/\">Namibie<\/a>\n            <\/div>\n<div class=\"alltour_spilt\">\n<p><a href=\"..\/tour\/nigeria\/\">Nigeria<\/a><br \/>\n<a href=\"..\/tour\/rwanda\/\">Rwanda<\/a><br \/>\n<a href=\"..\/tour\/sao-tome-et-principe\/\">S\u00e3o Tom\u00e9-et-Pr\u00edncipe<\/a><br \/>\n<a href=\"..\/tour\/senegal\/\">Senegal<\/a><br \/>\n<a href=\"..\/tour\/seychelles\/\">Seychelles<\/a><br \/>\n<a href=\"..\/tour\/swaziland\/\">Swaziland<\/a><br \/>\n<a href=\"..\/tour\/tanzanie\/\">Tanzanie<\/a><br \/>\n<a href=\"..\/tour\/togo\/\">Togo<\/a><br \/>\n<a href=\"..\/tour\/tunisie\/\">Tunisie<\/a><br \/>\n<a href=\"..\/tour\/uganda\/\">Uganda<\/a><br \/>\n<a href=\"..\/tour\/zambie\/\">Zambie<\/a><br \/>\n<a href=\"..\/tour\/zimbabwe\/\">Zimbabwe<\/a>\n            <\/div>\n<\/p><\/div>\n<\/p><\/div>\n<div class=\"alltour_region\">\n<h4>Asie<\/h4>\n<div class=\"alltour_content\">\n<div class=\"alltour_spilt\">\n                <a href=\"..\/tour\/armenie\/\">Arm\u00e9nie<\/a><br \/>\n                <a href=\"..\/tour\/azerbaidjan\/\">Azerba\u00efdjan<\/a><br \/>\n                <a href=\"..\/tour\/bahrein\/\">Bahre\u00efn<\/a><br \/>\n                <a href=\"..\/tour\/bangladesh\/\">Bangladesh<\/a><br \/>\n                <a href=\"..\/tour\/bhoutan\/\">Bhoutan<\/a><br \/>\n                <a href=\"..\/tour\/brunei\/\">Brunei<\/a><br \/>\n                <a href=\"..\/tour\/cambodge\/\">Cambodge<\/a><br \/>\n                <a href=\"..\/tour\/chine\/\">Chine<\/a><br \/>\n                <a href=\"..\/tour\/coree-du-sud\/\">Cor\u00e9e du Sud<\/a><br \/>\n                <a href=\"..\/tour\/emirats-arabes-unis\/\">\u00c9mirats arabes unis<\/a><br \/>\n                <a href=\"..\/tour\/etat-de-palestine\/\">\u00c9tat de Palestine<\/a><br \/>\n                <a href=\"..\/tour\/inde\/\">Inde<\/a><br \/>\n                <a href=\"..\/tour\/indonesie\/\">Indon\u00e9sie<\/a>\n            <\/div>\n<div class=\"alltour_spilt\">\n                <a href=\"..\/tour\/israel\/\">Israel<\/a><br \/>\n                <a href=\"..\/tour\/japon\/\">Japon<\/a><br \/>\n                <a href=\"..\/tour\/jordanie\/\">Jordanie<\/a><br \/>\n                <a href=\"..\/tour\/kazakhstan\/\">Kazakhstan<\/a><br \/>\n                <a href=\"..\/tour\/kirghizistan\/\">Kirghizistan<\/a><br \/>\n                <a href=\"..\/tour\/koweit\/\">Kowe\u00eft<\/a><br \/>\n                <a href=\"..\/tour\/laos\/\">Laos<\/a><br \/>\n                <a href=\"..\/tour\/liban\/\">Liban<\/a><br \/>\n                <a href=\"..\/tour\/malaisie\/\">Malaisie<\/a><br \/>\n                <a href=\"..\/tour\/maldives\/\">Maldives<\/a><br \/>\n                <a href=\"..\/tour\/mongolie\/\">Mongolie<\/a><br \/>\n                <a href=\"..\/tour\/myanmar\/\">Myanmar<\/a><br \/>\n                <a href=\"..\/tour\/nepal\/\">N\u00e9pal<\/a>            <\/div>\n<div class=\"alltour_spilt\">\n                <a href=\"..\/tour\/oman\/\">Oman<\/a><br \/>\n                <a href=\"..\/tour\/ouzbekistan\/\">Ouzb\u00e9kistan<\/a><br \/>\n                <a href=\"..\/tour\/philippines\/\">Philippines<\/a><br \/>\n                <a href=\"..\/tour\/qatar\/\">Qatar<\/a><br \/>\n                <a href=\"..\/tour\/saudi-arabia\/\">Saudi Arabia<\/a><br \/>\n                <a href=\"..\/tour\/singapour\/\">Singapour<\/a><br \/>\n                <a href=\"..\/tour\/sri-lanka\/\">Sri Lanka<\/a><br \/>\n                <a href=\"..\/tour\/tadjikistan\/\">Tadjikistan<\/a><br \/>\n                <a href=\"..\/tour\/taiwan\/\">Ta\u00efwan<\/a><br \/>\n                <a href=\"..\/tour\/thailande\/\">Tha\u00eflande<\/a><br \/>\n                <a href=\"..\/tour\/turkmenistan\/\">Turkm\u00e9nistan<\/a><br \/>\n                <a href=\"..\/tour\/viet-nam\/\">Vi\u00eat Nam<\/a>\n            <\/div>\n<\/p><\/div>\n<\/p><\/div>\n<div class=\"alltour_region\">\n<h4>Oc\u00e9anie<\/h4>\n<div class=\"alltour_content\">\n<div class=\"alltour_spilt\">\n                <a href=\"..\/tour\/australie\/\">Australie<\/a><br \/>\n                <a href=\"..\/tour\/fidji\/\">Fidji<\/a><br \/>\n                <a href=\"..\/tour\/guam\/\">Guam<\/a><br \/>\n                <a href=\"..\/tour\/iles-cook\/\">\u00celes Cook<\/a><br \/>\n                <a href=\"..\/tour\/nouvelle-caledonie\/\">Nouvelle-Cal\u00e9donie<\/a><br \/>\n                <a href=\"..\/tour\/nouvelle-zelande\/\">Nouvelle Z\u00e9lande<\/a><br \/>\n                <a href=\"..\/tour\/papouasie-nouvelle-guinee\/\">Papouasie-Nouvelle-Guin\u00e9e<\/a><br \/>\n                <a href=\"..\/tour\/polynesie-francaise\/\">Polyn\u00e9sie fran\u00e7aise<\/a><br \/>\n                <a href=\"..\/tour\/samoa\/\">Samoa<\/a><br \/>\n                <a href=\"..\/tour\/tonga\/\">Tonga<\/a><br \/>\n                <a href=\"..\/tour\/vanuatu\/\">Vanuatu<\/a>\n            <\/div>\n<\/p><\/div>\n<\/p><\/div>\n<\/div>\n","protected":false},"excerpt":{"rendered":"<p>Am\u00e9rique du Nord Anguilla Antigua et Barbuda Aruba Bahamas Barbade B\u00e9lize Bermudes Bonaire Canada Costa Rica Cuba Cura\u00e7ao Dominique El Salvador \u00c9tats-Unis Groenland Guadeloupe Guatemala Ha\u00efti Honduras \u00celes Ca\u00efmans \u00celes Vierges britanniques \u00celes Vierges (\u00c9tats-Unis) Jama\u00efque Martinique Mexique Nicaragua Panama Porto Rico R\u00e9publique dominicaine Saint-Martin Saint Vincent et les Grenadines Trinit\u00e9-et-Tobago Am\u00e9rique du Sud Argentine [&hellip;]<\/p>\n","protected":false},"author":1,"featured_media":11933,"parent":0,"menu_order":0,"comment_status":"closed","ping_status":"closed","template":"","meta":{"footnotes":""},"class_list":["post-1366","page","type-page","status-publish","has-post-thumbnail","hentry"],"acf":[],"yoast_head":"<!-- This site is optimized with the Yoast SEO plugin v27.0 - https:\/\/yoast.com\/product\/yoast-seo-wordpress\/ -->\n<title>Toutes destinations &#187; Topguide24.com<\/title>\n<meta name=\"robots\" content=\"index, follow, max-snippet:-1, max-image-preview:large, max-video-preview:-1\" \/>\n<link rel=\"canonical\" href=\"https:\/\/www.topguide24.com\/fr\/tous-destination\/\" \/>\n<meta property=\"og:locale\" content=\"fr_FR\" \/>\n<meta property=\"og:type\" content=\"article\" \/>\n<meta property=\"og:title\" content=\"Toutes destinations &#187; Topguide24.com\" \/>\n<meta property=\"og:description\" content=\"Am\u00e9rique du Nord Anguilla Antigua et Barbuda Aruba Bahamas Barbade B\u00e9lize Bermudes Bonaire Canada Costa Rica Cuba Cura\u00e7ao Dominique El Salvador \u00c9tats-Unis Groenland Guadeloupe Guatemala Ha\u00efti Honduras \u00celes Ca\u00efmans \u00celes Vierges britanniques \u00celes Vierges (\u00c9tats-Unis) Jama\u00efque Martinique Mexique Nicaragua Panama Porto Rico R\u00e9publique dominicaine Saint-Martin Saint Vincent et les Grenadines Trinit\u00e9-et-Tobago Am\u00e9rique du Sud Argentine [&hellip;]\" \/>\n<meta property=\"og:url\" content=\"https:\/\/www.topguide24.com\/fr\/tous-destination\/\" \/>\n<meta property=\"og:site_name\" content=\"Topguide24.com\" \/>\n<meta property=\"article:publisher\" content=\"https:\/\/www.facebook.com\/topguide24\/\" \/>\n<meta property=\"article:modified_time\" content=\"2024-01-07T20:06:24+00:00\" \/>\n<meta property=\"og:image\" content=\"https:\/\/www.topguide24.com\/fr\/wp-content\/uploads\/2023\/05\/Reiseziele.jpg\" \/>\n\t<meta property=\"og:image:width\" content=\"1920\" \/>\n\t<meta property=\"og:image:height\" content=\"587\" \/>\n\t<meta property=\"og:image:type\" content=\"image\/jpeg\" \/>\n<meta name=\"twitter:card\" content=\"summary_large_image\" \/>\n<meta name=\"twitter:site\" content=\"@topguide24\" \/>\n<meta name=\"twitter:label1\" content=\"Dur\u00e9e de lecture estim\u00e9e\" \/>\n\t<meta name=\"twitter:data1\" content=\"2 minutes\" \/>\n<script type=\"application\/ld+json\" class=\"yoast-schema-graph\">{\"@context\":\"https:\/\/schema.org\",\"@graph\":[{\"@type\":\"WebPage\",\"@id\":\"https:\/\/www.topguide24.com\/fr\/tous-destination\/\",\"url\":\"https:\/\/www.topguide24.com\/fr\/tous-destination\/\",\"name\":\"Toutes destinations &#187; Topguide24.com\",\"isPartOf\":{\"@id\":\"https:\/\/www.topguide24.com\/fr\/#website\"},\"primaryImageOfPage\":{\"@id\":\"https:\/\/www.topguide24.com\/fr\/tous-destination\/#primaryimage\"},\"image\":{\"@id\":\"https:\/\/www.topguide24.com\/fr\/tous-destination\/#primaryimage\"},\"thumbnailUrl\":\"https:\/\/www.topguide24.com\/fr\/wp-content\/uploads\/2023\/05\/Reiseziele.jpg\",\"datePublished\":\"2016-06-10T21:25:42+00:00\",\"dateModified\":\"2024-01-07T20:06:24+00:00\",\"breadcrumb\":{\"@id\":\"https:\/\/www.topguide24.com\/fr\/tous-destination\/#breadcrumb\"},\"inLanguage\":\"fr-FR\",\"potentialAction\":[{\"@type\":\"ReadAction\",\"target\":[\"https:\/\/www.topguide24.com\/fr\/tous-destination\/\"]}]},{\"@type\":\"ImageObject\",\"inLanguage\":\"fr-FR\",\"@id\":\"https:\/\/www.topguide24.com\/fr\/tous-destination\/#primaryimage\",\"url\":\"https:\/\/www.topguide24.com\/fr\/wp-content\/uploads\/2023\/05\/Reiseziele.jpg\",\"contentUrl\":\"https:\/\/www.topguide24.com\/fr\/wp-content\/uploads\/2023\/05\/Reiseziele.jpg\",\"width\":1920,\"height\":587},{\"@type\":\"BreadcrumbList\",\"@id\":\"https:\/\/www.topguide24.com\/fr\/tous-destination\/#breadcrumb\",\"itemListElement\":[{\"@type\":\"ListItem\",\"position\":1,\"name\":\"Accueil\",\"item\":\"https:\/\/www.topguide24.com\/fr\/\"},{\"@type\":\"ListItem\",\"position\":2,\"name\":\"Toutes destinations\"}]},{\"@type\":\"WebSite\",\"@id\":\"https:\/\/www.topguide24.com\/fr\/#website\",\"url\":\"https:\/\/www.topguide24.com\/fr\/\",\"name\":\"Topguide24.com\",\"description\":\"R\u00e9server des excursions et des visites\",\"potentialAction\":[{\"@type\":\"SearchAction\",\"target\":{\"@type\":\"EntryPoint\",\"urlTemplate\":\"https:\/\/www.topguide24.com\/fr\/?s={search_term_string}\"},\"query-input\":{\"@type\":\"PropertyValueSpecification\",\"valueRequired\":true,\"valueName\":\"search_term_string\"}}],\"inLanguage\":\"fr-FR\"}]}<\/script>\n<!-- \/ Yoast SEO plugin. -->","yoast_head_json":{"title":"Toutes destinations &#187; Topguide24.com","robots":{"index":"index","follow":"follow","max-snippet":"max-snippet:-1","max-image-preview":"max-image-preview:large","max-video-preview":"max-video-preview:-1"},"canonical":"https:\/\/www.topguide24.com\/fr\/tous-destination\/","og_locale":"fr_FR","og_type":"article","og_title":"Toutes destinations &#187; Topguide24.com","og_description":"Am\u00e9rique du Nord Anguilla Antigua et Barbuda Aruba Bahamas Barbade B\u00e9lize Bermudes Bonaire Canada Costa Rica Cuba Cura\u00e7ao Dominique El Salvador \u00c9tats-Unis Groenland Guadeloupe Guatemala Ha\u00efti Honduras \u00celes Ca\u00efmans \u00celes Vierges britanniques \u00celes Vierges (\u00c9tats-Unis) Jama\u00efque Martinique Mexique Nicaragua Panama Porto Rico R\u00e9publique dominicaine Saint-Martin Saint Vincent et les Grenadines Trinit\u00e9-et-Tobago Am\u00e9rique du Sud Argentine [&hellip;]","og_url":"https:\/\/www.topguide24.com\/fr\/tous-destination\/","og_site_name":"Topguide24.com","article_publisher":"https:\/\/www.facebook.com\/topguide24\/","article_modified_time":"2024-01-07T20:06:24+00:00","og_image":[{"width":1920,"height":587,"url":"https:\/\/www.topguide24.com\/fr\/wp-content\/uploads\/2023\/05\/Reiseziele.jpg","type":"image\/jpeg"}],"twitter_card":"summary_large_image","twitter_site":"@topguide24","twitter_misc":{"Dur\u00e9e de lecture estim\u00e9e":"2 minutes"},"schema":{"@context":"https:\/\/schema.org","@graph":[{"@type":"WebPage","@id":"https:\/\/www.topguide24.com\/fr\/tous-destination\/","url":"https:\/\/www.topguide24.com\/fr\/tous-destination\/","name":"Toutes destinations &#187; Topguide24.com","isPartOf":{"@id":"https:\/\/www.topguide24.com\/fr\/#website"},"primaryImageOfPage":{"@id":"https:\/\/www.topguide24.com\/fr\/tous-destination\/#primaryimage"},"image":{"@id":"https:\/\/www.topguide24.com\/fr\/tous-destination\/#primaryimage"},"thumbnailUrl":"https:\/\/www.topguide24.com\/fr\/wp-content\/uploads\/2023\/05\/Reiseziele.jpg","datePublished":"2016-06-10T21:25:42+00:00","dateModified":"2024-01-07T20:06:24+00:00","breadcrumb":{"@id":"https:\/\/www.topguide24.com\/fr\/tous-destination\/#breadcrumb"},"inLanguage":"fr-FR","potentialAction":[{"@type":"ReadAction","target":["https:\/\/www.topguide24.com\/fr\/tous-destination\/"]}]},{"@type":"ImageObject","inLanguage":"fr-FR","@id":"https:\/\/www.topguide24.com\/fr\/tous-destination\/#primaryimage","url":"https:\/\/www.topguide24.com\/fr\/wp-content\/uploads\/2023\/05\/Reiseziele.jpg","contentUrl":"https:\/\/www.topguide24.com\/fr\/wp-content\/uploads\/2023\/05\/Reiseziele.jpg","width":1920,"height":587},{"@type":"BreadcrumbList","@id":"https:\/\/www.topguide24.com\/fr\/tous-destination\/#breadcrumb","itemListElement":[{"@type":"ListItem","position":1,"name":"Accueil","item":"https:\/\/www.topguide24.com\/fr\/"},{"@type":"ListItem","position":2,"name":"Toutes destinations"}]},{"@type":"WebSite","@id":"https:\/\/www.topguide24.com\/fr\/#website","url":"https:\/\/www.topguide24.com\/fr\/","name":"Topguide24.com","description":"R\u00e9server des excursions et des visites","potentialAction":[{"@type":"SearchAction","target":{"@type":"EntryPoint","urlTemplate":"https:\/\/www.topguide24.com\/fr\/?s={search_term_string}"},"query-input":{"@type":"PropertyValueSpecification","valueRequired":true,"valueName":"search_term_string"}}],"inLanguage":"fr-FR"}]}},"post_mailing_queue_ids":[],"_links":{"self":[{"href":"https:\/\/www.topguide24.com\/fr\/wp-json\/wp\/v2\/pages\/1366","targetHints":{"allow":["GET"]}}],"collection":[{"href":"https:\/\/www.topguide24.com\/fr\/wp-json\/wp\/v2\/pages"}],"about":[{"href":"https:\/\/www.topguide24.com\/fr\/wp-json\/wp\/v2\/types\/page"}],"author":[{"embeddable":true,"href":"https:\/\/www.topguide24.com\/fr\/wp-json\/wp\/v2\/users\/1"}],"replies":[{"embeddable":true,"href":"https:\/\/www.topguide24.com\/fr\/wp-json\/wp\/v2\/comments?post=1366"}],"version-history":[{"count":63,"href":"https:\/\/www.topguide24.com\/fr\/wp-json\/wp\/v2\/pages\/1366\/revisions"}],"predecessor-version":[{"id":12108,"href":"https:\/\/www.topguide24.com\/fr\/wp-json\/wp\/v2\/pages\/1366\/revisions\/12108"}],"wp:featuredmedia":[{"embeddable":true,"href":"https:\/\/www.topguide24.com\/fr\/wp-json\/wp\/v2\/media\/11933"}],"wp:attachment":[{"href":"https:\/\/www.topguide24.com\/fr\/wp-json\/wp\/v2\/media?parent=1366"}],"curies":[{"name":"wp","href":"https:\/\/api.w.org\/{rel}","templated":true}]}}