{"id":5999,"date":"2017-06-14T22:37:49","date_gmt":"2017-06-14T20:37:49","guid":{"rendered":"http:\/\/www.topguide24.com\/fr\/?page_id=5999"},"modified":"2024-01-07T21:05:34","modified_gmt":"2024-01-07T20:05:34","slug":"start","status":"publish","type":"page","link":"https:\/\/www.topguide24.com\/fr\/start\/","title":{"rendered":""},"content":{"rendered":"<style>\n#breadcrumbs{display:none;}<\/p>\n<\/style>\n<div class=\"containers\" style=\"padding: 1px;\">\n<div class=\"col-md-12 col-sm-12 addpad5p\" style=\"text-align: center;\">\n<h1 class=\"pop-head\">DESTINATIONS POPULAIRE<\/h1>\n\n<section id=\"features\" class=\"wide\">\n<h1 class=\"pop-head\">EXCURSIONS ET DES VISITES &#038; ACTIVIT\u00c9S<\/h1>\n<div id=\"Home_text\">D\u00e9couvrez plus de 350 000 exp\u00e9riences dans le monde et comparez et r\u00e9servez les meilleures excursions et activit\u00e9s pour vos vacances de r\u00eave avec Topguide24 !<\/div>\n<\/section>\n<\/div>\n<div class=\"col-md-12 col-sm-12 addpad5p\" style=\"text-align: center;\">\n<h1 class=\"pop-head\">ATTRACTIONS TOURISTIQUES POPULAIRES<\/h1>\n<\/div>\n<div class=\"col-sm-12 col-md-12 addpad5p\">\n<section id=\"features\" class=\"wide\">\n<div class=\"row feature-boxes\">\n      <center><\/p>\n<h1 class=\"pop-head\">POURQUOI TOPGUIDE24?<\/h1>\n<p><\/center><\/p>\n<ul>\n<li class=\"feature-box\">\n<div class=\"feature-box-icon\">\n            <i class=\"fa fa-search\"><\/i>\n          <\/div>\n<div class=\"feature-box-text\">\n<h4>La plus grande s\u00e9lection<\/h4>\n<p>            Recherche rapide sur diff\u00e9rents sites web pour les meilleures excursions et activit\u00e9s dans le monde entier.\n          <\/p><\/div>\n<\/li>\n<li class=\"feature-box\">\n<div class=\"feature-box-icon\">\n            <i class=\"fa fa-filter\"><\/i>\n          <\/div>\n<div class=\"feature-box-text\">\n<h4>Perfection<\/h4>\n<p>            Diverses fonctions de filtrage et de tri pour trouver l\u2019aventure parfaite.\n          <\/p><\/div>\n<\/li>\n<li class=\"feature-box\">\n<div class=\"feature-box-icon\">\n            <i class=\"fa fa-handshake-o\"><\/i>\n          <\/div>\n<div class=\"feature-box-text\">\n<h4>Flexible<\/h4>\n<p>              De nombreux produits peuvent \u00eatre annul\u00e9s gratuitement jusqu\u2019\u00e0 24 heures avant le d\u00e9part.\n          <\/p><\/div>\n<\/li>\n<\/ul><\/div>\n<\/section>\n<\/div>\n<div class=\"col-md-12 col-sm-12 addpad5p\" style=\"text-align: center;\">\n<h1 class=\"pop-head\">VISITES ATTRACTIONS TOURISTIQUES POPULAIRES<\/h1>\n<div class=\"widget_tag_cloud\"><a href=\"..\/tour\/islande\/reykjavik\/?_keyword_search=bus\">Excursion en bus Reykjav\u00edk<\/a> <a href=\"..\/tour\/france\/paris\/?_keyword_search=parc\">Parcs d&rsquo;attractions Paris<\/a> <a href=\"..\/tour\/emirats-arabes-unis\/dubai\/?_keyword_search=audio\">Duba\u00ef audio autoguid\u00e9e<\/a> <a href=\"..\/tour\/pays-bas\/amsterdam\/?_keyword_search=card\">Amsterdam City Cards<\/a> <a href=\"..\/tour\/italie\/rome\/?_keyword_search=billet\">Rome billets d&rsquo;entr\u00e9e r\u00e9serv\u00e9s<\/a> <a href=\"..\/tour\/italie\/venise\/?_keyword_search=gondole\">Venise balade en gondole<\/a> <a href=\"..\/tour\/allemagne\/berlin\/?_keyword_search=segway\">Tour Segway Berlin<\/a> <a href=\"..\/tour\/italie\/florence\/?_keyword_search=free\">Free Tours Florence<\/a> <a href=\"..\/tour\/espagne\/barcelone\/?_keyword_search=hop-on\">Bus Hop-on Hop-off Barcelone<\/a> <a href=\"..\/tour\/italie\/pompei\/?_keyword_search=Pomp\u00e9i\">Pomp\u00e9i<\/a> <a href=\"..\/tour\/malte\/malta\/?_keyword_search=Lagon+Bleu\">Bleu Lagon Malta<\/a> <a href=\"..\/tour\/espagne\/majorque\/?_keyword_search=bateau\">Bateau \u00e0 Majorque<\/a> <a href=\"..\/tour\/espagne\/tenerife\/?_keyword_search=kayak\">Kayaking experience in Tenerife<\/a> <a href=\"..\/tour\/italie\/rome\/?_keyword_search=transfert+A\u00e9roport\">Transfert A\u00e9roport Rome<\/a> <a href=\"..\/tour\/turquie\/cappadoce\/?_keyword_search=montgolfi\u00e8re\">Montgolfi\u00e8re Cappadoce<\/a> <a href=\"..\/tour\/italie\/rome\/?_keyword_search=Vatican\">Rome Mus\u00e9es du Vatican<\/a> <a href=\"..\/tour\/espagne\/barcelone\/?_keyword_search=Sagrada+Familia\">Barcelone Sagrada Familia<\/a> <a href=\"..\/tour\/pays-bas\/amsterdam\/?_keyword_search=Anne+Frank\">Amsterdam Visite \u00e0 pied d&rsquo;Anne Frank<\/a>\n<\/div>\n","protected":false},"excerpt":{"rendered":"<p>DESTINATIONS POPULAIRE EXCURSIONS ET DES VISITES &#038; ACTIVIT\u00c9S D\u00e9couvrez plus de 350 000 exp\u00e9riences dans le monde et comparez et r\u00e9servez les meilleures excursions et activit\u00e9s pour vos vacances de r\u00eave avec Topguide24 ! ATTRACTIONS TOURISTIQUES POPULAIRES POURQUOI TOPGUIDE24? La plus grande s\u00e9lection Recherche rapide sur diff\u00e9rents sites web pour les meilleures excursions et activit\u00e9s [&hellip;]<\/p>\n","protected":false},"author":1,"featured_media":0,"parent":0,"menu_order":0,"comment_status":"closed","ping_status":"closed","template":"page_kreuzfahrtausfluege-landausfluege.php","meta":{"footnotes":""},"class_list":["post-5999","page","type-page","status-publish","hentry"],"acf":[],"yoast_head":"<!-- This site is optimized with the Yoast SEO plugin v27.0 - https:\/\/yoast.com\/product\/yoast-seo-wordpress\/ -->\n<title>Excursions et des visites &#187; Topguide24.com<\/title>\n<meta name=\"description\" content=\"Comparez et r\u00e9servez des excursions et des activit\u00e9s.\" \/>\n<meta name=\"robots\" content=\"noindex, follow\" \/>\n<meta property=\"og:locale\" content=\"fr_FR\" \/>\n<meta property=\"og:type\" content=\"article\" \/>\n<meta property=\"og:title\" content=\"Excursions et des visites &#187; Topguide24.com\" \/>\n<meta property=\"og:description\" content=\"Comparez et r\u00e9servez des excursions et des activit\u00e9s.\" \/>\n<meta property=\"og:url\" content=\"https:\/\/www.topguide24.com\/fr\/start\/\" \/>\n<meta property=\"og:site_name\" content=\"Topguide24.com\" \/>\n<meta property=\"article:publisher\" content=\"https:\/\/www.facebook.com\/topguide24\/\" \/>\n<meta property=\"article:modified_time\" content=\"2024-01-07T20:05:34+00:00\" \/>\n<meta name=\"twitter:card\" content=\"summary_large_image\" \/>\n<meta name=\"twitter:site\" content=\"@topguide24\" \/>\n<meta name=\"twitter:label1\" content=\"Dur\u00e9e de lecture estim\u00e9e\" \/>\n\t<meta name=\"twitter:data1\" content=\"1 minute\" \/>\n<script type=\"application\/ld+json\" class=\"yoast-schema-graph\">{\"@context\":\"https:\/\/schema.org\",\"@graph\":[{\"@type\":\"WebPage\",\"@id\":\"https:\/\/www.topguide24.com\/fr\/start\/\",\"url\":\"https:\/\/www.topguide24.com\/fr\/start\/\",\"name\":\"Excursions et des visites &#187; Topguide24.com\",\"isPartOf\":{\"@id\":\"https:\/\/www.topguide24.com\/fr\/#website\"},\"datePublished\":\"2017-06-14T20:37:49+00:00\",\"dateModified\":\"2024-01-07T20:05:34+00:00\",\"description\":\"Comparez et r\u00e9servez des excursions et des activit\u00e9s.\",\"inLanguage\":\"fr-FR\",\"potentialAction\":[{\"@type\":\"ReadAction\",\"target\":[\"https:\/\/www.topguide24.com\/fr\/start\/\"]}]},{\"@type\":\"WebSite\",\"@id\":\"https:\/\/www.topguide24.com\/fr\/#website\",\"url\":\"https:\/\/www.topguide24.com\/fr\/\",\"name\":\"Topguide24.com\",\"description\":\"R\u00e9server des excursions et des visites\",\"potentialAction\":[{\"@type\":\"SearchAction\",\"target\":{\"@type\":\"EntryPoint\",\"urlTemplate\":\"https:\/\/www.topguide24.com\/fr\/?s={search_term_string}\"},\"query-input\":{\"@type\":\"PropertyValueSpecification\",\"valueRequired\":true,\"valueName\":\"search_term_string\"}}],\"inLanguage\":\"fr-FR\"}]}<\/script>\n<!-- \/ Yoast SEO plugin. -->","yoast_head_json":{"title":"Excursions et des visites &#187; Topguide24.com","description":"Comparez et r\u00e9servez des excursions et des activit\u00e9s.","robots":{"index":"noindex","follow":"follow"},"og_locale":"fr_FR","og_type":"article","og_title":"Excursions et des visites &#187; Topguide24.com","og_description":"Comparez et r\u00e9servez des excursions et des activit\u00e9s.","og_url":"https:\/\/www.topguide24.com\/fr\/start\/","og_site_name":"Topguide24.com","article_publisher":"https:\/\/www.facebook.com\/topguide24\/","article_modified_time":"2024-01-07T20:05:34+00:00","twitter_card":"summary_large_image","twitter_site":"@topguide24","twitter_misc":{"Dur\u00e9e de lecture estim\u00e9e":"1 minute"},"schema":{"@context":"https:\/\/schema.org","@graph":[{"@type":"WebPage","@id":"https:\/\/www.topguide24.com\/fr\/start\/","url":"https:\/\/www.topguide24.com\/fr\/start\/","name":"Excursions et des visites &#187; Topguide24.com","isPartOf":{"@id":"https:\/\/www.topguide24.com\/fr\/#website"},"datePublished":"2017-06-14T20:37:49+00:00","dateModified":"2024-01-07T20:05:34+00:00","description":"Comparez et r\u00e9servez des excursions et des activit\u00e9s.","inLanguage":"fr-FR","potentialAction":[{"@type":"ReadAction","target":["https:\/\/www.topguide24.com\/fr\/start\/"]}]},{"@type":"WebSite","@id":"https:\/\/www.topguide24.com\/fr\/#website","url":"https:\/\/www.topguide24.com\/fr\/","name":"Topguide24.com","description":"R\u00e9server des excursions et des visites","potentialAction":[{"@type":"SearchAction","target":{"@type":"EntryPoint","urlTemplate":"https:\/\/www.topguide24.com\/fr\/?s={search_term_string}"},"query-input":{"@type":"PropertyValueSpecification","valueRequired":true,"valueName":"search_term_string"}}],"inLanguage":"fr-FR"}]}},"post_mailing_queue_ids":[],"_links":{"self":[{"href":"https:\/\/www.topguide24.com\/fr\/wp-json\/wp\/v2\/pages\/5999","targetHints":{"allow":["GET"]}}],"collection":[{"href":"https:\/\/www.topguide24.com\/fr\/wp-json\/wp\/v2\/pages"}],"about":[{"href":"https:\/\/www.topguide24.com\/fr\/wp-json\/wp\/v2\/types\/page"}],"author":[{"embeddable":true,"href":"https:\/\/www.topguide24.com\/fr\/wp-json\/wp\/v2\/users\/1"}],"replies":[{"embeddable":true,"href":"https:\/\/www.topguide24.com\/fr\/wp-json\/wp\/v2\/comments?post=5999"}],"version-history":[{"count":10,"href":"https:\/\/www.topguide24.com\/fr\/wp-json\/wp\/v2\/pages\/5999\/revisions"}],"predecessor-version":[{"id":12107,"href":"https:\/\/www.topguide24.com\/fr\/wp-json\/wp\/v2\/pages\/5999\/revisions\/12107"}],"wp:attachment":[{"href":"https:\/\/www.topguide24.com\/fr\/wp-json\/wp\/v2\/media?parent=5999"}],"curies":[{"name":"wp","href":"https:\/\/api.w.org\/{rel}","templated":true}]}}