{"id":6496,"date":"2017-01-06T11:03:35","date_gmt":"2017-01-06T10:03:35","guid":{"rendered":"http:\/\/www.topguide24.com\/it\/?page_id=6496"},"modified":"2018-04-02T22:08:52","modified_gmt":"2018-04-02T20:08:52","slug":"tour-di-parigi","status":"publish","type":"page","link":"https:\/\/www.topguide24.com\/it\/tutte-le-destinazioni\/tour-di-parigi\/","title":{"rendered":"Tour di Parigi"},"content":{"rendered":"<p>Parigi \u00e8 considerata una delle citt\u00e0 pi\u00f9 romantiche del mondo, con una storia ricca e vibrante, una superba architettura, ampi viali, una miriade di bar e ristoranti, nonch\u00e9 monumenti simbolo. Un giro turistico della capitale francese \u00e8 un must per coloro che la visitano per la prima volta, cos\u00ec come per chi frequenta regolarmente questa citt\u00e0.<\/p>\n<p>Con i suoi 1.665 gradini, il monumento pi\u00f9 famoso di Parigi \u00e8 la Torre Eiffel, che si eleva per 324 metri sopra la citt\u00e0. Costruita nel 1889 e originariamente destinata a durare solo per 20 anni, la torre continua ad attrarre visitatori da tutto il mondo. Sono disponibili ascensori per coloro che non sono in grado di affrontare i suoi tre livelli di scale.<\/p>\n<p>Montmartre, nel 18\u00b0 arrondissement di Parigi, una volta era un piccolo villaggio, ma, anche se ora si trova saldamente entro i confini della citt\u00e0, le sue strade ricoperte da ciottoli, i vicoli e le piccole case la rendono ancora una zona pittoresca e deliziosa. \u00c8 sede della Basilica Sacr\u00e9-Cour, la Basilica del Sacro Cuore, nel punto pi\u00f9 alto della citt\u00e0, che commemora due eventi del 1871: la guerra franco-prussiana e la Comune di Parigi.<br \/>\nPer gli amanti dell&#8217;arte, il Louvre, la casa della Gioconda, la Venere di Milo e una vasta gamma di ulteriori attrazioni, rappresentano un must assoluto. L&#8217;ex palazzo reale, trasformato in museo dal 1793, ospita collezioni dall&#8217;alba dell&#8217;uomo fino ai tempi moderni. L&#8217;ingresso principale \u00e8 la Piramide del Louvre, una grande piramide di vetro completata nel 1989, che divenne rapidamente un altro simbolo iconico di Parigi.<\/p>\n<p>L&#8217;Arco di Trionfo, che si innalza all&#8217;estremit\u00e0 occidentale degli Champs-\u00c9lys\u00e9es, \u00e8 stato commissionato da Napoleone nel 1806 per onorare la Grande Armata. Qui si trova anche la Tomba del Milite Ignoto.<\/p>\n<p>Altri notevoli luoghi di interesse includono la Cattedrale di Notre Dame, situata sulla \u00cele de la Cit\u00e9, il Centro Pompidou, sede del Museo Nazionale d&#8217;Arte Moderna, e le Catacombe, che contengono i resti di oltre sei milioni di persone.<\/p>\n<p>Uno dei modi pi\u00f9 semplici per vedere tutte le attrazioni \u00e8 quello di prendere parte a un Big Bus Tour, con escursioni sia diurne che notturne della citt\u00e0. I tour hop-on hop-off permettono ai visitatori di vedere tutte le attrazioni principali e di esplorare le zone a loro piacimento.<\/p>\n<h4>Prenotazione tour e attivit\u00e0 a Parigi<\/h4>\n<p>Vacanze rilassanti &#8211; Prenota interessanti escursioni, attivit\u00e0 e visite turistiche a Parigi nel comfort della tua casa prima della partenza:<\/p>\n<p><center><\/p>\n<div class=\"tour\">\n<div class=\"tour-link\"><a href=\"https:\/\/www.topguide24.com\/it\/tour\/francia\/parigi\/\">Confronta ora oltre 1480 tour e attivit\u00e0 a Parigi!<\/a><\/div>\n<\/div>\n<p><\/center><\/p>\n","protected":false},"excerpt":{"rendered":"<p>Parigi \u00e8 considerata una delle citt\u00e0 pi\u00f9 romantiche del mondo, con una storia ricca e vibrante, una superba architettura, ampi viali, una miriade di bar e ristoranti, nonch\u00e9 monumenti simbolo. Un giro turistico della capitale francese \u00e8 un must per coloro che la visitano per la prima volta, cos\u00ec come per chi frequenta regolarmente questa [&hellip;]<\/p>\n","protected":false},"author":1,"featured_media":7319,"parent":1403,"menu_order":0,"comment_status":"closed","ping_status":"closed","template":"","meta":{"footnotes":""},"class_list":["post-6496","page","type-page","status-publish","has-post-thumbnail","hentry"],"acf":[],"yoast_head":"<!-- This site is optimized with the Yoast SEO plugin v27.0 - https:\/\/yoast.com\/product\/yoast-seo-wordpress\/ -->\n<title>Prenotazione tour e attivit\u00e0 a Parigi &#187; Topguide24.com<\/title>\n<meta name=\"description\" content=\"Confronta ora oltre 1480 tour e attivit\u00e0 a Parigi! Visite guidate alle migliori attrazioni e altre attivit\u00e0 per il tempo libero a Parigi.\" \/>\n<meta name=\"robots\" content=\"index, follow, max-snippet:-1, max-image-preview:large, max-video-preview:-1\" \/>\n<link rel=\"canonical\" href=\"https:\/\/www.topguide24.com\/it\/tutte-le-destinazioni\/tour-di-parigi\/\" \/>\n<meta property=\"og:locale\" content=\"it_IT\" \/>\n<meta property=\"og:type\" content=\"article\" \/>\n<meta property=\"og:title\" content=\"Prenotazione tour e attivit\u00e0 a Parigi &#187; Topguide24.com\" \/>\n<meta property=\"og:description\" content=\"Confronta ora oltre 1480 tour e attivit\u00e0 a Parigi! Visite guidate alle migliori attrazioni e altre attivit\u00e0 per il tempo libero a Parigi.\" \/>\n<meta property=\"og:url\" content=\"https:\/\/www.topguide24.com\/it\/tutte-le-destinazioni\/tour-di-parigi\/\" \/>\n<meta property=\"og:site_name\" content=\"Topguide24.com\" \/>\n<meta property=\"article:publisher\" content=\"https:\/\/www.facebook.com\/topguide24\/\" \/>\n<meta property=\"article:modified_time\" content=\"2018-04-02T20:08:52+00:00\" \/>\n<meta property=\"og:image\" content=\"https:\/\/www.topguide24.com\/it\/wp-content\/uploads\/2018\/03\/Paris-1.jpg\" \/>\n\t<meta property=\"og:image:width\" content=\"1900\" \/>\n\t<meta property=\"og:image:height\" content=\"400\" \/>\n\t<meta property=\"og:image:type\" content=\"image\/jpeg\" \/>\n<meta name=\"twitter:card\" content=\"summary_large_image\" \/>\n<meta name=\"twitter:site\" content=\"@topguide24\" \/>\n<meta name=\"twitter:label1\" content=\"Tempo di lettura stimato\" \/>\n\t<meta name=\"twitter:data1\" content=\"2 minuti\" \/>\n<script type=\"application\/ld+json\" class=\"yoast-schema-graph\">{\"@context\":\"https:\/\/schema.org\",\"@graph\":[{\"@type\":\"WebPage\",\"@id\":\"https:\/\/www.topguide24.com\/it\/tutte-le-destinazioni\/tour-di-parigi\/\",\"url\":\"https:\/\/www.topguide24.com\/it\/tutte-le-destinazioni\/tour-di-parigi\/\",\"name\":\"Prenotazione tour e attivit\u00e0 a Parigi &#187; Topguide24.com\",\"isPartOf\":{\"@id\":\"https:\/\/www.topguide24.com\/it\/#website\"},\"primaryImageOfPage\":{\"@id\":\"https:\/\/www.topguide24.com\/it\/tutte-le-destinazioni\/tour-di-parigi\/#primaryimage\"},\"image\":{\"@id\":\"https:\/\/www.topguide24.com\/it\/tutte-le-destinazioni\/tour-di-parigi\/#primaryimage\"},\"thumbnailUrl\":\"https:\/\/www.topguide24.com\/it\/wp-content\/uploads\/2018\/03\/Paris-1.jpg\",\"datePublished\":\"2017-01-06T10:03:35+00:00\",\"dateModified\":\"2018-04-02T20:08:52+00:00\",\"description\":\"Confronta ora oltre 1480 tour e attivit\u00e0 a Parigi! Visite guidate alle migliori attrazioni e altre attivit\u00e0 per il tempo libero a Parigi.\",\"breadcrumb\":{\"@id\":\"https:\/\/www.topguide24.com\/it\/tutte-le-destinazioni\/tour-di-parigi\/#breadcrumb\"},\"inLanguage\":\"it-IT\",\"potentialAction\":[{\"@type\":\"ReadAction\",\"target\":[\"https:\/\/www.topguide24.com\/it\/tutte-le-destinazioni\/tour-di-parigi\/\"]}]},{\"@type\":\"ImageObject\",\"inLanguage\":\"it-IT\",\"@id\":\"https:\/\/www.topguide24.com\/it\/tutte-le-destinazioni\/tour-di-parigi\/#primaryimage\",\"url\":\"https:\/\/www.topguide24.com\/it\/wp-content\/uploads\/2018\/03\/Paris-1.jpg\",\"contentUrl\":\"https:\/\/www.topguide24.com\/it\/wp-content\/uploads\/2018\/03\/Paris-1.jpg\",\"width\":1900,\"height\":400},{\"@type\":\"BreadcrumbList\",\"@id\":\"https:\/\/www.topguide24.com\/it\/tutte-le-destinazioni\/tour-di-parigi\/#breadcrumb\",\"itemListElement\":[{\"@type\":\"ListItem\",\"position\":1,\"name\":\"Home\",\"item\":\"https:\/\/www.topguide24.com\/it\/\"},{\"@type\":\"ListItem\",\"position\":2,\"name\":\"Tutte le destinazioni\",\"item\":\"https:\/\/www.topguide24.com\/it\/tutte-le-destinazioni\/\"},{\"@type\":\"ListItem\",\"position\":3,\"name\":\"Tour di Parigi\"}]},{\"@type\":\"WebSite\",\"@id\":\"https:\/\/www.topguide24.com\/it\/#website\",\"url\":\"https:\/\/www.topguide24.com\/it\/\",\"name\":\"Topguide24.com\",\"description\":\"Prenota gite, visite e attivit\u00e0\",\"potentialAction\":[{\"@type\":\"SearchAction\",\"target\":{\"@type\":\"EntryPoint\",\"urlTemplate\":\"https:\/\/www.topguide24.com\/it\/?s={search_term_string}\"},\"query-input\":{\"@type\":\"PropertyValueSpecification\",\"valueRequired\":true,\"valueName\":\"search_term_string\"}}],\"inLanguage\":\"it-IT\"}]}<\/script>\n<!-- \/ Yoast SEO plugin. -->","yoast_head_json":{"title":"Prenotazione tour e attivit\u00e0 a Parigi &#187; Topguide24.com","description":"Confronta ora oltre 1480 tour e attivit\u00e0 a Parigi! Visite guidate alle migliori attrazioni e altre attivit\u00e0 per il tempo libero a Parigi.","robots":{"index":"index","follow":"follow","max-snippet":"max-snippet:-1","max-image-preview":"max-image-preview:large","max-video-preview":"max-video-preview:-1"},"canonical":"https:\/\/www.topguide24.com\/it\/tutte-le-destinazioni\/tour-di-parigi\/","og_locale":"it_IT","og_type":"article","og_title":"Prenotazione tour e attivit\u00e0 a Parigi &#187; Topguide24.com","og_description":"Confronta ora oltre 1480 tour e attivit\u00e0 a Parigi! Visite guidate alle migliori attrazioni e altre attivit\u00e0 per il tempo libero a Parigi.","og_url":"https:\/\/www.topguide24.com\/it\/tutte-le-destinazioni\/tour-di-parigi\/","og_site_name":"Topguide24.com","article_publisher":"https:\/\/www.facebook.com\/topguide24\/","article_modified_time":"2018-04-02T20:08:52+00:00","og_image":[{"width":1900,"height":400,"url":"https:\/\/www.topguide24.com\/it\/wp-content\/uploads\/2018\/03\/Paris-1.jpg","type":"image\/jpeg"}],"twitter_card":"summary_large_image","twitter_site":"@topguide24","twitter_misc":{"Tempo di lettura stimato":"2 minuti"},"schema":{"@context":"https:\/\/schema.org","@graph":[{"@type":"WebPage","@id":"https:\/\/www.topguide24.com\/it\/tutte-le-destinazioni\/tour-di-parigi\/","url":"https:\/\/www.topguide24.com\/it\/tutte-le-destinazioni\/tour-di-parigi\/","name":"Prenotazione tour e attivit\u00e0 a Parigi &#187; Topguide24.com","isPartOf":{"@id":"https:\/\/www.topguide24.com\/it\/#website"},"primaryImageOfPage":{"@id":"https:\/\/www.topguide24.com\/it\/tutte-le-destinazioni\/tour-di-parigi\/#primaryimage"},"image":{"@id":"https:\/\/www.topguide24.com\/it\/tutte-le-destinazioni\/tour-di-parigi\/#primaryimage"},"thumbnailUrl":"https:\/\/www.topguide24.com\/it\/wp-content\/uploads\/2018\/03\/Paris-1.jpg","datePublished":"2017-01-06T10:03:35+00:00","dateModified":"2018-04-02T20:08:52+00:00","description":"Confronta ora oltre 1480 tour e attivit\u00e0 a Parigi! Visite guidate alle migliori attrazioni e altre attivit\u00e0 per il tempo libero a Parigi.","breadcrumb":{"@id":"https:\/\/www.topguide24.com\/it\/tutte-le-destinazioni\/tour-di-parigi\/#breadcrumb"},"inLanguage":"it-IT","potentialAction":[{"@type":"ReadAction","target":["https:\/\/www.topguide24.com\/it\/tutte-le-destinazioni\/tour-di-parigi\/"]}]},{"@type":"ImageObject","inLanguage":"it-IT","@id":"https:\/\/www.topguide24.com\/it\/tutte-le-destinazioni\/tour-di-parigi\/#primaryimage","url":"https:\/\/www.topguide24.com\/it\/wp-content\/uploads\/2018\/03\/Paris-1.jpg","contentUrl":"https:\/\/www.topguide24.com\/it\/wp-content\/uploads\/2018\/03\/Paris-1.jpg","width":1900,"height":400},{"@type":"BreadcrumbList","@id":"https:\/\/www.topguide24.com\/it\/tutte-le-destinazioni\/tour-di-parigi\/#breadcrumb","itemListElement":[{"@type":"ListItem","position":1,"name":"Home","item":"https:\/\/www.topguide24.com\/it\/"},{"@type":"ListItem","position":2,"name":"Tutte le destinazioni","item":"https:\/\/www.topguide24.com\/it\/tutte-le-destinazioni\/"},{"@type":"ListItem","position":3,"name":"Tour di Parigi"}]},{"@type":"WebSite","@id":"https:\/\/www.topguide24.com\/it\/#website","url":"https:\/\/www.topguide24.com\/it\/","name":"Topguide24.com","description":"Prenota gite, visite e attivit\u00e0","potentialAction":[{"@type":"SearchAction","target":{"@type":"EntryPoint","urlTemplate":"https:\/\/www.topguide24.com\/it\/?s={search_term_string}"},"query-input":{"@type":"PropertyValueSpecification","valueRequired":true,"valueName":"search_term_string"}}],"inLanguage":"it-IT"}]}},"post_mailing_queue_ids":[],"_links":{"self":[{"href":"https:\/\/www.topguide24.com\/it\/wp-json\/wp\/v2\/pages\/6496","targetHints":{"allow":["GET"]}}],"collection":[{"href":"https:\/\/www.topguide24.com\/it\/wp-json\/wp\/v2\/pages"}],"about":[{"href":"https:\/\/www.topguide24.com\/it\/wp-json\/wp\/v2\/types\/page"}],"author":[{"embeddable":true,"href":"https:\/\/www.topguide24.com\/it\/wp-json\/wp\/v2\/users\/1"}],"replies":[{"embeddable":true,"href":"https:\/\/www.topguide24.com\/it\/wp-json\/wp\/v2\/comments?post=6496"}],"version-history":[{"count":7,"href":"https:\/\/www.topguide24.com\/it\/wp-json\/wp\/v2\/pages\/6496\/revisions"}],"predecessor-version":[{"id":7360,"href":"https:\/\/www.topguide24.com\/it\/wp-json\/wp\/v2\/pages\/6496\/revisions\/7360"}],"up":[{"embeddable":true,"href":"https:\/\/www.topguide24.com\/it\/wp-json\/wp\/v2\/pages\/1403"}],"wp:featuredmedia":[{"embeddable":true,"href":"https:\/\/www.topguide24.com\/it\/wp-json\/wp\/v2\/media\/7319"}],"wp:attachment":[{"href":"https:\/\/www.topguide24.com\/it\/wp-json\/wp\/v2\/media?parent=6496"}],"curies":[{"name":"wp","href":"https:\/\/api.w.org\/{rel}","templated":true}]}}