{"id":6504,"date":"2017-01-06T12:08:21","date_gmt":"2017-01-06T11:08:21","guid":{"rendered":"http:\/\/www.topguide24.com\/it\/?page_id=6504"},"modified":"2018-04-02T21:58:26","modified_gmt":"2018-04-02T19:58:26","slug":"tour-di-berlino","status":"publish","type":"page","link":"https:\/\/www.topguide24.com\/it\/tutte-le-destinazioni\/tour-di-berlino\/","title":{"rendered":"Tour di Berlino"},"content":{"rendered":"<p>Berlino, la capitale della Germania, \u00e8 un luogo di storia e tragedia. Si tratta di una destinazione ideale per chiunque sia interessato alla storia europea, all&#8217;arte o alla cultura, o per coloro che vogliono semplicemente passeggiare per la citt\u00e0 ammirando fino a dieci secoli di architettura.<\/p>\n<p>Con cos\u00ec tante attrazioni da guardare e visitare, \u00e8 difficile scegliere qual \u00e8 il modo migliore per esplorare la citt\u00e0. Una visita guidata \u00e8 un buon modo per iniziare, cos\u00ec puoi farti un&#8217;idea delle tante attrazioni che si trovano tra i confini Berlino. Qualunque sia il tour scelto, potrai sempre orientarti individuando all&#8217;orizzonte la torre della televisione di Berlino, o Fernsehturm. Con i suoi 1.200 piedi (368 m) la torre \u00e8 visibile dalla maggior parte della citt\u00e0, e la maggior parte della citt\u00e0 \u00e8 visibile dai visitatori che raggiungono il suo punto di osservazione.<br \/>\nSono disponibili tour in autobus attraverso tutta la citt\u00e0 di Berlino, inclusi tour in autobus scoperti a due piani. Il Big Bus tour permette al possessore del biglietto di salire e scendere dall&#8217;autobus in pi\u00f9 location durante tutto il percorso, in modo che i turisti possano esplorare le diverse aree di interesse, inclusa la visita alla Reichstag Dome. Costruita sopra l&#8217;aula di discussione dell&#8217;edificio che comprende il parlamento tedesco, questa cupola di vetro offre una vista panoramica a 360 gradi sul paesaggio urbano di Berlino e vi si accede attraverso scale a chiocciola in acciaio.<\/p>\n<p>Un altro sito da non perdere \u00e8 la Porta di Brandeburgo &#8211; il pi\u00f9 famoso e fotografato monumento di Berlino. Fin dalla sua costruzione nel 1730, ha fatto da sfondo alla maggior parte dei grandi eventi di Berlino, tra cui la marcia trionfale di Napoleone nel 1806, e ha fatto parte del muro di Berlino nel corso del 20\u00b0 secolo.<\/p>\n<p>Berlino \u00e8 una citt\u00e0 ricca di storia che ha attraversato i secoli. Sia che ti trovi in visita per un breve soggiorno, oppure per un periodo pi\u00f9 lungo, un tour in autobus attraverso la citt\u00e0 \u00e8 un ottimo modo per conoscere e per scoprire la variet\u00e0 di attrazioni disponibili.<\/p>\n<h4>Prenotazione tour e attivit\u00e0 a Berlino<\/h4>\n<p>Vacanze rilassanti &#8211; Prenota interessanti escursioni, attivit\u00e0 e visite turistiche a Berlino nel comfort della tua casa prima della partenza:<\/p>\n<p><center><\/p>\n<div class=\"tour\">\n<div class=\"tour-link\"><a href=\"https:\/\/www.topguide24.com\/it\/tour\/germania\/berlino\/\">Confronta ora oltre 796 tour e attivit\u00e0 a Berlino!<\/a><\/div>\n<\/div>\n<p><\/center><\/p>\n","protected":false},"excerpt":{"rendered":"<p>Berlino, la capitale della Germania, \u00e8 un luogo di storia e tragedia. Si tratta di una destinazione ideale per chiunque sia interessato alla storia europea, all&#8217;arte o alla cultura, o per coloro che vogliono semplicemente passeggiare per la citt\u00e0 ammirando fino a dieci secoli di architettura. Con cos\u00ec tante attrazioni da guardare e visitare, \u00e8 [&hellip;]<\/p>\n","protected":false},"author":1,"featured_media":7277,"parent":1403,"menu_order":0,"comment_status":"closed","ping_status":"closed","template":"","meta":{"footnotes":""},"class_list":["post-6504","page","type-page","status-publish","has-post-thumbnail","hentry"],"acf":[],"yoast_head":"<!-- This site is optimized with the Yoast SEO plugin v27.0 - https:\/\/yoast.com\/product\/yoast-seo-wordpress\/ -->\n<title>Prenotazione tour e attivit\u00e0 a Berlino &#187; Topguide24.com<\/title>\n<meta name=\"description\" content=\"Confronta ora oltre 796 tour e attivit\u00e0 a Berlino! Visite guidate alle migliori attrazioni e altre attivit\u00e0 per il tempo libero a Berlino.\" \/>\n<meta name=\"robots\" content=\"index, follow, max-snippet:-1, max-image-preview:large, max-video-preview:-1\" \/>\n<link rel=\"canonical\" href=\"https:\/\/www.topguide24.com\/it\/tutte-le-destinazioni\/tour-di-berlino\/\" \/>\n<meta property=\"og:locale\" content=\"it_IT\" \/>\n<meta property=\"og:type\" content=\"article\" \/>\n<meta property=\"og:title\" content=\"Prenotazione tour e attivit\u00e0 a Berlino &#187; Topguide24.com\" \/>\n<meta property=\"og:description\" content=\"Confronta ora oltre 796 tour e attivit\u00e0 a Berlino! Visite guidate alle migliori attrazioni e altre attivit\u00e0 per il tempo libero a Berlino.\" \/>\n<meta property=\"og:url\" content=\"https:\/\/www.topguide24.com\/it\/tutte-le-destinazioni\/tour-di-berlino\/\" \/>\n<meta property=\"og:site_name\" content=\"Topguide24.com\" \/>\n<meta property=\"article:publisher\" content=\"https:\/\/www.facebook.com\/topguide24\/\" \/>\n<meta property=\"article:modified_time\" content=\"2018-04-02T19:58:26+00:00\" \/>\n<meta property=\"og:image\" content=\"https:\/\/www.topguide24.com\/it\/wp-content\/uploads\/2018\/03\/Berlin-1.jpg\" \/>\n\t<meta property=\"og:image:width\" content=\"1900\" \/>\n\t<meta property=\"og:image:height\" content=\"400\" \/>\n\t<meta property=\"og:image:type\" content=\"image\/jpeg\" \/>\n<meta name=\"twitter:card\" content=\"summary_large_image\" \/>\n<meta name=\"twitter:site\" content=\"@topguide24\" \/>\n<meta name=\"twitter:label1\" content=\"Tempo di lettura stimato\" \/>\n\t<meta name=\"twitter:data1\" content=\"2 minuti\" \/>\n<script type=\"application\/ld+json\" class=\"yoast-schema-graph\">{\"@context\":\"https:\/\/schema.org\",\"@graph\":[{\"@type\":\"WebPage\",\"@id\":\"https:\/\/www.topguide24.com\/it\/tutte-le-destinazioni\/tour-di-berlino\/\",\"url\":\"https:\/\/www.topguide24.com\/it\/tutte-le-destinazioni\/tour-di-berlino\/\",\"name\":\"Prenotazione tour e attivit\u00e0 a Berlino &#187; Topguide24.com\",\"isPartOf\":{\"@id\":\"https:\/\/www.topguide24.com\/it\/#website\"},\"primaryImageOfPage\":{\"@id\":\"https:\/\/www.topguide24.com\/it\/tutte-le-destinazioni\/tour-di-berlino\/#primaryimage\"},\"image\":{\"@id\":\"https:\/\/www.topguide24.com\/it\/tutte-le-destinazioni\/tour-di-berlino\/#primaryimage\"},\"thumbnailUrl\":\"https:\/\/www.topguide24.com\/it\/wp-content\/uploads\/2018\/03\/Berlin-1.jpg\",\"datePublished\":\"2017-01-06T11:08:21+00:00\",\"dateModified\":\"2018-04-02T19:58:26+00:00\",\"description\":\"Confronta ora oltre 796 tour e attivit\u00e0 a Berlino! Visite guidate alle migliori attrazioni e altre attivit\u00e0 per il tempo libero a Berlino.\",\"breadcrumb\":{\"@id\":\"https:\/\/www.topguide24.com\/it\/tutte-le-destinazioni\/tour-di-berlino\/#breadcrumb\"},\"inLanguage\":\"it-IT\",\"potentialAction\":[{\"@type\":\"ReadAction\",\"target\":[\"https:\/\/www.topguide24.com\/it\/tutte-le-destinazioni\/tour-di-berlino\/\"]}]},{\"@type\":\"ImageObject\",\"inLanguage\":\"it-IT\",\"@id\":\"https:\/\/www.topguide24.com\/it\/tutte-le-destinazioni\/tour-di-berlino\/#primaryimage\",\"url\":\"https:\/\/www.topguide24.com\/it\/wp-content\/uploads\/2018\/03\/Berlin-1.jpg\",\"contentUrl\":\"https:\/\/www.topguide24.com\/it\/wp-content\/uploads\/2018\/03\/Berlin-1.jpg\",\"width\":1900,\"height\":400},{\"@type\":\"BreadcrumbList\",\"@id\":\"https:\/\/www.topguide24.com\/it\/tutte-le-destinazioni\/tour-di-berlino\/#breadcrumb\",\"itemListElement\":[{\"@type\":\"ListItem\",\"position\":1,\"name\":\"Home\",\"item\":\"https:\/\/www.topguide24.com\/it\/\"},{\"@type\":\"ListItem\",\"position\":2,\"name\":\"Tutte le destinazioni\",\"item\":\"https:\/\/www.topguide24.com\/it\/tutte-le-destinazioni\/\"},{\"@type\":\"ListItem\",\"position\":3,\"name\":\"Tour di Berlino\"}]},{\"@type\":\"WebSite\",\"@id\":\"https:\/\/www.topguide24.com\/it\/#website\",\"url\":\"https:\/\/www.topguide24.com\/it\/\",\"name\":\"Topguide24.com\",\"description\":\"Prenota gite, visite e attivit\u00e0\",\"potentialAction\":[{\"@type\":\"SearchAction\",\"target\":{\"@type\":\"EntryPoint\",\"urlTemplate\":\"https:\/\/www.topguide24.com\/it\/?s={search_term_string}\"},\"query-input\":{\"@type\":\"PropertyValueSpecification\",\"valueRequired\":true,\"valueName\":\"search_term_string\"}}],\"inLanguage\":\"it-IT\"}]}<\/script>\n<!-- \/ Yoast SEO plugin. -->","yoast_head_json":{"title":"Prenotazione tour e attivit\u00e0 a Berlino &#187; Topguide24.com","description":"Confronta ora oltre 796 tour e attivit\u00e0 a Berlino! Visite guidate alle migliori attrazioni e altre attivit\u00e0 per il tempo libero a Berlino.","robots":{"index":"index","follow":"follow","max-snippet":"max-snippet:-1","max-image-preview":"max-image-preview:large","max-video-preview":"max-video-preview:-1"},"canonical":"https:\/\/www.topguide24.com\/it\/tutte-le-destinazioni\/tour-di-berlino\/","og_locale":"it_IT","og_type":"article","og_title":"Prenotazione tour e attivit\u00e0 a Berlino &#187; Topguide24.com","og_description":"Confronta ora oltre 796 tour e attivit\u00e0 a Berlino! Visite guidate alle migliori attrazioni e altre attivit\u00e0 per il tempo libero a Berlino.","og_url":"https:\/\/www.topguide24.com\/it\/tutte-le-destinazioni\/tour-di-berlino\/","og_site_name":"Topguide24.com","article_publisher":"https:\/\/www.facebook.com\/topguide24\/","article_modified_time":"2018-04-02T19:58:26+00:00","og_image":[{"width":1900,"height":400,"url":"https:\/\/www.topguide24.com\/it\/wp-content\/uploads\/2018\/03\/Berlin-1.jpg","type":"image\/jpeg"}],"twitter_card":"summary_large_image","twitter_site":"@topguide24","twitter_misc":{"Tempo di lettura stimato":"2 minuti"},"schema":{"@context":"https:\/\/schema.org","@graph":[{"@type":"WebPage","@id":"https:\/\/www.topguide24.com\/it\/tutte-le-destinazioni\/tour-di-berlino\/","url":"https:\/\/www.topguide24.com\/it\/tutte-le-destinazioni\/tour-di-berlino\/","name":"Prenotazione tour e attivit\u00e0 a Berlino &#187; Topguide24.com","isPartOf":{"@id":"https:\/\/www.topguide24.com\/it\/#website"},"primaryImageOfPage":{"@id":"https:\/\/www.topguide24.com\/it\/tutte-le-destinazioni\/tour-di-berlino\/#primaryimage"},"image":{"@id":"https:\/\/www.topguide24.com\/it\/tutte-le-destinazioni\/tour-di-berlino\/#primaryimage"},"thumbnailUrl":"https:\/\/www.topguide24.com\/it\/wp-content\/uploads\/2018\/03\/Berlin-1.jpg","datePublished":"2017-01-06T11:08:21+00:00","dateModified":"2018-04-02T19:58:26+00:00","description":"Confronta ora oltre 796 tour e attivit\u00e0 a Berlino! Visite guidate alle migliori attrazioni e altre attivit\u00e0 per il tempo libero a Berlino.","breadcrumb":{"@id":"https:\/\/www.topguide24.com\/it\/tutte-le-destinazioni\/tour-di-berlino\/#breadcrumb"},"inLanguage":"it-IT","potentialAction":[{"@type":"ReadAction","target":["https:\/\/www.topguide24.com\/it\/tutte-le-destinazioni\/tour-di-berlino\/"]}]},{"@type":"ImageObject","inLanguage":"it-IT","@id":"https:\/\/www.topguide24.com\/it\/tutte-le-destinazioni\/tour-di-berlino\/#primaryimage","url":"https:\/\/www.topguide24.com\/it\/wp-content\/uploads\/2018\/03\/Berlin-1.jpg","contentUrl":"https:\/\/www.topguide24.com\/it\/wp-content\/uploads\/2018\/03\/Berlin-1.jpg","width":1900,"height":400},{"@type":"BreadcrumbList","@id":"https:\/\/www.topguide24.com\/it\/tutte-le-destinazioni\/tour-di-berlino\/#breadcrumb","itemListElement":[{"@type":"ListItem","position":1,"name":"Home","item":"https:\/\/www.topguide24.com\/it\/"},{"@type":"ListItem","position":2,"name":"Tutte le destinazioni","item":"https:\/\/www.topguide24.com\/it\/tutte-le-destinazioni\/"},{"@type":"ListItem","position":3,"name":"Tour di Berlino"}]},{"@type":"WebSite","@id":"https:\/\/www.topguide24.com\/it\/#website","url":"https:\/\/www.topguide24.com\/it\/","name":"Topguide24.com","description":"Prenota gite, visite e attivit\u00e0","potentialAction":[{"@type":"SearchAction","target":{"@type":"EntryPoint","urlTemplate":"https:\/\/www.topguide24.com\/it\/?s={search_term_string}"},"query-input":{"@type":"PropertyValueSpecification","valueRequired":true,"valueName":"search_term_string"}}],"inLanguage":"it-IT"}]}},"post_mailing_queue_ids":[],"_links":{"self":[{"href":"https:\/\/www.topguide24.com\/it\/wp-json\/wp\/v2\/pages\/6504","targetHints":{"allow":["GET"]}}],"collection":[{"href":"https:\/\/www.topguide24.com\/it\/wp-json\/wp\/v2\/pages"}],"about":[{"href":"https:\/\/www.topguide24.com\/it\/wp-json\/wp\/v2\/types\/page"}],"author":[{"embeddable":true,"href":"https:\/\/www.topguide24.com\/it\/wp-json\/wp\/v2\/users\/1"}],"replies":[{"embeddable":true,"href":"https:\/\/www.topguide24.com\/it\/wp-json\/wp\/v2\/comments?post=6504"}],"version-history":[{"count":3,"href":"https:\/\/www.topguide24.com\/it\/wp-json\/wp\/v2\/pages\/6504\/revisions"}],"predecessor-version":[{"id":7353,"href":"https:\/\/www.topguide24.com\/it\/wp-json\/wp\/v2\/pages\/6504\/revisions\/7353"}],"up":[{"embeddable":true,"href":"https:\/\/www.topguide24.com\/it\/wp-json\/wp\/v2\/pages\/1403"}],"wp:featuredmedia":[{"embeddable":true,"href":"https:\/\/www.topguide24.com\/it\/wp-json\/wp\/v2\/media\/7277"}],"wp:attachment":[{"href":"https:\/\/www.topguide24.com\/it\/wp-json\/wp\/v2\/media?parent=6504"}],"curies":[{"name":"wp","href":"https:\/\/api.w.org\/{rel}","templated":true}]}}