{"id":6507,"date":"2017-01-06T12:12:04","date_gmt":"2017-01-06T11:12:04","guid":{"rendered":"http:\/\/www.topguide24.com\/it\/?page_id=6507"},"modified":"2018-04-02T22:09:58","modified_gmt":"2018-04-02T20:09:58","slug":"tour-di-roma","status":"publish","type":"page","link":"https:\/\/www.topguide24.com\/it\/tutte-le-destinazioni\/tour-di-roma\/","title":{"rendered":"Tour di Roma"},"content":{"rendered":"<p>La storica citt\u00e0 di Roma \u00e8 una meta spettacolare per tutti i viaggiatori pi\u00f9 esigenti e offre una moltitudine di attrazioni per soddisfare qualsiasi itinerario di vacanza. Da un Big Bus Tour intorno alla splendida citt\u00e0, ai musei Vaticani e, naturalmente, al rinomato Colosseo: Roma offre una serie di escursioni e attivit\u00e0 per tutti i gusti!<br \/>\nNon puoi visitare Roma senza vedere il Colosseo, l&#8217;attrazione per la quale la citt\u00e0 \u00e8 famosa! Sono disponibili una serie di tour a prezzi competitivi che ti permettono di scoprire la storia antica a portata di mano. Tra le molte offerte, ce ne sono diverse dedicate alle famiglie; una visita al Colosseo rappresenta una splendida gita di un giorno ideale sia per la famiglia che per i singoli individui. Un altro must da visitare durante il tuo soggiorno sono i vari musei Vaticani situati entro i confini della citt\u00e0, i quali espongono una moltitudine di opere storiche e sculture accumulate dai Papi nel corso dei secoli. Ci sono tutti i tipi di escursioni a disposizione, per una guida esperta sulla ricca storia all&#8217;interno della citt\u00e0. Un altro punto di riferimento storico della citt\u00e0 \u00e8 la Cappella Sistina, la residenza ufficiale del Papa nella Citt\u00e0 del Vaticano, con una grande variet\u00e0 di tour disponibili per ammirare la grandezza e la bellezza di un punto di riferimento architettonico cos\u00ec significativo. Allo stesso modo, la Basilica di San Pietro, una chiesa rinascimentale italiana enclave pontificia all&#8217;interno della citt\u00e0 di Roma, fornir\u00e0 un altro affascinante spaccato della ricca storia da scoprire grazie ai vari tour attraverso la citt\u00e0 di Roma.<\/p>\n<p>A parte le attrazioni storiche della citt\u00e0, ci sono molti tour che ti daranno la possibilit\u00e0 di esplorare fino in fondo le moderne e cosmopolite strade di Roma. Per esempio, il giro turistico Big Bus di Roma mette in mostra la citt\u00e0 in tutto il suo splendore; con una visione sia della cultura storica che moderna della citt\u00e0, fornita attraverso un commento informativo personale e una comoda politica &#8216;hop on hop off&#8217;. In tutta Roma ci sono diversi giri turistici come questi, che ti permetteranno di vivere l&#8217;atmosfera accogliente e vivace della citt\u00e0!<\/p>\n<h4>Prenotazione tour e attivit\u00e0 a Roma<\/h4>\n<p>Vacanze rilassanti &#8211; Prenota interessanti escursioni, attivit\u00e0 e visite turistiche a Roma nel comfort della tua casa prima della partenza:<\/p>\n<p><center><\/p>\n<div class=\"tour\">\n<div class=\"tour-link\"><a href=\"https:\/\/www.topguide24.com\/it\/tour\/italia\/roma\/\">Confronta ora oltre 1840 tour e attivit\u00e0 a Roma!<\/a><\/div>\n<\/div>\n<p><\/center><\/p>\n","protected":false},"excerpt":{"rendered":"<p>La storica citt\u00e0 di Roma \u00e8 una meta spettacolare per tutti i viaggiatori pi\u00f9 esigenti e offre una moltitudine di attrazioni per soddisfare qualsiasi itinerario di vacanza. Da un Big Bus Tour intorno alla splendida citt\u00e0, ai musei Vaticani e, naturalmente, al rinomato Colosseo: Roma offre una serie di escursioni e attivit\u00e0 per tutti i [&hellip;]<\/p>\n","protected":false},"author":1,"featured_media":7324,"parent":1403,"menu_order":0,"comment_status":"closed","ping_status":"closed","template":"","meta":{"footnotes":""},"class_list":["post-6507","page","type-page","status-publish","has-post-thumbnail","hentry"],"acf":[],"yoast_head":"<!-- This site is optimized with the Yoast SEO plugin v27.0 - https:\/\/yoast.com\/product\/yoast-seo-wordpress\/ -->\n<title>Prenotazione tour e attivit\u00e0 a Roma &#187; Topguide24.com<\/title>\n<meta name=\"description\" content=\"Confronta ora oltre 1840 tour e attivit\u00e0 a Roma! Visite guidate alle migliori attrazioni e altre attivit\u00e0 per il tempo libero a Roma.\" \/>\n<meta name=\"robots\" content=\"index, follow, max-snippet:-1, max-image-preview:large, max-video-preview:-1\" \/>\n<link rel=\"canonical\" href=\"https:\/\/www.topguide24.com\/it\/tutte-le-destinazioni\/tour-di-roma\/\" \/>\n<meta property=\"og:locale\" content=\"it_IT\" \/>\n<meta property=\"og:type\" content=\"article\" \/>\n<meta property=\"og:title\" content=\"Prenotazione tour e attivit\u00e0 a Roma &#187; Topguide24.com\" \/>\n<meta property=\"og:description\" content=\"Confronta ora oltre 1840 tour e attivit\u00e0 a Roma! Visite guidate alle migliori attrazioni e altre attivit\u00e0 per il tempo libero a Roma.\" \/>\n<meta property=\"og:url\" content=\"https:\/\/www.topguide24.com\/it\/tutte-le-destinazioni\/tour-di-roma\/\" \/>\n<meta property=\"og:site_name\" content=\"Topguide24.com\" \/>\n<meta property=\"article:publisher\" content=\"https:\/\/www.facebook.com\/topguide24\/\" \/>\n<meta property=\"article:modified_time\" content=\"2018-04-02T20:09:58+00:00\" \/>\n<meta property=\"og:image\" content=\"https:\/\/www.topguide24.com\/it\/wp-content\/uploads\/2018\/03\/Rom-1.jpg\" \/>\n\t<meta property=\"og:image:width\" content=\"1900\" \/>\n\t<meta property=\"og:image:height\" content=\"400\" \/>\n\t<meta property=\"og:image:type\" content=\"image\/jpeg\" \/>\n<meta name=\"twitter:card\" content=\"summary_large_image\" \/>\n<meta name=\"twitter:site\" content=\"@topguide24\" \/>\n<meta name=\"twitter:label1\" content=\"Tempo di lettura stimato\" \/>\n\t<meta name=\"twitter:data1\" content=\"2 minuti\" \/>\n<script type=\"application\/ld+json\" class=\"yoast-schema-graph\">{\"@context\":\"https:\/\/schema.org\",\"@graph\":[{\"@type\":\"WebPage\",\"@id\":\"https:\/\/www.topguide24.com\/it\/tutte-le-destinazioni\/tour-di-roma\/\",\"url\":\"https:\/\/www.topguide24.com\/it\/tutte-le-destinazioni\/tour-di-roma\/\",\"name\":\"Prenotazione tour e attivit\u00e0 a Roma &#187; Topguide24.com\",\"isPartOf\":{\"@id\":\"https:\/\/www.topguide24.com\/it\/#website\"},\"primaryImageOfPage\":{\"@id\":\"https:\/\/www.topguide24.com\/it\/tutte-le-destinazioni\/tour-di-roma\/#primaryimage\"},\"image\":{\"@id\":\"https:\/\/www.topguide24.com\/it\/tutte-le-destinazioni\/tour-di-roma\/#primaryimage\"},\"thumbnailUrl\":\"https:\/\/www.topguide24.com\/it\/wp-content\/uploads\/2018\/03\/Rom-1.jpg\",\"datePublished\":\"2017-01-06T11:12:04+00:00\",\"dateModified\":\"2018-04-02T20:09:58+00:00\",\"description\":\"Confronta ora oltre 1840 tour e attivit\u00e0 a Roma! Visite guidate alle migliori attrazioni e altre attivit\u00e0 per il tempo libero a Roma.\",\"breadcrumb\":{\"@id\":\"https:\/\/www.topguide24.com\/it\/tutte-le-destinazioni\/tour-di-roma\/#breadcrumb\"},\"inLanguage\":\"it-IT\",\"potentialAction\":[{\"@type\":\"ReadAction\",\"target\":[\"https:\/\/www.topguide24.com\/it\/tutte-le-destinazioni\/tour-di-roma\/\"]}]},{\"@type\":\"ImageObject\",\"inLanguage\":\"it-IT\",\"@id\":\"https:\/\/www.topguide24.com\/it\/tutte-le-destinazioni\/tour-di-roma\/#primaryimage\",\"url\":\"https:\/\/www.topguide24.com\/it\/wp-content\/uploads\/2018\/03\/Rom-1.jpg\",\"contentUrl\":\"https:\/\/www.topguide24.com\/it\/wp-content\/uploads\/2018\/03\/Rom-1.jpg\",\"width\":1900,\"height\":400},{\"@type\":\"BreadcrumbList\",\"@id\":\"https:\/\/www.topguide24.com\/it\/tutte-le-destinazioni\/tour-di-roma\/#breadcrumb\",\"itemListElement\":[{\"@type\":\"ListItem\",\"position\":1,\"name\":\"Home\",\"item\":\"https:\/\/www.topguide24.com\/it\/\"},{\"@type\":\"ListItem\",\"position\":2,\"name\":\"Tutte le destinazioni\",\"item\":\"https:\/\/www.topguide24.com\/it\/tutte-le-destinazioni\/\"},{\"@type\":\"ListItem\",\"position\":3,\"name\":\"Tour di Roma\"}]},{\"@type\":\"WebSite\",\"@id\":\"https:\/\/www.topguide24.com\/it\/#website\",\"url\":\"https:\/\/www.topguide24.com\/it\/\",\"name\":\"Topguide24.com\",\"description\":\"Prenota gite, visite e attivit\u00e0\",\"potentialAction\":[{\"@type\":\"SearchAction\",\"target\":{\"@type\":\"EntryPoint\",\"urlTemplate\":\"https:\/\/www.topguide24.com\/it\/?s={search_term_string}\"},\"query-input\":{\"@type\":\"PropertyValueSpecification\",\"valueRequired\":true,\"valueName\":\"search_term_string\"}}],\"inLanguage\":\"it-IT\"}]}<\/script>\n<!-- \/ Yoast SEO plugin. -->","yoast_head_json":{"title":"Prenotazione tour e attivit\u00e0 a Roma &#187; Topguide24.com","description":"Confronta ora oltre 1840 tour e attivit\u00e0 a Roma! Visite guidate alle migliori attrazioni e altre attivit\u00e0 per il tempo libero a Roma.","robots":{"index":"index","follow":"follow","max-snippet":"max-snippet:-1","max-image-preview":"max-image-preview:large","max-video-preview":"max-video-preview:-1"},"canonical":"https:\/\/www.topguide24.com\/it\/tutte-le-destinazioni\/tour-di-roma\/","og_locale":"it_IT","og_type":"article","og_title":"Prenotazione tour e attivit\u00e0 a Roma &#187; Topguide24.com","og_description":"Confronta ora oltre 1840 tour e attivit\u00e0 a Roma! Visite guidate alle migliori attrazioni e altre attivit\u00e0 per il tempo libero a Roma.","og_url":"https:\/\/www.topguide24.com\/it\/tutte-le-destinazioni\/tour-di-roma\/","og_site_name":"Topguide24.com","article_publisher":"https:\/\/www.facebook.com\/topguide24\/","article_modified_time":"2018-04-02T20:09:58+00:00","og_image":[{"width":1900,"height":400,"url":"https:\/\/www.topguide24.com\/it\/wp-content\/uploads\/2018\/03\/Rom-1.jpg","type":"image\/jpeg"}],"twitter_card":"summary_large_image","twitter_site":"@topguide24","twitter_misc":{"Tempo di lettura stimato":"2 minuti"},"schema":{"@context":"https:\/\/schema.org","@graph":[{"@type":"WebPage","@id":"https:\/\/www.topguide24.com\/it\/tutte-le-destinazioni\/tour-di-roma\/","url":"https:\/\/www.topguide24.com\/it\/tutte-le-destinazioni\/tour-di-roma\/","name":"Prenotazione tour e attivit\u00e0 a Roma &#187; Topguide24.com","isPartOf":{"@id":"https:\/\/www.topguide24.com\/it\/#website"},"primaryImageOfPage":{"@id":"https:\/\/www.topguide24.com\/it\/tutte-le-destinazioni\/tour-di-roma\/#primaryimage"},"image":{"@id":"https:\/\/www.topguide24.com\/it\/tutte-le-destinazioni\/tour-di-roma\/#primaryimage"},"thumbnailUrl":"https:\/\/www.topguide24.com\/it\/wp-content\/uploads\/2018\/03\/Rom-1.jpg","datePublished":"2017-01-06T11:12:04+00:00","dateModified":"2018-04-02T20:09:58+00:00","description":"Confronta ora oltre 1840 tour e attivit\u00e0 a Roma! Visite guidate alle migliori attrazioni e altre attivit\u00e0 per il tempo libero a Roma.","breadcrumb":{"@id":"https:\/\/www.topguide24.com\/it\/tutte-le-destinazioni\/tour-di-roma\/#breadcrumb"},"inLanguage":"it-IT","potentialAction":[{"@type":"ReadAction","target":["https:\/\/www.topguide24.com\/it\/tutte-le-destinazioni\/tour-di-roma\/"]}]},{"@type":"ImageObject","inLanguage":"it-IT","@id":"https:\/\/www.topguide24.com\/it\/tutte-le-destinazioni\/tour-di-roma\/#primaryimage","url":"https:\/\/www.topguide24.com\/it\/wp-content\/uploads\/2018\/03\/Rom-1.jpg","contentUrl":"https:\/\/www.topguide24.com\/it\/wp-content\/uploads\/2018\/03\/Rom-1.jpg","width":1900,"height":400},{"@type":"BreadcrumbList","@id":"https:\/\/www.topguide24.com\/it\/tutte-le-destinazioni\/tour-di-roma\/#breadcrumb","itemListElement":[{"@type":"ListItem","position":1,"name":"Home","item":"https:\/\/www.topguide24.com\/it\/"},{"@type":"ListItem","position":2,"name":"Tutte le destinazioni","item":"https:\/\/www.topguide24.com\/it\/tutte-le-destinazioni\/"},{"@type":"ListItem","position":3,"name":"Tour di Roma"}]},{"@type":"WebSite","@id":"https:\/\/www.topguide24.com\/it\/#website","url":"https:\/\/www.topguide24.com\/it\/","name":"Topguide24.com","description":"Prenota gite, visite e attivit\u00e0","potentialAction":[{"@type":"SearchAction","target":{"@type":"EntryPoint","urlTemplate":"https:\/\/www.topguide24.com\/it\/?s={search_term_string}"},"query-input":{"@type":"PropertyValueSpecification","valueRequired":true,"valueName":"search_term_string"}}],"inLanguage":"it-IT"}]}},"post_mailing_queue_ids":[],"_links":{"self":[{"href":"https:\/\/www.topguide24.com\/it\/wp-json\/wp\/v2\/pages\/6507","targetHints":{"allow":["GET"]}}],"collection":[{"href":"https:\/\/www.topguide24.com\/it\/wp-json\/wp\/v2\/pages"}],"about":[{"href":"https:\/\/www.topguide24.com\/it\/wp-json\/wp\/v2\/types\/page"}],"author":[{"embeddable":true,"href":"https:\/\/www.topguide24.com\/it\/wp-json\/wp\/v2\/users\/1"}],"replies":[{"embeddable":true,"href":"https:\/\/www.topguide24.com\/it\/wp-json\/wp\/v2\/comments?post=6507"}],"version-history":[{"count":3,"href":"https:\/\/www.topguide24.com\/it\/wp-json\/wp\/v2\/pages\/6507\/revisions"}],"predecessor-version":[{"id":7362,"href":"https:\/\/www.topguide24.com\/it\/wp-json\/wp\/v2\/pages\/6507\/revisions\/7362"}],"up":[{"embeddable":true,"href":"https:\/\/www.topguide24.com\/it\/wp-json\/wp\/v2\/pages\/1403"}],"wp:featuredmedia":[{"embeddable":true,"href":"https:\/\/www.topguide24.com\/it\/wp-json\/wp\/v2\/media\/7324"}],"wp:attachment":[{"href":"https:\/\/www.topguide24.com\/it\/wp-json\/wp\/v2\/media?parent=6507"}],"curies":[{"name":"wp","href":"https:\/\/api.w.org\/{rel}","templated":true}]}}