{"id":6510,"date":"2017-01-06T12:15:59","date_gmt":"2017-01-06T11:15:59","guid":{"rendered":"http:\/\/www.topguide24.com\/it\/?page_id=6510"},"modified":"2018-04-02T22:01:45","modified_gmt":"2018-04-02T20:01:45","slug":"tour-di-malta","status":"publish","type":"page","link":"https:\/\/www.topguide24.com\/it\/tutte-le-destinazioni\/tour-di-malta\/","title":{"rendered":"Tour di Malta"},"content":{"rendered":"<p>L&#8217;arcipelago di Malta si trova a soli 95 km a sud della Sicilia nel cuore del Mediterraneo e offre, insieme alle sue isole sorelle di Gozo e Comino, una vasta scelta di attivit\u00e0 per una vacanza perfetta. Con meno di tre ore di volo ti troverai circondato dalla calorosa ospitalit\u00e0 dei maltesi, lo stile di vita cordiale del Mediterraneo, 300 giorni di sole all&#8217;anno, oltre a 7000 anni di storia antica e al background culturale unico dell&#8217;isola. La comunicazione qui non \u00e8 un problema. Malta \u00e8 stata una colonia britannica fino al 1964 e l&#8217;inglese \u00e8 la seconda lingua ufficiale dell&#8217;isola. Questo trasforma Malta in una destinazione interessante anche per le persone che vogliono imparare l&#8217;inglese.<\/p>\n<p>Ti trovi nel posto giusto anche se sei appassionato di cultura. Malta \u00e8 la sede di numerosi patrimoni culturali dell&#8217;umanit\u00e0 Unesco. I pi\u00f9 famosi sono il tempio megalite preistorico, il complesso del tempio sotterraneo &#8220;Ipogeo&#8221; e Valletta, la capitale con influenze barocche che \u00e8 stata costruita dai Cavalieri di San Giovanni.<\/p>\n<p>Se ami lo sport, amerai Malta. \u00c8 il luogo ideale per immergersi, fare escursioni, arrampicate, bike, vela, surf o paddle surfing. Grazie alle sue temperature miti si possono praticare sport quasi tutto l&#8217;anno.<\/p>\n<p>A Malta si pu\u00f2 anche godere di una grande offerta di eventi diversi &#8211; musicali, culturali o sportivi. Non perdere una delle sue famose &#8220;Festas&#8221;, che si celebrano tra maggio e settembre. I maltesi celebrano i loro santi con cortei colorati, accompagnati dalla musica delle fanfare e da affascinanti fuochi d&#8217;artificio.<\/p>\n<p>A solo mezz&#8217;ora di distanza potrai visitare la piccola isola sorella di Gozo in traghetto. \u00c8 nota anche come &#8220;l&#8217;isola verde&#8221; per la sua natura ricca, che crea un contrasto con l&#8217;isola principale di Malta.<\/p>\n<p>Gozo \u00e8 un vero posto per intenditori e ha un&#8217;atmosfera molto tranquilla e rilassante dove trascorrere alcuni giorni speciali e dimenticare il mondo esterno &#8211; soggiorna in una delle tipiche case coloniche che sono state riformate e ora offrono un alloggio di lusso, oppure soggiorna in uno degli alberghi dell&#8217;isola.<\/p>\n<h4>Prenotazione tour e attivit\u00e0 a Malta<\/h4>\n<p>Vacanze rilassanti &#8211; Prenota interessanti escursioni, attivit\u00e0 e visite turistiche a Malta nel comfort della tua casa prima della partenza:<\/p>\n<p><center><\/p>\n<div class=\"tour\">\n<div class=\"tour-link\"><a href=\"https:\/\/www.topguide24.com\/it\/tour\/malta\/valletta\/\">Confronta ora oltre 78 tour e attivit\u00e0 a Valletta!<\/a><\/div>\n<\/div>\n<p><\/center><\/p>\n","protected":false},"excerpt":{"rendered":"<p>L&#8217;arcipelago di Malta si trova a soli 95 km a sud della Sicilia nel cuore del Mediterraneo e offre, insieme alle sue isole sorelle di Gozo e Comino, una vasta scelta di attivit\u00e0 per una vacanza perfetta. Con meno di tre ore di volo ti troverai circondato dalla calorosa ospitalit\u00e0 dei maltesi, lo stile di [&hellip;]<\/p>\n","protected":false},"author":1,"featured_media":7312,"parent":1403,"menu_order":0,"comment_status":"closed","ping_status":"closed","template":"","meta":{"footnotes":""},"class_list":["post-6510","page","type-page","status-publish","has-post-thumbnail","hentry"],"acf":[],"yoast_head":"<!-- This site is optimized with the Yoast SEO plugin v27.0 - https:\/\/yoast.com\/product\/yoast-seo-wordpress\/ -->\n<title>Prenotazione tour e attivit\u00e0 a Malta &#187; Topguide24.com<\/title>\n<meta name=\"description\" content=\"Confronta ora oltre 78 tour e attivit\u00e0 a Valletta! Visite guidate alle migliori attrazioni e altre attivit\u00e0 per il tempo libero a Malta.\" \/>\n<meta name=\"robots\" content=\"index, follow, max-snippet:-1, max-image-preview:large, max-video-preview:-1\" \/>\n<link rel=\"canonical\" href=\"https:\/\/www.topguide24.com\/it\/tutte-le-destinazioni\/tour-di-malta\/\" \/>\n<meta property=\"og:locale\" content=\"it_IT\" \/>\n<meta property=\"og:type\" content=\"article\" \/>\n<meta property=\"og:title\" content=\"Prenotazione tour e attivit\u00e0 a Malta &#187; Topguide24.com\" \/>\n<meta property=\"og:description\" content=\"Confronta ora oltre 78 tour e attivit\u00e0 a Valletta! Visite guidate alle migliori attrazioni e altre attivit\u00e0 per il tempo libero a Malta.\" \/>\n<meta property=\"og:url\" content=\"https:\/\/www.topguide24.com\/it\/tutte-le-destinazioni\/tour-di-malta\/\" \/>\n<meta property=\"og:site_name\" content=\"Topguide24.com\" \/>\n<meta property=\"article:publisher\" content=\"https:\/\/www.facebook.com\/topguide24\/\" \/>\n<meta property=\"article:modified_time\" content=\"2018-04-02T20:01:45+00:00\" \/>\n<meta property=\"og:image\" content=\"https:\/\/www.topguide24.com\/it\/wp-content\/uploads\/2018\/03\/Malta-1.jpg\" \/>\n\t<meta property=\"og:image:width\" content=\"1900\" \/>\n\t<meta property=\"og:image:height\" content=\"400\" \/>\n\t<meta property=\"og:image:type\" content=\"image\/jpeg\" \/>\n<meta name=\"twitter:card\" content=\"summary_large_image\" \/>\n<meta name=\"twitter:site\" content=\"@topguide24\" \/>\n<meta name=\"twitter:label1\" content=\"Tempo di lettura stimato\" \/>\n\t<meta name=\"twitter:data1\" content=\"2 minuti\" \/>\n<script type=\"application\/ld+json\" class=\"yoast-schema-graph\">{\"@context\":\"https:\/\/schema.org\",\"@graph\":[{\"@type\":\"WebPage\",\"@id\":\"https:\/\/www.topguide24.com\/it\/tutte-le-destinazioni\/tour-di-malta\/\",\"url\":\"https:\/\/www.topguide24.com\/it\/tutte-le-destinazioni\/tour-di-malta\/\",\"name\":\"Prenotazione tour e attivit\u00e0 a Malta &#187; Topguide24.com\",\"isPartOf\":{\"@id\":\"https:\/\/www.topguide24.com\/it\/#website\"},\"primaryImageOfPage\":{\"@id\":\"https:\/\/www.topguide24.com\/it\/tutte-le-destinazioni\/tour-di-malta\/#primaryimage\"},\"image\":{\"@id\":\"https:\/\/www.topguide24.com\/it\/tutte-le-destinazioni\/tour-di-malta\/#primaryimage\"},\"thumbnailUrl\":\"https:\/\/www.topguide24.com\/it\/wp-content\/uploads\/2018\/03\/Malta-1.jpg\",\"datePublished\":\"2017-01-06T11:15:59+00:00\",\"dateModified\":\"2018-04-02T20:01:45+00:00\",\"description\":\"Confronta ora oltre 78 tour e attivit\u00e0 a Valletta! Visite guidate alle migliori attrazioni e altre attivit\u00e0 per il tempo libero a Malta.\",\"breadcrumb\":{\"@id\":\"https:\/\/www.topguide24.com\/it\/tutte-le-destinazioni\/tour-di-malta\/#breadcrumb\"},\"inLanguage\":\"it-IT\",\"potentialAction\":[{\"@type\":\"ReadAction\",\"target\":[\"https:\/\/www.topguide24.com\/it\/tutte-le-destinazioni\/tour-di-malta\/\"]}]},{\"@type\":\"ImageObject\",\"inLanguage\":\"it-IT\",\"@id\":\"https:\/\/www.topguide24.com\/it\/tutte-le-destinazioni\/tour-di-malta\/#primaryimage\",\"url\":\"https:\/\/www.topguide24.com\/it\/wp-content\/uploads\/2018\/03\/Malta-1.jpg\",\"contentUrl\":\"https:\/\/www.topguide24.com\/it\/wp-content\/uploads\/2018\/03\/Malta-1.jpg\",\"width\":1900,\"height\":400},{\"@type\":\"BreadcrumbList\",\"@id\":\"https:\/\/www.topguide24.com\/it\/tutte-le-destinazioni\/tour-di-malta\/#breadcrumb\",\"itemListElement\":[{\"@type\":\"ListItem\",\"position\":1,\"name\":\"Home\",\"item\":\"https:\/\/www.topguide24.com\/it\/\"},{\"@type\":\"ListItem\",\"position\":2,\"name\":\"Tutte le destinazioni\",\"item\":\"https:\/\/www.topguide24.com\/it\/tutte-le-destinazioni\/\"},{\"@type\":\"ListItem\",\"position\":3,\"name\":\"Tour di Malta\"}]},{\"@type\":\"WebSite\",\"@id\":\"https:\/\/www.topguide24.com\/it\/#website\",\"url\":\"https:\/\/www.topguide24.com\/it\/\",\"name\":\"Topguide24.com\",\"description\":\"Prenota gite, visite e attivit\u00e0\",\"potentialAction\":[{\"@type\":\"SearchAction\",\"target\":{\"@type\":\"EntryPoint\",\"urlTemplate\":\"https:\/\/www.topguide24.com\/it\/?s={search_term_string}\"},\"query-input\":{\"@type\":\"PropertyValueSpecification\",\"valueRequired\":true,\"valueName\":\"search_term_string\"}}],\"inLanguage\":\"it-IT\"}]}<\/script>\n<!-- \/ Yoast SEO plugin. -->","yoast_head_json":{"title":"Prenotazione tour e attivit\u00e0 a Malta &#187; Topguide24.com","description":"Confronta ora oltre 78 tour e attivit\u00e0 a Valletta! Visite guidate alle migliori attrazioni e altre attivit\u00e0 per il tempo libero a Malta.","robots":{"index":"index","follow":"follow","max-snippet":"max-snippet:-1","max-image-preview":"max-image-preview:large","max-video-preview":"max-video-preview:-1"},"canonical":"https:\/\/www.topguide24.com\/it\/tutte-le-destinazioni\/tour-di-malta\/","og_locale":"it_IT","og_type":"article","og_title":"Prenotazione tour e attivit\u00e0 a Malta &#187; Topguide24.com","og_description":"Confronta ora oltre 78 tour e attivit\u00e0 a Valletta! Visite guidate alle migliori attrazioni e altre attivit\u00e0 per il tempo libero a Malta.","og_url":"https:\/\/www.topguide24.com\/it\/tutte-le-destinazioni\/tour-di-malta\/","og_site_name":"Topguide24.com","article_publisher":"https:\/\/www.facebook.com\/topguide24\/","article_modified_time":"2018-04-02T20:01:45+00:00","og_image":[{"width":1900,"height":400,"url":"https:\/\/www.topguide24.com\/it\/wp-content\/uploads\/2018\/03\/Malta-1.jpg","type":"image\/jpeg"}],"twitter_card":"summary_large_image","twitter_site":"@topguide24","twitter_misc":{"Tempo di lettura stimato":"2 minuti"},"schema":{"@context":"https:\/\/schema.org","@graph":[{"@type":"WebPage","@id":"https:\/\/www.topguide24.com\/it\/tutte-le-destinazioni\/tour-di-malta\/","url":"https:\/\/www.topguide24.com\/it\/tutte-le-destinazioni\/tour-di-malta\/","name":"Prenotazione tour e attivit\u00e0 a Malta &#187; Topguide24.com","isPartOf":{"@id":"https:\/\/www.topguide24.com\/it\/#website"},"primaryImageOfPage":{"@id":"https:\/\/www.topguide24.com\/it\/tutte-le-destinazioni\/tour-di-malta\/#primaryimage"},"image":{"@id":"https:\/\/www.topguide24.com\/it\/tutte-le-destinazioni\/tour-di-malta\/#primaryimage"},"thumbnailUrl":"https:\/\/www.topguide24.com\/it\/wp-content\/uploads\/2018\/03\/Malta-1.jpg","datePublished":"2017-01-06T11:15:59+00:00","dateModified":"2018-04-02T20:01:45+00:00","description":"Confronta ora oltre 78 tour e attivit\u00e0 a Valletta! Visite guidate alle migliori attrazioni e altre attivit\u00e0 per il tempo libero a Malta.","breadcrumb":{"@id":"https:\/\/www.topguide24.com\/it\/tutte-le-destinazioni\/tour-di-malta\/#breadcrumb"},"inLanguage":"it-IT","potentialAction":[{"@type":"ReadAction","target":["https:\/\/www.topguide24.com\/it\/tutte-le-destinazioni\/tour-di-malta\/"]}]},{"@type":"ImageObject","inLanguage":"it-IT","@id":"https:\/\/www.topguide24.com\/it\/tutte-le-destinazioni\/tour-di-malta\/#primaryimage","url":"https:\/\/www.topguide24.com\/it\/wp-content\/uploads\/2018\/03\/Malta-1.jpg","contentUrl":"https:\/\/www.topguide24.com\/it\/wp-content\/uploads\/2018\/03\/Malta-1.jpg","width":1900,"height":400},{"@type":"BreadcrumbList","@id":"https:\/\/www.topguide24.com\/it\/tutte-le-destinazioni\/tour-di-malta\/#breadcrumb","itemListElement":[{"@type":"ListItem","position":1,"name":"Home","item":"https:\/\/www.topguide24.com\/it\/"},{"@type":"ListItem","position":2,"name":"Tutte le destinazioni","item":"https:\/\/www.topguide24.com\/it\/tutte-le-destinazioni\/"},{"@type":"ListItem","position":3,"name":"Tour di Malta"}]},{"@type":"WebSite","@id":"https:\/\/www.topguide24.com\/it\/#website","url":"https:\/\/www.topguide24.com\/it\/","name":"Topguide24.com","description":"Prenota gite, visite e attivit\u00e0","potentialAction":[{"@type":"SearchAction","target":{"@type":"EntryPoint","urlTemplate":"https:\/\/www.topguide24.com\/it\/?s={search_term_string}"},"query-input":{"@type":"PropertyValueSpecification","valueRequired":true,"valueName":"search_term_string"}}],"inLanguage":"it-IT"}]}},"post_mailing_queue_ids":[],"_links":{"self":[{"href":"https:\/\/www.topguide24.com\/it\/wp-json\/wp\/v2\/pages\/6510","targetHints":{"allow":["GET"]}}],"collection":[{"href":"https:\/\/www.topguide24.com\/it\/wp-json\/wp\/v2\/pages"}],"about":[{"href":"https:\/\/www.topguide24.com\/it\/wp-json\/wp\/v2\/types\/page"}],"author":[{"embeddable":true,"href":"https:\/\/www.topguide24.com\/it\/wp-json\/wp\/v2\/users\/1"}],"replies":[{"embeddable":true,"href":"https:\/\/www.topguide24.com\/it\/wp-json\/wp\/v2\/comments?post=6510"}],"version-history":[{"count":3,"href":"https:\/\/www.topguide24.com\/it\/wp-json\/wp\/v2\/pages\/6510\/revisions"}],"predecessor-version":[{"id":7358,"href":"https:\/\/www.topguide24.com\/it\/wp-json\/wp\/v2\/pages\/6510\/revisions\/7358"}],"up":[{"embeddable":true,"href":"https:\/\/www.topguide24.com\/it\/wp-json\/wp\/v2\/pages\/1403"}],"wp:featuredmedia":[{"embeddable":true,"href":"https:\/\/www.topguide24.com\/it\/wp-json\/wp\/v2\/media\/7312"}],"wp:attachment":[{"href":"https:\/\/www.topguide24.com\/it\/wp-json\/wp\/v2\/media?parent=6510"}],"curies":[{"name":"wp","href":"https:\/\/api.w.org\/{rel}","templated":true}]}}