{"id":6513,"date":"2017-01-06T12:19:06","date_gmt":"2017-01-06T11:19:06","guid":{"rendered":"http:\/\/www.topguide24.com\/it\/?page_id=6513"},"modified":"2018-04-02T21:57:45","modified_gmt":"2018-04-02T19:57:45","slug":"tour-di-amsterdam","status":"publish","type":"page","link":"https:\/\/www.topguide24.com\/it\/tutte-le-destinazioni\/tour-di-amsterdam\/","title":{"rendered":"Tour di Amsterdam"},"content":{"rendered":"<p>Amsterdam, la capitale dei Paesi Bassi, \u00e8 una citt\u00e0 simbolo medievale famosa per i suoi canali elaborati, le molteplici piste ciclabili, i mulini a vento, i tulipani, le facciate a pignone e il patrimonio artistico.<br \/>\nIn una citt\u00e0 che ha tanto da offrire, \u00e8 difficile decidere da dove cominciare. Perch\u00e9 non andare all&#8217;A&#8217;DAM Lookout di recente apertura, situato sulle rive del fiume proprio di fronte alla Centraal Station? Arroccata a quasi 100 metri da terra, questa piattaforma di osservazione fornisce facilmente la migliore vista sulla citt\u00e0 di Amsterdam con la sua terrazza panoramica a 360\u00b0. Scoprirai il centro storico, fattorie e villaggi a nord e il lago IJsselmeer nella parte orientale. Vanta anche una mostra interattiva e, dal mese di agosto 2016, l&#8217;altalena pi\u00f9 alta d&#8217;Europa proprio sopra il bordo del ponte di osservazione. <\/p>\n<p>Altre attrazioni notevoli includono la Casa di Anna Frank, il Rijksmuseum (museo di arte e storia), il museo di Van Gogh, il Vondelpark, lo zoo Artis e la Centraal Station. Immergiti nell&#8217;atmosfera vagando nelle strade strette e nei cortili nascosti del quartiere Jordaan (uno dei quartieri pi\u00f9 famosi dei Paesi Bassi, originariamente sviluppato per le classi operaie). <\/p>\n<p>Amsterdam \u00e8 anche conosciuta come &#8216;La Venezia del Nord&#8217;. \u00c8 possibile trascorrere un pomeriggio piacevole vagando lungo Prinsengracht, il pi\u00f9 lungo canale principale di Amsterdam, ammirando edifici degni di nota come Westerkerk (Chiesa Occidentale; la chiesa pi\u00f9 alta di Amsterdam), la casa di Anna Frank e Noordermarkt (Mercato del Nord).<br \/>\nPerch\u00e9 non salire su una bicicletta a noleggio e pedalare in giro per Amsterdam? Grazie al suo paesaggio pianeggiante e a miglia di piste ciclabili, Amsterdam \u00e8 una delle citt\u00e0 pi\u00f9 adatte in tutto il mondo per essere visitata in bicicletta &#8211; ci sono oltre 800.000 biciclette ad Amsterdam!<\/p>\n<p>Amsterdam offre anche una moltitudine di visite guidate, compreso ma non esclusivo il Big Bus Tour, Old Amsterdam, il tour del quartiere a luci rosse, il tour in bici privata e giri in barca. Ci sono anche tour personalizzati per interessi specifici come l&#8217;agricoltura urbana, l&#8217;architettura, i mulini a vento, l&#8217;area del cantiere, la parte ebraica di Amsterdam, la fotografia e la metropolitana. Per chi cerca qualcosa di diverso ci sono anche tour in zone poco conosciute e tour come abitanti del posto.<\/p>\n<h4>Prenotazione tour e attivit\u00e0 a Amsterdam<\/h4>\n<p>Vacanze rilassanti &#8211; Prenota interessanti escursioni, attivit\u00e0 e visite turistiche a Amsterdam nel comfort della tua casa prima della partenza:<\/p>\n<p><center><\/p>\n<div class=\"tour\">\n<div class=\"tour-link\"><a href=\"https:\/\/www.topguide24.com\/it\/tour\/paesi-bassi\/amsterdam\/\">Confronta ora oltre 762 tour e attivit\u00e0 a Amsterdam!<\/a><\/div>\n<\/div>\n<p><\/center><\/p>\n","protected":false},"excerpt":{"rendered":"<p>Amsterdam, la capitale dei Paesi Bassi, \u00e8 una citt\u00e0 simbolo medievale famosa per i suoi canali elaborati, le molteplici piste ciclabili, i mulini a vento, i tulipani, le facciate a pignone e il patrimonio artistico. In una citt\u00e0 che ha tanto da offrire, \u00e8 difficile decidere da dove cominciare. Perch\u00e9 non andare all&#8217;A&#8217;DAM Lookout di [&hellip;]<\/p>\n","protected":false},"author":1,"featured_media":7275,"parent":1403,"menu_order":0,"comment_status":"closed","ping_status":"closed","template":"","meta":{"footnotes":""},"class_list":["post-6513","page","type-page","status-publish","has-post-thumbnail","hentry"],"acf":[],"yoast_head":"<!-- This site is optimized with the Yoast SEO plugin v27.0 - https:\/\/yoast.com\/product\/yoast-seo-wordpress\/ -->\n<title>Prenotazione tour e attivit\u00e0 a Amsterdam &#187; Topguide24.com<\/title>\n<meta name=\"description\" content=\"Confronta ora oltre 762 tour e attivit\u00e0 a Amsterdam! Visite guidate alle migliori attrazioni e altre attivit\u00e0 per il tempo libero a Amsterdam.\" \/>\n<meta name=\"robots\" content=\"index, follow, max-snippet:-1, max-image-preview:large, max-video-preview:-1\" \/>\n<link rel=\"canonical\" href=\"https:\/\/www.topguide24.com\/it\/tutte-le-destinazioni\/tour-di-amsterdam\/\" \/>\n<meta property=\"og:locale\" content=\"it_IT\" \/>\n<meta property=\"og:type\" content=\"article\" \/>\n<meta property=\"og:title\" content=\"Prenotazione tour e attivit\u00e0 a Amsterdam &#187; Topguide24.com\" \/>\n<meta property=\"og:description\" content=\"Confronta ora oltre 762 tour e attivit\u00e0 a Amsterdam! Visite guidate alle migliori attrazioni e altre attivit\u00e0 per il tempo libero a Amsterdam.\" \/>\n<meta property=\"og:url\" content=\"https:\/\/www.topguide24.com\/it\/tutte-le-destinazioni\/tour-di-amsterdam\/\" \/>\n<meta property=\"og:site_name\" content=\"Topguide24.com\" \/>\n<meta property=\"article:publisher\" content=\"https:\/\/www.facebook.com\/topguide24\/\" \/>\n<meta property=\"article:modified_time\" content=\"2018-04-02T19:57:45+00:00\" \/>\n<meta property=\"og:image\" content=\"https:\/\/www.topguide24.com\/it\/wp-content\/uploads\/2018\/03\/Amsterdam-1.jpg\" \/>\n\t<meta property=\"og:image:width\" content=\"1900\" \/>\n\t<meta property=\"og:image:height\" content=\"400\" \/>\n\t<meta property=\"og:image:type\" content=\"image\/jpeg\" \/>\n<meta name=\"twitter:card\" content=\"summary_large_image\" \/>\n<meta name=\"twitter:site\" content=\"@topguide24\" \/>\n<meta name=\"twitter:label1\" content=\"Tempo di lettura stimato\" \/>\n\t<meta name=\"twitter:data1\" content=\"2 minuti\" \/>\n<script type=\"application\/ld+json\" class=\"yoast-schema-graph\">{\"@context\":\"https:\/\/schema.org\",\"@graph\":[{\"@type\":\"WebPage\",\"@id\":\"https:\/\/www.topguide24.com\/it\/tutte-le-destinazioni\/tour-di-amsterdam\/\",\"url\":\"https:\/\/www.topguide24.com\/it\/tutte-le-destinazioni\/tour-di-amsterdam\/\",\"name\":\"Prenotazione tour e attivit\u00e0 a Amsterdam &#187; Topguide24.com\",\"isPartOf\":{\"@id\":\"https:\/\/www.topguide24.com\/it\/#website\"},\"primaryImageOfPage\":{\"@id\":\"https:\/\/www.topguide24.com\/it\/tutte-le-destinazioni\/tour-di-amsterdam\/#primaryimage\"},\"image\":{\"@id\":\"https:\/\/www.topguide24.com\/it\/tutte-le-destinazioni\/tour-di-amsterdam\/#primaryimage\"},\"thumbnailUrl\":\"https:\/\/www.topguide24.com\/it\/wp-content\/uploads\/2018\/03\/Amsterdam-1.jpg\",\"datePublished\":\"2017-01-06T11:19:06+00:00\",\"dateModified\":\"2018-04-02T19:57:45+00:00\",\"description\":\"Confronta ora oltre 762 tour e attivit\u00e0 a Amsterdam! Visite guidate alle migliori attrazioni e altre attivit\u00e0 per il tempo libero a Amsterdam.\",\"breadcrumb\":{\"@id\":\"https:\/\/www.topguide24.com\/it\/tutte-le-destinazioni\/tour-di-amsterdam\/#breadcrumb\"},\"inLanguage\":\"it-IT\",\"potentialAction\":[{\"@type\":\"ReadAction\",\"target\":[\"https:\/\/www.topguide24.com\/it\/tutte-le-destinazioni\/tour-di-amsterdam\/\"]}]},{\"@type\":\"ImageObject\",\"inLanguage\":\"it-IT\",\"@id\":\"https:\/\/www.topguide24.com\/it\/tutte-le-destinazioni\/tour-di-amsterdam\/#primaryimage\",\"url\":\"https:\/\/www.topguide24.com\/it\/wp-content\/uploads\/2018\/03\/Amsterdam-1.jpg\",\"contentUrl\":\"https:\/\/www.topguide24.com\/it\/wp-content\/uploads\/2018\/03\/Amsterdam-1.jpg\",\"width\":1900,\"height\":400},{\"@type\":\"BreadcrumbList\",\"@id\":\"https:\/\/www.topguide24.com\/it\/tutte-le-destinazioni\/tour-di-amsterdam\/#breadcrumb\",\"itemListElement\":[{\"@type\":\"ListItem\",\"position\":1,\"name\":\"Home\",\"item\":\"https:\/\/www.topguide24.com\/it\/\"},{\"@type\":\"ListItem\",\"position\":2,\"name\":\"Tutte le destinazioni\",\"item\":\"https:\/\/www.topguide24.com\/it\/tutte-le-destinazioni\/\"},{\"@type\":\"ListItem\",\"position\":3,\"name\":\"Tour di Amsterdam\"}]},{\"@type\":\"WebSite\",\"@id\":\"https:\/\/www.topguide24.com\/it\/#website\",\"url\":\"https:\/\/www.topguide24.com\/it\/\",\"name\":\"Topguide24.com\",\"description\":\"Prenota gite, visite e attivit\u00e0\",\"potentialAction\":[{\"@type\":\"SearchAction\",\"target\":{\"@type\":\"EntryPoint\",\"urlTemplate\":\"https:\/\/www.topguide24.com\/it\/?s={search_term_string}\"},\"query-input\":{\"@type\":\"PropertyValueSpecification\",\"valueRequired\":true,\"valueName\":\"search_term_string\"}}],\"inLanguage\":\"it-IT\"}]}<\/script>\n<!-- \/ Yoast SEO plugin. -->","yoast_head_json":{"title":"Prenotazione tour e attivit\u00e0 a Amsterdam &#187; Topguide24.com","description":"Confronta ora oltre 762 tour e attivit\u00e0 a Amsterdam! Visite guidate alle migliori attrazioni e altre attivit\u00e0 per il tempo libero a Amsterdam.","robots":{"index":"index","follow":"follow","max-snippet":"max-snippet:-1","max-image-preview":"max-image-preview:large","max-video-preview":"max-video-preview:-1"},"canonical":"https:\/\/www.topguide24.com\/it\/tutte-le-destinazioni\/tour-di-amsterdam\/","og_locale":"it_IT","og_type":"article","og_title":"Prenotazione tour e attivit\u00e0 a Amsterdam &#187; Topguide24.com","og_description":"Confronta ora oltre 762 tour e attivit\u00e0 a Amsterdam! Visite guidate alle migliori attrazioni e altre attivit\u00e0 per il tempo libero a Amsterdam.","og_url":"https:\/\/www.topguide24.com\/it\/tutte-le-destinazioni\/tour-di-amsterdam\/","og_site_name":"Topguide24.com","article_publisher":"https:\/\/www.facebook.com\/topguide24\/","article_modified_time":"2018-04-02T19:57:45+00:00","og_image":[{"width":1900,"height":400,"url":"https:\/\/www.topguide24.com\/it\/wp-content\/uploads\/2018\/03\/Amsterdam-1.jpg","type":"image\/jpeg"}],"twitter_card":"summary_large_image","twitter_site":"@topguide24","twitter_misc":{"Tempo di lettura stimato":"2 minuti"},"schema":{"@context":"https:\/\/schema.org","@graph":[{"@type":"WebPage","@id":"https:\/\/www.topguide24.com\/it\/tutte-le-destinazioni\/tour-di-amsterdam\/","url":"https:\/\/www.topguide24.com\/it\/tutte-le-destinazioni\/tour-di-amsterdam\/","name":"Prenotazione tour e attivit\u00e0 a Amsterdam &#187; Topguide24.com","isPartOf":{"@id":"https:\/\/www.topguide24.com\/it\/#website"},"primaryImageOfPage":{"@id":"https:\/\/www.topguide24.com\/it\/tutte-le-destinazioni\/tour-di-amsterdam\/#primaryimage"},"image":{"@id":"https:\/\/www.topguide24.com\/it\/tutte-le-destinazioni\/tour-di-amsterdam\/#primaryimage"},"thumbnailUrl":"https:\/\/www.topguide24.com\/it\/wp-content\/uploads\/2018\/03\/Amsterdam-1.jpg","datePublished":"2017-01-06T11:19:06+00:00","dateModified":"2018-04-02T19:57:45+00:00","description":"Confronta ora oltre 762 tour e attivit\u00e0 a Amsterdam! Visite guidate alle migliori attrazioni e altre attivit\u00e0 per il tempo libero a Amsterdam.","breadcrumb":{"@id":"https:\/\/www.topguide24.com\/it\/tutte-le-destinazioni\/tour-di-amsterdam\/#breadcrumb"},"inLanguage":"it-IT","potentialAction":[{"@type":"ReadAction","target":["https:\/\/www.topguide24.com\/it\/tutte-le-destinazioni\/tour-di-amsterdam\/"]}]},{"@type":"ImageObject","inLanguage":"it-IT","@id":"https:\/\/www.topguide24.com\/it\/tutte-le-destinazioni\/tour-di-amsterdam\/#primaryimage","url":"https:\/\/www.topguide24.com\/it\/wp-content\/uploads\/2018\/03\/Amsterdam-1.jpg","contentUrl":"https:\/\/www.topguide24.com\/it\/wp-content\/uploads\/2018\/03\/Amsterdam-1.jpg","width":1900,"height":400},{"@type":"BreadcrumbList","@id":"https:\/\/www.topguide24.com\/it\/tutte-le-destinazioni\/tour-di-amsterdam\/#breadcrumb","itemListElement":[{"@type":"ListItem","position":1,"name":"Home","item":"https:\/\/www.topguide24.com\/it\/"},{"@type":"ListItem","position":2,"name":"Tutte le destinazioni","item":"https:\/\/www.topguide24.com\/it\/tutte-le-destinazioni\/"},{"@type":"ListItem","position":3,"name":"Tour di Amsterdam"}]},{"@type":"WebSite","@id":"https:\/\/www.topguide24.com\/it\/#website","url":"https:\/\/www.topguide24.com\/it\/","name":"Topguide24.com","description":"Prenota gite, visite e attivit\u00e0","potentialAction":[{"@type":"SearchAction","target":{"@type":"EntryPoint","urlTemplate":"https:\/\/www.topguide24.com\/it\/?s={search_term_string}"},"query-input":{"@type":"PropertyValueSpecification","valueRequired":true,"valueName":"search_term_string"}}],"inLanguage":"it-IT"}]}},"post_mailing_queue_ids":[],"_links":{"self":[{"href":"https:\/\/www.topguide24.com\/it\/wp-json\/wp\/v2\/pages\/6513","targetHints":{"allow":["GET"]}}],"collection":[{"href":"https:\/\/www.topguide24.com\/it\/wp-json\/wp\/v2\/pages"}],"about":[{"href":"https:\/\/www.topguide24.com\/it\/wp-json\/wp\/v2\/types\/page"}],"author":[{"embeddable":true,"href":"https:\/\/www.topguide24.com\/it\/wp-json\/wp\/v2\/users\/1"}],"replies":[{"embeddable":true,"href":"https:\/\/www.topguide24.com\/it\/wp-json\/wp\/v2\/comments?post=6513"}],"version-history":[{"count":3,"href":"https:\/\/www.topguide24.com\/it\/wp-json\/wp\/v2\/pages\/6513\/revisions"}],"predecessor-version":[{"id":7349,"href":"https:\/\/www.topguide24.com\/it\/wp-json\/wp\/v2\/pages\/6513\/revisions\/7349"}],"up":[{"embeddable":true,"href":"https:\/\/www.topguide24.com\/it\/wp-json\/wp\/v2\/pages\/1403"}],"wp:featuredmedia":[{"embeddable":true,"href":"https:\/\/www.topguide24.com\/it\/wp-json\/wp\/v2\/media\/7275"}],"wp:attachment":[{"href":"https:\/\/www.topguide24.com\/it\/wp-json\/wp\/v2\/media?parent=6513"}],"curies":[{"name":"wp","href":"https:\/\/api.w.org\/{rel}","templated":true}]}}