{"id":6715,"date":"2017-06-14T23:44:25","date_gmt":"2017-06-14T21:44:25","guid":{"rendered":"http:\/\/www.topguide24.com\/it\/?page_id=6715"},"modified":"2024-01-07T21:37:08","modified_gmt":"2024-01-07T20:37:08","slug":"start","status":"publish","type":"page","link":"https:\/\/www.topguide24.com\/it\/start\/","title":{"rendered":""},"content":{"rendered":"<style>\n#breadcrumbs{display:none;}<\/p>\n<\/style>\n<div class=\"containers\" style=\"padding: 1px;\">\n<div class=\"col-md-12 col-sm-12 addpad5p\" style=\"text-align: center;\">\n<h1 class=\"pop-head\">DESTINAZIONI POPOLARI<\/h1>\n\n<section id=\"features\" class=\"wide\">\n<h1 class=\"pop-head\">TOUR, ESCURSIONI &#038; ATTIVIT\u00c0<\/h1>\n<div id=\"Home_text\">Scopri pi\u00f9 di 350.000 esperienze in tutto il mondo e confronta e prenota le migliori escursioni e attivit\u00e0 per la tua vacanza da sogno con Topguide24!<\/div>\n<\/section>\n<\/div>\n<div class=\"col-md-12 col-sm-12 addpad5p\" style=\"text-align: center;\">\n<h1 class=\"pop-head\">ATTRAZIONI TURISTICHE POPOLARI<\/h1>\n<\/div>\n<div class=\"col-sm-12 col-md-12 addpad5p\">\n<section id=\"features\" class=\"wide\">\n<div class=\"row feature-boxes\">\n      <center><\/p>\n<h1 class=\"pop-head\">PERCH\u00c9 TOPGUIDE24?<\/h1>\n<p><\/center><\/p>\n<ul>\n<li class=\"feature-box\">\n<div class=\"feature-box-icon\">\n            <i class=\"fa fa-search\"><\/i>\n          <\/div>\n<div class=\"feature-box-text\">\n<h4>La pi\u00f9 grande selezione<\/h4>\n<p>            Ricerca rapida su diversi siti web delle migliori escursioni e attivit\u00e0 in tutto il mondo.\n          <\/p><\/div>\n<\/li>\n<li class=\"feature-box\">\n<div class=\"feature-box-icon\">\n            <i class=\"fa fa-filter\"><\/i>\n          <\/div>\n<div class=\"feature-box-text\">\n<h4>Perfezione<\/h4>\n<p>            Varie funzioni di filtraggio e ordinamento per trovare l\u2019esperienza perfetta.\n          <\/p><\/div>\n<\/li>\n<li class=\"feature-box\">\n<div class=\"feature-box-icon\">\n            <i class=\"fa fa-handshake-o\"><\/i>\n          <\/div>\n<div class=\"feature-box-text\">\n<h4>Flessibile<\/h4>\n<p>              Molti prodotti possono essere cancellati gratuitamente fino a 24 ore prima della partenza.\n          <\/p><\/div>\n<\/li>\n<\/ul><\/div>\n<\/section>\n<\/div>\n<div class=\"col-md-12 col-sm-12 addpad5p\" style=\"text-align: center;\">\n<h1 class=\"pop-head\">ESCURSIONI POPOLARI<\/h1>\n<div class=\"widget_tag_cloud\"><a href=\"..\/tour\/islanda\/reykjavik\/?_keyword_search=bus\">Tour in autobus Reykjav\u00edk<\/a> <a href=\"..\/tour\/francia\/parigi\/?_keyword_search=parchi\">Parchi divertimento Parigi<\/a> <a href=\"http:\/\/www.topguide24.com\/de\/tour\/vereinigte-arabische-emirate\/dubai\/?_keyword_search=Audio\">Audioguides Dubai<\/a> <a href=\"..\/tour\/paesi-bassi\/amsterdam\/?_keyword_search=card\">City Cards Amsterdam<\/a> <a href=\"..\/tour\/italia\/roma\/?_keyword_search=ingresso\">Biglietto d&#8217;ingresso Roma<\/a> <a href=\"..\/tour\/italia\/venezia\/?_keyword_search=gondola\">Giro in gondola Venedig<\/a> <a href=\"..\/tour\/germania\/berlino\/?_keyword_search=Segway\">Tour in Segway Berlino<\/a> <a href=\"..\/tour\/italia\/firenze\/?_keyword_search=Free\">Free Tour Firenze<\/a> <a href=\"..\/tour\/spagna\/barcellona\/?_keyword_search=Hop-on\">Tour in autobus hop-on hop-off Barcellona<\/a> <a href=\"..\/tour\/italia\/pompei\/?_keyword_search=Pompei\">Pompei<\/a> <a href=\"..\/tour\/malta\/la-valletta\/?_keyword_search=Lagoon\">Comino e Laguna Blu Malta<\/a> <a href=\"..\/tour\/spagna\/maiorca\/?_keyword=crociera\">Tour in barca Maiorca<\/a> <a href=\"..\/tour\/spagna\/tenerife\/?_keyword_search=kayak\">Tour in kayak Tenerife<\/a> <a href=\"..\/tour\/italia\/roma\/?_keyword_search=trasferimento\">Trasferimento Roma<\/a> <a href=\"..\/tour\/turchia\/cappadocia\/?_keyword_search=mongolfiera\">Giro in mongolfiera Cappadocia<\/a> <a href=\"..\/tour\/italia\/roma\/?_keyword_search=Vaticani\">Musei Vaticani<\/a> <a href=\"..\/tour\/spagna\/barcellona\/?_keyword_search=Sagrada+Familia\">Sagrada Fam\u00edlia<\/a> <a href=\"..\/tour\/paesi-bassi\/amsterdam\/?_keyword_search=Anne+Frank\">Tour di Anne Frank<\/a>\n<\/div>\n","protected":false},"excerpt":{"rendered":"<p>DESTINAZIONI POPOLARI TOUR, ESCURSIONI &#038; ATTIVIT\u00c0 Scopri pi\u00f9 di 350.000 esperienze in tutto il mondo e confronta e prenota le migliori escursioni e attivit\u00e0 per la tua vacanza da sogno con Topguide24! ATTRAZIONI TURISTICHE POPOLARI PERCH\u00c9 TOPGUIDE24? La pi\u00f9 grande selezione Ricerca rapida su diversi siti web delle migliori escursioni e attivit\u00e0 in tutto il [&hellip;]<\/p>\n","protected":false},"author":1,"featured_media":0,"parent":0,"menu_order":0,"comment_status":"closed","ping_status":"closed","template":"page_kreuzfahrtausfluege-landausfluege.php","meta":{"footnotes":""},"class_list":["post-6715","page","type-page","status-publish","hentry"],"acf":[],"yoast_head":"<!-- This site is optimized with the Yoast SEO plugin v27.0 - https:\/\/yoast.com\/product\/yoast-seo-wordpress\/ -->\n<title>Visite guidate &amp; escursioni &#187; Topguide24.com<\/title>\n<meta name=\"description\" content=\"Confronta e prenota gite &amp; attivit\u00e0 online.\" \/>\n<meta name=\"robots\" content=\"noindex, follow\" \/>\n<meta property=\"og:locale\" content=\"it_IT\" \/>\n<meta property=\"og:type\" content=\"article\" \/>\n<meta property=\"og:title\" content=\"Visite guidate &amp; escursioni &#187; Topguide24.com\" \/>\n<meta property=\"og:description\" content=\"Confronta e prenota gite &amp; attivit\u00e0 online.\" \/>\n<meta property=\"og:url\" content=\"https:\/\/www.topguide24.com\/it\/start\/\" \/>\n<meta property=\"og:site_name\" content=\"Topguide24.com\" \/>\n<meta property=\"article:publisher\" content=\"https:\/\/www.facebook.com\/topguide24\/\" \/>\n<meta property=\"article:modified_time\" content=\"2024-01-07T20:37:08+00:00\" \/>\n<meta name=\"twitter:card\" content=\"summary_large_image\" \/>\n<meta name=\"twitter:site\" content=\"@topguide24\" \/>\n<meta name=\"twitter:label1\" content=\"Tempo di lettura stimato\" \/>\n\t<meta name=\"twitter:data1\" content=\"1 minuto\" \/>\n<script type=\"application\/ld+json\" class=\"yoast-schema-graph\">{\"@context\":\"https:\/\/schema.org\",\"@graph\":[{\"@type\":\"WebPage\",\"@id\":\"https:\/\/www.topguide24.com\/it\/start\/\",\"url\":\"https:\/\/www.topguide24.com\/it\/start\/\",\"name\":\"Visite guidate & escursioni &#187; Topguide24.com\",\"isPartOf\":{\"@id\":\"https:\/\/www.topguide24.com\/it\/#website\"},\"datePublished\":\"2017-06-14T21:44:25+00:00\",\"dateModified\":\"2024-01-07T20:37:08+00:00\",\"description\":\"Confronta e prenota gite & attivit\u00e0 online.\",\"inLanguage\":\"it-IT\",\"potentialAction\":[{\"@type\":\"ReadAction\",\"target\":[\"https:\/\/www.topguide24.com\/it\/start\/\"]}]},{\"@type\":\"WebSite\",\"@id\":\"https:\/\/www.topguide24.com\/it\/#website\",\"url\":\"https:\/\/www.topguide24.com\/it\/\",\"name\":\"Topguide24.com\",\"description\":\"Prenota gite, visite e attivit\u00e0\",\"potentialAction\":[{\"@type\":\"SearchAction\",\"target\":{\"@type\":\"EntryPoint\",\"urlTemplate\":\"https:\/\/www.topguide24.com\/it\/?s={search_term_string}\"},\"query-input\":{\"@type\":\"PropertyValueSpecification\",\"valueRequired\":true,\"valueName\":\"search_term_string\"}}],\"inLanguage\":\"it-IT\"}]}<\/script>\n<!-- \/ Yoast SEO plugin. -->","yoast_head_json":{"title":"Visite guidate & escursioni &#187; Topguide24.com","description":"Confronta e prenota gite & attivit\u00e0 online.","robots":{"index":"noindex","follow":"follow"},"og_locale":"it_IT","og_type":"article","og_title":"Visite guidate & escursioni &#187; Topguide24.com","og_description":"Confronta e prenota gite & attivit\u00e0 online.","og_url":"https:\/\/www.topguide24.com\/it\/start\/","og_site_name":"Topguide24.com","article_publisher":"https:\/\/www.facebook.com\/topguide24\/","article_modified_time":"2024-01-07T20:37:08+00:00","twitter_card":"summary_large_image","twitter_site":"@topguide24","twitter_misc":{"Tempo di lettura stimato":"1 minuto"},"schema":{"@context":"https:\/\/schema.org","@graph":[{"@type":"WebPage","@id":"https:\/\/www.topguide24.com\/it\/start\/","url":"https:\/\/www.topguide24.com\/it\/start\/","name":"Visite guidate & escursioni &#187; Topguide24.com","isPartOf":{"@id":"https:\/\/www.topguide24.com\/it\/#website"},"datePublished":"2017-06-14T21:44:25+00:00","dateModified":"2024-01-07T20:37:08+00:00","description":"Confronta e prenota gite & attivit\u00e0 online.","inLanguage":"it-IT","potentialAction":[{"@type":"ReadAction","target":["https:\/\/www.topguide24.com\/it\/start\/"]}]},{"@type":"WebSite","@id":"https:\/\/www.topguide24.com\/it\/#website","url":"https:\/\/www.topguide24.com\/it\/","name":"Topguide24.com","description":"Prenota gite, visite e attivit\u00e0","potentialAction":[{"@type":"SearchAction","target":{"@type":"EntryPoint","urlTemplate":"https:\/\/www.topguide24.com\/it\/?s={search_term_string}"},"query-input":{"@type":"PropertyValueSpecification","valueRequired":true,"valueName":"search_term_string"}}],"inLanguage":"it-IT"}]}},"post_mailing_queue_ids":[],"_links":{"self":[{"href":"https:\/\/www.topguide24.com\/it\/wp-json\/wp\/v2\/pages\/6715","targetHints":{"allow":["GET"]}}],"collection":[{"href":"https:\/\/www.topguide24.com\/it\/wp-json\/wp\/v2\/pages"}],"about":[{"href":"https:\/\/www.topguide24.com\/it\/wp-json\/wp\/v2\/types\/page"}],"author":[{"embeddable":true,"href":"https:\/\/www.topguide24.com\/it\/wp-json\/wp\/v2\/users\/1"}],"replies":[{"embeddable":true,"href":"https:\/\/www.topguide24.com\/it\/wp-json\/wp\/v2\/comments?post=6715"}],"version-history":[{"count":21,"href":"https:\/\/www.topguide24.com\/it\/wp-json\/wp\/v2\/pages\/6715\/revisions"}],"predecessor-version":[{"id":11085,"href":"https:\/\/www.topguide24.com\/it\/wp-json\/wp\/v2\/pages\/6715\/revisions\/11085"}],"wp:attachment":[{"href":"https:\/\/www.topguide24.com\/it\/wp-json\/wp\/v2\/media?parent=6715"}],"curies":[{"name":"wp","href":"https:\/\/api.w.org\/{rel}","templated":true}]}}