{"id":2099,"date":"2015-06-02T17:40:38","date_gmt":"2015-06-02T15:40:38","guid":{"rendered":"http:\/\/topguide.ausflugssuchmaschine.de\/en\/?page_id=2099"},"modified":"2024-02-23T00:06:28","modified_gmt":"2024-02-22T23:06:28","slug":"alle-bestemmingen","status":"publish","type":"page","link":"https:\/\/www.topguide24.com\/nl\/alle-bestemmingen\/","title":{"rendered":"Alle bestemmingen"},"content":{"rendered":"<p><strong>Noord Amerika<\/strong><br \/>\n<a href=\"..\/tour\/amerikaanse-maagdeneilanden\/\">Amerikaanse Maagdeneilanden<\/a><br \/>\n<a href=\"..\/tour\/antigua-en-barbuda\/\">Antigua en Barbuda<\/a><br \/>\n<a href=\"..\/tour\/bahamas\/\">Bahamas<\/a><br \/>\n<a href=\"..\/tour\/belize\/\">Belize<\/a><br \/>\n<a href=\"..\/tour\/bonaire\/\">Bonaire<\/a><br \/>\n<a href=\"..\/tour\/canada\/\">Canada<\/a><br \/>\n<a href=\"..\/tour\/costa-rica\/\">Costa Rica<\/a><br \/>\n<a href=\"..\/tour\/dominicaanse-republiek\/\">Dominicaanse Republiek<\/a><br \/>\n<a href=\"..\/tour\/el-salvador\/\">El Salvador<\/a><br \/>\n<a href=\"..\/tour\/groenland\/\">Groenland<\/a><br \/>\n<a href=\"..\/tour\/guadeloupe\/\">Guadeloupe<\/a><br \/>\n<a href=\"..\/tour\/guatemala\/\">Guatemala<\/a><br \/>\n<a href=\"..\/tour\/honduras\/\">Honduras<\/a><br \/>\n<a href=\"..\/tour\/jamaica\/\">Jamaica<\/a><br \/>\n<a href=\"..\/tour\/mexico\/\">Mexico<\/a><br \/>\n<a href=\"..\/tour\/nicaragua\/\">Nicaragua<\/a><br \/>\n<a href=\"..\/tour\/panama\/\">Panama<\/a><br \/>\n<a href=\"..\/tour\/puerto-rico\/\">Puerto Rico<\/a><br \/>\n<a href=\"..\/tour\/saint-vincent-en-de-grenadines\/\">Saint Vincent en de Grenadines<\/a><br \/>\n<a href=\"..\/tour\/st-maarten\/\">St Maarten<\/a><br \/>\n<a href=\"..\/tour\/vs\/\">Verenigde Staten van Amerika<\/a><\/p>\n<p><strong>Zuid-Amerika<\/strong><br \/>\n<a href=\"..\/tour\/argentinie\/\">Argentini\u00eb<\/a><br \/>\n<a href=\"..\/tour\/bolivia\/\">Bolivia<\/a><br \/>\n<a href=\"..\/tour\/brazilie\/\">Brazili\u00eb<\/a><br \/>\n<a href=\"..\/tour\/chili\/\">Chili<\/a><br \/>\n<a href=\"..\/tour\/colombia\/\">Colombia<\/a><br \/>\n<a href=\"..\/tour\/cuba\/\">Cuba<\/a><br \/>\n<a href=\"..\/tour\/ecuador\/\">Ecuador<\/a><br \/>\n<a href=\"..\/tour\/guyana\/\">Guyana<\/a><br \/>\n<a href=\"..\/tour\/paraguay\/\">Paraguay<\/a><br \/>\n<a href=\"..\/tour\/peru\/\">Peru<\/a><br \/>\n<a href=\"..\/tour\/suriname\/\">Suriname<\/a><br \/>\n<a href=\"..\/tour\/uruguay\/\">Uruguay<\/a><br \/>\n<a href=\"..\/tour\/venezuela\/\">Venezuela<\/a><\/p>\n<p><strong>Europa<\/strong><br \/>\n<a href=\"..\/tour\/albanie\/\">Albani\u00eb<\/a><br \/>\n<a href=\"..\/tour\/andorra\/\">Andorra<\/a><br \/>\n<a href=\"..\/tour\/belgie\/\">Belgi\u00eb<\/a><br \/>\n<a href=\"..\/tour\/bosnie-en-herzegovina\/\">Bosni\u00eb en Herzegovina<\/a><br \/>\n<a href=\"..\/tour\/bulgarije\/\">Bulgarije<\/a><br \/>\n<a href=\"..\/tour\/cyprus\/\">Cyprus<\/a><br \/>\n<a href=\"..\/tour\/denemarken\/\">Denemarken<\/a><br \/>\n<a href=\"..\/tour\/duitsland\/\">Duitsland<\/a><br \/>\n<a href=\"..\/tour\/estland\/\">Estland<\/a><br \/>\n<a href=\"..\/tour\/finland\/\">Finland<\/a><br \/>\n<a href=\"..\/tour\/frankrijk\/\">Frankrijk<\/a><br \/>\n<a href=\"..\/tour\/griekenland\/\">Griekenland<\/a><br \/>\n<a href=\"..\/tour\/hongarije\/\">Hongarije<\/a><br \/>\n<a href=\"..\/tour\/ierland\/\">Ierland<\/a><br \/>\n<a href=\"..\/tour\/ijsland\/\">IJsland<\/a><br \/>\n<a href=\"..\/tour\/italie\/\">Itali\u00eb<\/a><br \/>\n<a href=\"..\/tour\/kazachstan\/\">Kazachstan<\/a><br \/>\n<a href=\"..\/tour\/kosovo\/\">Kosovo<\/a><br \/>\n<a href=\"..\/tour\/kroatie\/\">Kroati\u00eb<\/a><br \/>\n<a href=\"..\/tour\/letland\/\">Letland<\/a><br \/>\n<a href=\"..\/tour\/litouwen\/\">Litouwen<\/a><br \/>\n<a href=\"..\/tour\/luxemburg\/\">Luxemburg<\/a><br \/>\n<a href=\"..\/tour\/macedonie\/\">Macedoni\u00eb<\/a><br \/>\n<a href=\"..\/tour\/malta\/\">Malta<\/a><br \/>\n<a href=\"..\/tour\/moldavie\/\">Moldavi\u00eb<\/a><br \/>\n<a href=\"..\/tour\/monaco\/\">Monaco<\/a><br \/>\n<a href=\"..\/tour\/montenegro\/\">Montenegro<\/a><br \/>\n<a href=\"..\/tour\/nederland\/\">Nederland<\/a><br \/>\n<a href=\"..\/tour\/noorwegen\/\">Noorwegen<\/a><br \/>\n<a href=\"..\/tour\/oekraine\/\">Oekra\u00efne<\/a><br \/>\n<a href=\"..\/tour\/oostenrijk\/\">Oostenrijk<\/a><br \/>\n<a href=\"..\/tour\/polen\/\">Polen<\/a><br \/>\n<a href=\"..\/tour\/portugal\/\">Portugal<\/a><br \/>\n<a href=\"..\/tour\/roemenie\/\">Roemeni\u00eb<\/a><br \/>\n<a href=\"..\/tour\/rusland\/\">Rusland<\/a><br \/>\n<a href=\"..\/tour\/servie\/\">Servi\u00eb<\/a><br \/>\n<a href=\"..\/tour\/slovenie\/\">Sloveni\u00eb<\/a><br \/>\n<a href=\"..\/tour\/slowakije\/\">Slowakije<\/a><br \/>\n<a href=\"..\/tour\/spanje\/\">Spanje<\/a><br \/>\n<a href=\"..\/tour\/tsjechische-republiek\/\">Tsjechische Republiek<\/a><br \/>\n<a href=\"..\/tour\/turkije\/\">Turkije<\/a><br \/>\n<a href=\"..\/tour\/verenigd-koninkrijk\/\">Verenigd Koninkrijk<\/a><br \/>\n<a href=\"..\/tour\/wit-rusland\/\">Wit-Rusland<\/a><br \/>\n<a href=\"..\/tour\/zweden\/\">Zweden<\/a><br \/>\n<a href=\"..\/tour\/zwitserland\/\">Zwitserland<\/a><\/p>\n<p><strong>Afrika<\/strong><br \/>\n<a href=\"..\/tour\/algerije\/\">Algerije<\/a><br \/>\n<a href=\"..\/tour\/angola\/\">Angola<\/a><br \/>\n<a href=\"..\/tour\/botswana\/\">Botswana<\/a><br \/>\n<a href=\"..\/tour\/burundi\/\">Burundi<\/a><br \/>\n<a href=\"..\/tour\/cote-divoire\/\">C\u00f4te d\u2019Ivoire<\/a><br \/>\n<a href=\"..\/tour\/egypte\/\">Egypte<\/a><br \/>\n<a href=\"..\/tour\/ethiopie\/\">Ethiopi\u00eb<\/a><br \/>\n<a href=\"..\/tour\/gambia\/\">Gambia<\/a><br \/>\n<a href=\"..\/tour\/ghana\/\">Ghana<\/a><br \/>\n<a href=\"..\/tour\/madagaskar\/\">Madagaskar<\/a><br \/>\n<a href=\"..\/tour\/mali\/\">Mali<\/a><br \/>\n<a href=\"..\/tour\/mauritius\/\">Mauritius<\/a><br \/>\n<a href=\"..\/tour\/mozambique\/\">Mozambique<\/a><br \/>\n<a href=\"..\/tour\/namibie\/\">Namibi\u00eb<\/a><br \/>\n<a href=\"..\/tour\/nigeria\/\">Nigeria<\/a><br \/>\n<a href=\"..\/tour\/oeganda\/\">Oeganda<\/a><br \/>\n<a href=\"..\/tour\/rwanda\/\">Rwanda<\/a><br \/>\n<a href=\"..\/tour\/tanzania\/\">Tanzania<\/a><br \/>\n<a href=\"..\/tour\/togo\/\">Togo<\/a><br \/>\n<a href=\"..\/tour\/tunesie\/\">Tunesi\u00eb<\/a><br \/>\n<a href=\"..\/tour\/zambia\/\">Zambia<\/a><br \/>\n<a href=\"..\/tour\/zimbabwe\/\">Zimbabwe<\/a><br \/>\n<a href=\"..\/tour\/zuid-afrika\/\">Zuid-Afrika<\/a><\/p>\n<p><strong>Azi\u00eb<\/strong><br \/>\n<a href=\"..\/tour\/armenie\/\">Armeni\u00eb<\/a><br \/>\n<a href=\"..\/tour\/azerbeidzjan\/\">Azerbeidzjan<\/a><br \/>\n<a href=\"..\/tour\/bahrein\/\">Bahrein<\/a><br \/>\n<a href=\"..\/tour\/bangladesh\/\">Bangladesh<\/a><br \/>\n<a href=\"..\/tour\/bhutan\/\">Bhutan<\/a><br \/>\n<a href=\"..\/tour\/brunei\/\">Brunei<\/a><br \/>\n<a href=\"..\/tour\/cambodja\/\">Cambodja<\/a><br \/>\n<a href=\"..\/tour\/china\/\">China<\/a><br \/>\n<a href=\"..\/tour\/filipijnen\/\">Filipijnen<\/a><br \/>\n<a href=\"..\/tour\/georgie\/\">Georgi\u00eb<\/a><br \/>\n<a href=\"..\/tour\/indie\/\">Indi\u00eb<\/a><br \/>\n<a href=\"..\/tour\/indonesie\/\">Indonesi\u00eb<\/a><br \/>\n<a href=\"..\/tour\/israel\/\">Isra\u00ebl<\/a><br \/>\n<a href=\"..\/tour\/japan\/\">Japan<\/a><br \/>\n<a href=\"..\/tour\/jordanie\/\">Jordani\u00eb<\/a><br \/>\n<a href=\"..\/tour\/koeweit\/\">Koeweit<\/a><br \/>\n<a href=\"..\/tour\/laos\/\">Laos<\/a><br \/>\n<a href=\"..\/tour\/libanon\/\">Libanon<\/a><br \/>\n<a href=\"..\/tour\/maleisie\/\">Maleisi\u00eb<\/a><br \/>\n<a href=\"..\/tour\/maldiven\/\">Maldiven<\/a><br \/>\n<a href=\"..\/tour\/mongolie\/\">Mongoli\u00eb<\/a><br \/>\n<a href=\"..\/tour\/myanmar\/\">Myanmar<\/a><br \/>\n<a href=\"..\/tour\/nepal\/\">Nepal<\/a><br \/>\n<a href=\"..\/tour\/oman\/\">Oman<\/a><br \/>\n<a href=\"..\/tour\/oezbekistan\/\">Oezbekistan<\/a><br \/>\n<a href=\"..\/tour\/palestijnse-gebieden\/\">Palestijnse Gebieden<\/a><br \/>\n<a href=\"..\/tour\/qatar\/\">Qatar<\/a><br \/>\n<a href=\"..\/tour\/singapore\/\">Singapore<\/a><br \/>\n<a href=\"..\/tour\/sri-lanka\/\">Sri Lanka<\/a><br \/>\n<a href=\"..\/tour\/taiwan-province-of-china\/\">Taiwan<\/a><br \/>\n<a href=\"..\/tour\/thailand\/\">Thailand<\/a><br \/>\n<a href=\"..\/tour\/verenigde-arabische-emiraten\/\">Verenigde Arabische Emiraten<\/a><br \/>\n<a href=\"..\/tour\/vietnam\/\">Vietnam<\/a><br \/>\n<a href=\"..\/tour\/zuid-korea\/\">Zuid-Korea<\/a><\/p>\n<p><strong>Ozeania<\/strong><br \/>\n<a href=\"..\/tour\/australie\/\">Australi\u00eb<\/a><br \/>\n<a href=\"..\/tour\/cookeilanden\/\">Cookeilanden<\/a><br \/>\n<a href=\"..\/tour\/fiji\/\">Fiji<\/a><br \/>\n<a href=\"..\/tour\/frans-polynesie\/\">Frans-Polynesi\u00eb<\/a><br \/>\n<a href=\"..\/tour\/nieuw-caledonie\/\">Nieuw-Caledoni\u00eb<\/a><br \/>\n<a href=\"..\/tour\/nieuw-zeeland\/\">Nieuw-Zeeland<\/a><br \/>\n<a href=\"..\/tour\/vanuatu\/\">Vanuatu<\/a><\/p>\n","protected":false},"excerpt":{"rendered":"<p>Noord Amerika Amerikaanse Maagdeneilanden Antigua en Barbuda Bahamas Belize Bonaire Canada Costa Rica Dominicaanse Republiek El Salvador Groenland Guadeloupe Guatemala Honduras Jamaica Mexico Nicaragua Panama Puerto Rico Saint Vincent en de Grenadines St Maarten Verenigde Staten van Amerika Zuid-Amerika Argentini\u00eb Bolivia Brazili\u00eb Chili Colombia Cuba Ecuador Guyana Paraguay Peru Suriname Uruguay Venezuela Europa Albani\u00eb Andorra [&hellip;]<\/p>\n","protected":false},"author":1,"featured_media":16461,"parent":0,"menu_order":0,"comment_status":"closed","ping_status":"closed","template":"","meta":{"footnotes":""},"class_list":["post-2099","page","type-page","status-publish","has-post-thumbnail","hentry"],"acf":[],"yoast_head":"<!-- This site is optimized with the Yoast SEO plugin v27.0 - https:\/\/yoast.com\/product\/yoast-seo-wordpress\/ -->\n<title>Alle bestemmingen &#187; Topguide24.com<\/title>\n<meta name=\"description\" content=\"Find and book interesting tours, excursion and holiday activities for the top attractions around the world.\" \/>\n<meta name=\"robots\" content=\"index, follow, max-snippet:-1, max-image-preview:large, max-video-preview:-1\" \/>\n<link rel=\"canonical\" href=\"https:\/\/www.topguide24.com\/nl\/alle-bestemmingen\/\" \/>\n<meta property=\"og:locale\" content=\"nl_NL\" \/>\n<meta property=\"og:type\" content=\"article\" \/>\n<meta property=\"og:title\" content=\"Alle bestemmingen &#187; Topguide24.com\" \/>\n<meta property=\"og:description\" content=\"Find and book interesting tours, excursion and holiday activities for the top attractions around the world.\" \/>\n<meta property=\"og:url\" content=\"https:\/\/www.topguide24.com\/nl\/alle-bestemmingen\/\" \/>\n<meta property=\"og:site_name\" content=\"Topguide24.com\" \/>\n<meta property=\"article:publisher\" content=\"https:\/\/www.facebook.com\/topguide24\/\" \/>\n<meta property=\"article:modified_time\" content=\"2024-02-22T23:06:28+00:00\" \/>\n<meta property=\"og:image\" content=\"https:\/\/www.topguide24.com\/nl\/wp-content\/uploads\/2024\/02\/Reiseziele.jpg\" \/>\n\t<meta property=\"og:image:width\" content=\"1920\" \/>\n\t<meta property=\"og:image:height\" content=\"587\" \/>\n\t<meta property=\"og:image:type\" content=\"image\/jpeg\" \/>\n<meta name=\"twitter:card\" content=\"summary_large_image\" \/>\n<meta name=\"twitter:site\" content=\"@topguide24\" \/>\n<meta name=\"twitter:label1\" content=\"Geschatte leestijd\" \/>\n\t<meta name=\"twitter:data1\" content=\"2 minuten\" \/>\n<script type=\"application\/ld+json\" class=\"yoast-schema-graph\">{\"@context\":\"https:\/\/schema.org\",\"@graph\":[{\"@type\":\"WebPage\",\"@id\":\"https:\/\/www.topguide24.com\/nl\/alle-bestemmingen\/\",\"url\":\"https:\/\/www.topguide24.com\/nl\/alle-bestemmingen\/\",\"name\":\"Alle bestemmingen &#187; Topguide24.com\",\"isPartOf\":{\"@id\":\"https:\/\/www.topguide24.com\/nl\/#website\"},\"primaryImageOfPage\":{\"@id\":\"https:\/\/www.topguide24.com\/nl\/alle-bestemmingen\/#primaryimage\"},\"image\":{\"@id\":\"https:\/\/www.topguide24.com\/nl\/alle-bestemmingen\/#primaryimage\"},\"thumbnailUrl\":\"https:\/\/www.topguide24.com\/nl\/wp-content\/uploads\/2024\/02\/Reiseziele.jpg\",\"datePublished\":\"2015-06-02T15:40:38+00:00\",\"dateModified\":\"2024-02-22T23:06:28+00:00\",\"description\":\"Find and book interesting tours, excursion and holiday activities for the top attractions around the world.\",\"breadcrumb\":{\"@id\":\"https:\/\/www.topguide24.com\/nl\/alle-bestemmingen\/#breadcrumb\"},\"inLanguage\":\"nl-NL\",\"potentialAction\":[{\"@type\":\"ReadAction\",\"target\":[\"https:\/\/www.topguide24.com\/nl\/alle-bestemmingen\/\"]}]},{\"@type\":\"ImageObject\",\"inLanguage\":\"nl-NL\",\"@id\":\"https:\/\/www.topguide24.com\/nl\/alle-bestemmingen\/#primaryimage\",\"url\":\"https:\/\/www.topguide24.com\/nl\/wp-content\/uploads\/2024\/02\/Reiseziele.jpg\",\"contentUrl\":\"https:\/\/www.topguide24.com\/nl\/wp-content\/uploads\/2024\/02\/Reiseziele.jpg\",\"width\":1920,\"height\":587},{\"@type\":\"BreadcrumbList\",\"@id\":\"https:\/\/www.topguide24.com\/nl\/alle-bestemmingen\/#breadcrumb\",\"itemListElement\":[{\"@type\":\"ListItem\",\"position\":1,\"name\":\"Home\",\"item\":\"https:\/\/www.topguide24.com\/nl\/\"},{\"@type\":\"ListItem\",\"position\":2,\"name\":\"Alle bestemmingen\"}]},{\"@type\":\"WebSite\",\"@id\":\"https:\/\/www.topguide24.com\/nl\/#website\",\"url\":\"https:\/\/www.topguide24.com\/nl\/\",\"name\":\"Topguide24.com\",\"description\":\"Zoekmachine voor tours &amp; activiteiten.\",\"potentialAction\":[{\"@type\":\"SearchAction\",\"target\":{\"@type\":\"EntryPoint\",\"urlTemplate\":\"https:\/\/www.topguide24.com\/nl\/?s={search_term_string}\"},\"query-input\":{\"@type\":\"PropertyValueSpecification\",\"valueRequired\":true,\"valueName\":\"search_term_string\"}}],\"inLanguage\":\"nl-NL\"}]}<\/script>\n<!-- \/ Yoast SEO plugin. -->","yoast_head_json":{"title":"Alle bestemmingen &#187; Topguide24.com","description":"Find and book interesting tours, excursion and holiday activities for the top attractions around the world.","robots":{"index":"index","follow":"follow","max-snippet":"max-snippet:-1","max-image-preview":"max-image-preview:large","max-video-preview":"max-video-preview:-1"},"canonical":"https:\/\/www.topguide24.com\/nl\/alle-bestemmingen\/","og_locale":"nl_NL","og_type":"article","og_title":"Alle bestemmingen &#187; Topguide24.com","og_description":"Find and book interesting tours, excursion and holiday activities for the top attractions around the world.","og_url":"https:\/\/www.topguide24.com\/nl\/alle-bestemmingen\/","og_site_name":"Topguide24.com","article_publisher":"https:\/\/www.facebook.com\/topguide24\/","article_modified_time":"2024-02-22T23:06:28+00:00","og_image":[{"width":1920,"height":587,"url":"https:\/\/www.topguide24.com\/nl\/wp-content\/uploads\/2024\/02\/Reiseziele.jpg","type":"image\/jpeg"}],"twitter_card":"summary_large_image","twitter_site":"@topguide24","twitter_misc":{"Geschatte leestijd":"2 minuten"},"schema":{"@context":"https:\/\/schema.org","@graph":[{"@type":"WebPage","@id":"https:\/\/www.topguide24.com\/nl\/alle-bestemmingen\/","url":"https:\/\/www.topguide24.com\/nl\/alle-bestemmingen\/","name":"Alle bestemmingen &#187; Topguide24.com","isPartOf":{"@id":"https:\/\/www.topguide24.com\/nl\/#website"},"primaryImageOfPage":{"@id":"https:\/\/www.topguide24.com\/nl\/alle-bestemmingen\/#primaryimage"},"image":{"@id":"https:\/\/www.topguide24.com\/nl\/alle-bestemmingen\/#primaryimage"},"thumbnailUrl":"https:\/\/www.topguide24.com\/nl\/wp-content\/uploads\/2024\/02\/Reiseziele.jpg","datePublished":"2015-06-02T15:40:38+00:00","dateModified":"2024-02-22T23:06:28+00:00","description":"Find and book interesting tours, excursion and holiday activities for the top attractions around the world.","breadcrumb":{"@id":"https:\/\/www.topguide24.com\/nl\/alle-bestemmingen\/#breadcrumb"},"inLanguage":"nl-NL","potentialAction":[{"@type":"ReadAction","target":["https:\/\/www.topguide24.com\/nl\/alle-bestemmingen\/"]}]},{"@type":"ImageObject","inLanguage":"nl-NL","@id":"https:\/\/www.topguide24.com\/nl\/alle-bestemmingen\/#primaryimage","url":"https:\/\/www.topguide24.com\/nl\/wp-content\/uploads\/2024\/02\/Reiseziele.jpg","contentUrl":"https:\/\/www.topguide24.com\/nl\/wp-content\/uploads\/2024\/02\/Reiseziele.jpg","width":1920,"height":587},{"@type":"BreadcrumbList","@id":"https:\/\/www.topguide24.com\/nl\/alle-bestemmingen\/#breadcrumb","itemListElement":[{"@type":"ListItem","position":1,"name":"Home","item":"https:\/\/www.topguide24.com\/nl\/"},{"@type":"ListItem","position":2,"name":"Alle bestemmingen"}]},{"@type":"WebSite","@id":"https:\/\/www.topguide24.com\/nl\/#website","url":"https:\/\/www.topguide24.com\/nl\/","name":"Topguide24.com","description":"Zoekmachine voor tours &amp; activiteiten.","potentialAction":[{"@type":"SearchAction","target":{"@type":"EntryPoint","urlTemplate":"https:\/\/www.topguide24.com\/nl\/?s={search_term_string}"},"query-input":{"@type":"PropertyValueSpecification","valueRequired":true,"valueName":"search_term_string"}}],"inLanguage":"nl-NL"}]}},"post_mailing_queue_ids":[],"_links":{"self":[{"href":"https:\/\/www.topguide24.com\/nl\/wp-json\/wp\/v2\/pages\/2099","targetHints":{"allow":["GET"]}}],"collection":[{"href":"https:\/\/www.topguide24.com\/nl\/wp-json\/wp\/v2\/pages"}],"about":[{"href":"https:\/\/www.topguide24.com\/nl\/wp-json\/wp\/v2\/types\/page"}],"author":[{"embeddable":true,"href":"https:\/\/www.topguide24.com\/nl\/wp-json\/wp\/v2\/users\/1"}],"replies":[{"embeddable":true,"href":"https:\/\/www.topguide24.com\/nl\/wp-json\/wp\/v2\/comments?post=2099"}],"version-history":[{"count":10,"href":"https:\/\/www.topguide24.com\/nl\/wp-json\/wp\/v2\/pages\/2099\/revisions"}],"predecessor-version":[{"id":16453,"href":"https:\/\/www.topguide24.com\/nl\/wp-json\/wp\/v2\/pages\/2099\/revisions\/16453"}],"wp:featuredmedia":[{"embeddable":true,"href":"https:\/\/www.topguide24.com\/nl\/wp-json\/wp\/v2\/media\/16461"}],"wp:attachment":[{"href":"https:\/\/www.topguide24.com\/nl\/wp-json\/wp\/v2\/media?parent=2099"}],"curies":[{"name":"wp","href":"https:\/\/api.w.org\/{rel}","templated":true}]}}