{"id":10404,"date":"2017-06-14T22:13:36","date_gmt":"2017-06-14T20:13:36","guid":{"rendered":"http:\/\/www.topguide24.com\/en\/?page_id=10404"},"modified":"2024-01-07T22:46:10","modified_gmt":"2024-01-07T21:46:10","slug":"start","status":"publish","type":"page","link":"https:\/\/www.topguide24.com\/pl\/start\/","title":{"rendered":""},"content":{"rendered":"<style>\n#breadcrumbs{display:none;}<\/p>\n<\/style>\n<div class=\"containers\" style=\"padding: 1px;\">\n<div class=\"col-md-12 col-sm-12 addpad5p\" style=\"text-align: center;\">\n<h1 class=\"pop-head\">POPULARNE MIEJSCA PODR\u00d3\u017bY<\/h1>\n\n<section id=\"features\" class=\"wide\">\n<h1 class=\"pop-head\">WYCIECZKI, ATRAKCJE I BILETY<\/h1>\n<div id=\"Home_text\">Odkryj ponad 350 000 atrakcji na ca\u0142ym \u015bwiecie, por\u00f3wnaj i zarezerwuj najlepsze wycieczki i atrakcje na wymarzone wakacje dzi\u0119ki Topguide24!<\/div>\n<\/section>\n<\/div>\n<div class=\"col-md-12 col-sm-12 addpad5p\" style=\"text-align: center;\">\n<h1 class=\"pop-head\">POPULARNE ATRAKCJE<\/h1>\n<\/div>\n<div class=\"col-sm-12 col-md-12 addpad5p\">\n<section id=\"features\" class=\"wide\">\n<div class=\"row feature-boxes\">\n      <center><\/p>\n<h1 class=\"pop-head\">DLACZEGO TOPGUIDE24?<\/h1>\n<p><\/center><\/p>\n<ul>\n<li class=\"feature-box\">\n<div class=\"feature-box-icon\">\n            <i class=\"fa fa-search\"><\/i>\n          <\/div>\n<div class=\"feature-box-text\">\n<h4>Du\u017cy wyb\u00f3r<\/h4>\n<p>            Szybkie wyszukiwanie na r\u00f3\u017cnych stronach internetowych najlepszych wycieczek i i atrakcji na ca\u0142ym \u015bwiecie.\n          <\/p><\/div>\n<\/li>\n<li class=\"feature-box\">\n<div class=\"feature-box-icon\">\n            <i class=\"fa fa-filter\"><\/i>\n          <\/div>\n<div class=\"feature-box-text\">\n<h4>Perfekcja<\/h4>\n<p>            R\u00f3\u017cne opcje filtrowania i sortowania, aby znale\u017a\u0107 najlepsze okazje.\n          <\/p><\/div>\n<\/li>\n<li class=\"feature-box\">\n<div class=\"feature-box-icon\">\n            <i class=\"fa fa-handshake-o\"><\/i>\n          <\/div>\n<div class=\"feature-box-text\">\n<h4>Elastycznie<\/h4>\n<p>              Wiele ofert mo\u017cna anulowa\u0107 bezp\u0142atnie do 24 godzin przed terminem.\n          <\/p><\/div>\n<\/li>\n<\/ul><\/div>\n<\/section>\n<\/div>\n<div class=\"col-md-12 col-sm-12 addpad5p\" style=\"text-align: center;\">\n<h1 class=\"pop-head\">POPULARNE WYCIECZKI<\/h1>\n<div class=\"widget_tag_cloud\"><a href=\"..\/tour\/islandia\/reykjavik\/?_keyword_search=bus\">Wycieczki autobusowe Reykjavik<\/a> <a href=\"..\/tour\/francja\/paryz\/?_keyword_search=park\">Parki rozrywki Pary\u017c<\/a> <a href=\"..\/tour\/zjednoczone-emiraty-arabskie\/dubaj\/?_keyword_search=audio\">Wycieczka audio Dubaj<\/a> <a href=\"..\/tour\/holandia\/amsterdam\/?_keyword_search=City+Card\">City Cards Amsterdam<\/a> <a href=\"..\/tour\/wlochy\/rome\/?_keyword_search=bilety\">Bilety Rome<\/a> <a href=\"..\/tour\/wlochy\/wenecja\/?_keyword_search=gondol\u0105\">Rejs gondol\u0105 Wenecja<\/a> <a href=\"..\/tour\/niemcy\/berlin\/?_keyword_search=segway\">Wycieczka segwayem Berlin<\/a> <a href=\"..\/tour\/hiszpania\/barcelona\/?_keyword_search=hop-on\">Wycieczka hop-on hop-off Barcelona<\/a> <a href=\"..\/tour\/wlochy\/pompeje\/\">Pompeji<\/a> <a href=\"..\/tour\/malta\/valletta\/?_keyword_search=comino\">Wycieczka B\u0142\u0119kitnej Laguny Malta<\/a> <a href=\"..\/tour\/hiszpania\/majorka\/?_keyword_search=&#038;_keyword=boot\">Rejsy statkiem Majorka<\/a> <a href=\"..\/tour\/hiszpania\/teneryfa\/?_keyword_search=kajaki\">Wycieczki kajakowe Teneryfa<\/a> <a href=\"..\/tour\/niemcy\/berlin\/?_keyword_search=Reichstag\">Reichstagu Berlin<\/a> <a href=\"..\/tour\/turcja\/kapadocja\/?_keyword_search=balonem\">Lotu balonem w Kapadocji<\/a> <a href=\"..\/tour\/wlochy\/rome\/?_keyword_search=Watyka\u0144skie\">Muzea Watyka\u0144skie<\/a> <a href=\"..\/tour\/hiszpania\/barcelona\/?_keyword_search=Sagrada+Familia\">Sagrada Familia<\/a> <a href=\"..\/tour\/holandia\/amsterdam\/?_keyword_search=frank\">Wycieczka piesza Anne Frank<\/a>\n<\/div>\n","protected":false},"excerpt":{"rendered":"<p>POPULARNE MIEJSCA PODR\u00d3\u017bY WYCIECZKI, ATRAKCJE I BILETY Odkryj ponad 350 000 atrakcji na ca\u0142ym \u015bwiecie, por\u00f3wnaj i zarezerwuj najlepsze wycieczki i atrakcje na wymarzone wakacje dzi\u0119ki Topguide24! POPULARNE ATRAKCJE DLACZEGO TOPGUIDE24? Du\u017cy wyb\u00f3r Szybkie wyszukiwanie na r\u00f3\u017cnych stronach internetowych najlepszych wycieczek i i atrakcji na ca\u0142ym \u015bwiecie. Perfekcja R\u00f3\u017cne opcje filtrowania i sortowania, aby znale\u017a\u0107 [&hellip;]<\/p>\n","protected":false},"author":1,"featured_media":0,"parent":0,"menu_order":0,"comment_status":"closed","ping_status":"closed","template":"page_kreuzfahrtausfluege-landausfluege.php","meta":{"footnotes":""},"class_list":["post-10404","page","type-page","status-publish","hentry"],"acf":[],"yoast_head":"<!-- This site is optimized with the Yoast SEO plugin v27.0 - https:\/\/yoast.com\/product\/yoast-seo-wordpress\/ -->\n<title>Tours &amp; Activities &#187; Topguide24.com<\/title>\n<meta name=\"description\" content=\"Por\u00f3wnaj i zarezerwuj wycieczki i zaj\u0119cia online.\" \/>\n<meta name=\"robots\" content=\"noindex, follow\" \/>\n<meta property=\"og:locale\" content=\"pl_PL\" \/>\n<meta property=\"og:type\" content=\"article\" \/>\n<meta property=\"og:title\" content=\"Tours &amp; Activities &#187; Topguide24.com\" \/>\n<meta property=\"og:description\" content=\"Por\u00f3wnaj i zarezerwuj wycieczki i zaj\u0119cia online.\" \/>\n<meta property=\"og:url\" content=\"https:\/\/www.topguide24.com\/pl\/start\/\" \/>\n<meta property=\"og:site_name\" content=\"Topguide24.com\" \/>\n<meta property=\"article:publisher\" content=\"https:\/\/www.facebook.com\/topguide24\/\" \/>\n<meta property=\"article:modified_time\" content=\"2024-01-07T21:46:10+00:00\" \/>\n<meta name=\"twitter:card\" content=\"summary_large_image\" \/>\n<meta name=\"twitter:site\" content=\"@topguide24\" \/>\n<meta name=\"twitter:label1\" content=\"Szacowany czas czytania\" \/>\n\t<meta name=\"twitter:data1\" content=\"1 minuta\" \/>\n<script type=\"application\/ld+json\" class=\"yoast-schema-graph\">{\"@context\":\"https:\/\/schema.org\",\"@graph\":[{\"@type\":\"WebPage\",\"@id\":\"https:\/\/www.topguide24.com\/pl\/start\/\",\"url\":\"https:\/\/www.topguide24.com\/pl\/start\/\",\"name\":\"Tours & Activities &#187; Topguide24.com\",\"isPartOf\":{\"@id\":\"https:\/\/www.topguide24.com\/pl\/#website\"},\"datePublished\":\"2017-06-14T20:13:36+00:00\",\"dateModified\":\"2024-01-07T21:46:10+00:00\",\"description\":\"Por\u00f3wnaj i zarezerwuj wycieczki i zaj\u0119cia online.\",\"inLanguage\":\"pl-PL\",\"potentialAction\":[{\"@type\":\"ReadAction\",\"target\":[\"https:\/\/www.topguide24.com\/pl\/start\/\"]}]},{\"@type\":\"WebSite\",\"@id\":\"https:\/\/www.topguide24.com\/pl\/#website\",\"url\":\"https:\/\/www.topguide24.com\/pl\/\",\"name\":\"Topguide24.com\",\"description\":\"Search engine for tours &amp; activities.\",\"potentialAction\":[{\"@type\":\"SearchAction\",\"target\":{\"@type\":\"EntryPoint\",\"urlTemplate\":\"https:\/\/www.topguide24.com\/pl\/?s={search_term_string}\"},\"query-input\":{\"@type\":\"PropertyValueSpecification\",\"valueRequired\":true,\"valueName\":\"search_term_string\"}}],\"inLanguage\":\"pl-PL\"}]}<\/script>\n<!-- \/ Yoast SEO plugin. -->","yoast_head_json":{"title":"Tours & Activities &#187; Topguide24.com","description":"Por\u00f3wnaj i zarezerwuj wycieczki i zaj\u0119cia online.","robots":{"index":"noindex","follow":"follow"},"og_locale":"pl_PL","og_type":"article","og_title":"Tours & Activities &#187; Topguide24.com","og_description":"Por\u00f3wnaj i zarezerwuj wycieczki i zaj\u0119cia online.","og_url":"https:\/\/www.topguide24.com\/pl\/start\/","og_site_name":"Topguide24.com","article_publisher":"https:\/\/www.facebook.com\/topguide24\/","article_modified_time":"2024-01-07T21:46:10+00:00","twitter_card":"summary_large_image","twitter_site":"@topguide24","twitter_misc":{"Szacowany czas czytania":"1 minuta"},"schema":{"@context":"https:\/\/schema.org","@graph":[{"@type":"WebPage","@id":"https:\/\/www.topguide24.com\/pl\/start\/","url":"https:\/\/www.topguide24.com\/pl\/start\/","name":"Tours & Activities &#187; Topguide24.com","isPartOf":{"@id":"https:\/\/www.topguide24.com\/pl\/#website"},"datePublished":"2017-06-14T20:13:36+00:00","dateModified":"2024-01-07T21:46:10+00:00","description":"Por\u00f3wnaj i zarezerwuj wycieczki i zaj\u0119cia online.","inLanguage":"pl-PL","potentialAction":[{"@type":"ReadAction","target":["https:\/\/www.topguide24.com\/pl\/start\/"]}]},{"@type":"WebSite","@id":"https:\/\/www.topguide24.com\/pl\/#website","url":"https:\/\/www.topguide24.com\/pl\/","name":"Topguide24.com","description":"Search engine for tours &amp; activities.","potentialAction":[{"@type":"SearchAction","target":{"@type":"EntryPoint","urlTemplate":"https:\/\/www.topguide24.com\/pl\/?s={search_term_string}"},"query-input":{"@type":"PropertyValueSpecification","valueRequired":true,"valueName":"search_term_string"}}],"inLanguage":"pl-PL"}]}},"post_mailing_queue_ids":[],"_links":{"self":[{"href":"https:\/\/www.topguide24.com\/pl\/wp-json\/wp\/v2\/pages\/10404","targetHints":{"allow":["GET"]}}],"collection":[{"href":"https:\/\/www.topguide24.com\/pl\/wp-json\/wp\/v2\/pages"}],"about":[{"href":"https:\/\/www.topguide24.com\/pl\/wp-json\/wp\/v2\/types\/page"}],"author":[{"embeddable":true,"href":"https:\/\/www.topguide24.com\/pl\/wp-json\/wp\/v2\/users\/1"}],"replies":[{"embeddable":true,"href":"https:\/\/www.topguide24.com\/pl\/wp-json\/wp\/v2\/comments?post=10404"}],"version-history":[{"count":21,"href":"https:\/\/www.topguide24.com\/pl\/wp-json\/wp\/v2\/pages\/10404\/revisions"}],"predecessor-version":[{"id":18008,"href":"https:\/\/www.topguide24.com\/pl\/wp-json\/wp\/v2\/pages\/10404\/revisions\/18008"}],"wp:attachment":[{"href":"https:\/\/www.topguide24.com\/pl\/wp-json\/wp\/v2\/media?parent=10404"}],"curies":[{"name":"wp","href":"https:\/\/api.w.org\/{rel}","templated":true}]}}