{"id":2099,"date":"2015-06-02T17:40:38","date_gmt":"2015-06-02T15:40:38","guid":{"rendered":"http:\/\/topguide.ausflugssuchmaschine.de\/en\/?page_id=2099"},"modified":"2024-02-16T22:59:53","modified_gmt":"2024-02-16T21:59:53","slug":"wszystkie-cele-podrozy","status":"publish","type":"page","link":"https:\/\/www.topguide24.com\/pl\/wszystkie-cele-podrozy\/","title":{"rendered":"Wszystkie cele podr\u00f3\u017cy"},"content":{"rendered":"<div class=\"alltour\">\n<div class=\"alltour_region\">\n<h4>Ameryka P\u00f3\u0142nocna<\/h4>\n<div class=\"alltour_content\">\n<div class=\"alltour_spilt\">\n\t\t\t\t<a href=\"..\/tour\/antigua-i-barbuda\/\">Antigua i Barbuda<\/a><br \/>\n\t\t\t\t<a href=\"..\/tour\/aruba\/\">Aruba<\/a><br \/>\n\t\t\t\t<a href=\"..\/tour\/bahamy\/\">Bahamy<\/a><br \/>\n\t\t\t\t<a href=\"..\/tour\/belize\/\">Belize<\/a><br \/>\n\t\t\t\t<a href=\"..\/tour\/holandia-karaibska\/bonaire\/\">Bonaire<\/a><br \/>\n\t\t\t\t<a href=\"..\/tour\/curacao\/\">Cura\u00e7ao<\/a><br \/>\n\t\t\t\t<a href=\"..\/tour\/dominikana\/\">Dominikana<\/a>\n\t\t\t<\/div>\n<div class=\"alltour_spilt\">\n\t\t\t\t<a href=\"..\/tour\/gujana\/\">Grenada<\/a><br \/>\n\t\t\t\t<a href=\"..\/tour\/gwatemala\/\">Gwatemala<\/a><br \/>\n\t\t\t\t<a href=\"..\/tour\/jamajka\/\">Jamajka<\/a><br \/>\n\t\t\t\t<a href=\"..\/tour\/kanada\/\">Kanada<\/a><br \/>\n\t\t\t\t<a href=\"..\/tour\/kostaryka\/\">Kostaryka<\/a><br \/>\n\t\t\t\t<a href=\"..\/tour\/kuba\/\">kuba<\/a><br \/>\n\t\t\t\t<a href=\"..\/tour\/meksyk\/\">Meksyk<\/a>\n\t\t\t<\/div>\n<div class=\"alltour_spilt\">\n\t\t\t\t<a href=\"..\/tour\/panama\/\">Panama<\/a><br \/>\n\t\t\t\t<a href=\"..\/tour\/portoryko\/\">Portoryko<\/a><br \/>\n\t\t\t\t<a href=\"..\/tour\/holandia-karaibska\/st-martin-sint-maarten\/\">Sint Maarten<\/a><br \/>\n\t\t\t\t<a href=\"..\/tour\/saint-lucia\/\">Saint Lucia<\/a><br \/>\n\t\t\t\t<a href=\"..\/tour\/stany-zjednoczone\/\">Stany Zjednoczone<\/a><br \/>\n\t\t\t\t<a href=\"..\/tour\/wyspy-dziewicze-stanow-zjednoczonych\/\">Wyspy Dziewicze Stan\u00f3w Zjednoczonych<\/a>\n\t\t\t<\/div>\n<\/p><\/div>\n<\/p><\/div>\n<div class=\"alltour_region\">\n<h4>Ameryka Po\u0142udniowa<\/h4>\n<div class=\"alltour_content\">\n<div class=\"alltour_spilt\">\n\t\t\t\t<a href=\"..\/tour\/argentyna\/\">Argentyna<\/a><br \/>\n\t\t\t\t<a href=\"..\/tour\/brazylia\/\">Brazylia<\/a><br \/>\n\t\t\t\t<a href=\"..\/tour\/chile\/\">Chile<\/a><br \/>\n\t\t\t\t<a href=\"..\/tour\/ekwador\/\">Ekwador<\/a><br \/>\n\t\t\t\t<a href=\"..\/tour\/gujana\/\">Gujana<\/a><br \/>\n\t\t\t\t<a href=\"..\/tour\/kolumbia\/\">Kolumbia<\/a><br \/>\n\t\t\t\t<a href=\"..\/tour\/peru\/\">Peru<\/a><br \/>\n\t\t\t\t<a href=\"..\/tour\/surinam\/\">Surinam<\/a><br \/>\n\t\t\t\t<a href=\"..\/tour\/urugwaj\/\">Urugwaj<\/a>\n\t\t\t<\/div>\n<\/p><\/div>\n<\/p><\/div>\n<div class=\"alltour_region\">\n<h4>Europa<\/h4>\n<div class=\"alltour_content\">\n<div class=\"alltour_spilt\">\n\t\t\t\t<a href=\"..\/tour\/albania\/\">Albania<\/a><br \/>\n\t\t\t\t<a href=\"..\/tour\/andora\/\">Andora<\/a><br \/>\n\t\t\t\t<a href=\"..\/tour\/austria\/\">Austria<\/a><br \/>\n\t\t\t\t<a href=\"..\/tour\/belgia\/\">Belgia<\/a><br \/>\n\t\t\t\t<a href=\"..\/tour\/bosnia-i-hercegowina\/\">Bo\u015bnia i Hercegowina<\/a><br \/>\n\t\t\t\t<a href=\"..\/tour\/bulgaria\/\">Bu\u0142garia<\/a><br \/>\n\t\t\t\t<a href=\"..\/tour\/chorwacja\/\">Chorwacja<\/a><br \/>\n\t\t\t\t<a href=\"..\/tour\/cypr\/\">Cypr<\/a><br \/>\n\t\t\t\t<a href=\"..\/tour\/dania\/\">Dania<\/a><br \/>\n\t\t\t\t<a href=\"..\/tour\/estonia\/\">Estonia<\/a><br \/>\n\t\t\t\t<a href=\"..\/tour\/finlandia\/\">Finlandia<\/a><br \/>\n\t\t\t\t<a href=\"..\/tour\/francja\/\">Francja<\/a><br \/>\n\t\t\t\t<a href=\"..\/tour\/grecja\/\">Grecja<\/a><br \/>\n\t\t\t\t<a href=\"..\/tour\/gruzja\/\">Gruzja<\/a><br \/>\n\t\t\t\t<a href=\"..\/tour\/hiszpania\/\">Hiszpania<\/a>\n\t\t\t<\/div>\n<div class=\"alltour_spilt\">\n\t\t\t\t<a href=\"..\/tour\/holandia\/\">Holandia<\/a><br \/>\n\t\t\t\t<a href=\"..\/tour\/irlandia\/\">Irlandia<\/a><br \/>\n\t\t\t\t<a href=\"..\/tour\/islandia\/\">Islandia<\/a><br \/>\n\t\t\t\t<a href=\"..\/tour\/jersey\/\">Jersey<\/a><br \/>\n\t\t\t\t<a href=\"..\/tour\/liechtenstein\/\">Liechtenstein<\/a><br \/>\n\t\t\t\t<a href=\"..\/tour\/litwa\/\">Litwa<\/a><br \/>\n\t\t\t\t<a href=\"..\/tour\/luksemburg\/\">Luksemburg<\/a><br \/>\n\t\t\t\t<a href=\"..\/tour\/lotwa\/\">\u0141otwa<\/a><br \/>\n\t\t\t\t<a href=\"..\/tour\/luksemburg\/\">Luksemburg<\/a><br \/>\n\t\t\t\t<a href=\"..\/tour\/macedonia\/\">Macedonia<\/a><br \/>\n\t\t\t\t<a href=\"..\/tour\/malta\/\">Malta<\/a><br \/>\n\t\t\t\t<a href=\"..\/tour\/moldawia\/\">Mo\u0142dawia<\/a><br \/>\n\t\t\t\t<a href=\"..\/tour\/monako\/\">Monako<\/a><br \/>\n\t\t\t\t<a href=\"..\/tour\/niemcy\/\">Niemcy<\/a><br \/>\n\t\t\t\t<a href=\"..\/tour\/norwegia\/\">Norwegia<\/a>\n\t\t\t<\/div>\n<div class=\"alltour_spilt\">\n\t\t\t\t<a href=\"..\/tour\/polska\/\">Polska<\/a><br \/>\n\t\t\t\t<a href=\"..\/tour\/portugalia\/\">Portugalia<\/a><br \/>\n\t\t\t\t<a href=\"..\/tour\/republika-czeska\/\">Republika Czeska<\/a><br \/>\n\t\t\t\t<a href=\"..\/tour\/rosja\/\">Rosja<\/a><br \/>\n\t\t\t\t<a href=\"..\/tour\/rumunia\/\">Rumunia<\/a><br \/>\n\t\t\t\t<a href=\"..\/tour\/san-marino\/\">San Marino<\/a><br \/>\n\t\t\t\t<a href=\"..\/tour\/serbia\/\">Serbia<\/a><br \/>\n\t\t\t\t<a href=\"..\/tour\/slowacja\/\">S\u0142owacja<\/a><br \/>\n\t\t\t\t<a href=\"..\/tour\/slowenia\/\">S\u0142owenia<\/a><br \/>\n\t\t\t\t<a href=\"..\/tour\/szwajcaria\/\">Szwajcaria<\/a><br \/>\n\t\t\t\t<a href=\"..\/tour\/szwecja\/\">Szwecja<\/a><br \/>\n\t\t\t\t<a href=\"..\/tour\/turcja\/\">Turcja<\/a><br \/>\n\t\t\t\t<a href=\"..\/tour\/wegry\/\">W\u0119gry<\/a><br \/>\n\t\t\t\t<a href=\"..\/tour\/wielka-brytania\/\">Wielka Brytania<\/a><br \/>\n\t\t\t\t<a href=\"..\/tour\/wlochy\/\">W\u0142ochy<\/a>\n\t\t\t<\/div>\n<\/p><\/div>\n<\/p><\/div>\n<div class=\"alltour_region\">\n<h4>Afryka<\/h4>\n<div class=\"alltour_content\">\n<div class=\"alltour_spilt\">\n\t\t\t\t<a href=\"..\/tour\/botswana\/\">Botswana<\/a><br \/>\n\t\t\t\t<a href=\"..\/tour\/egipt\/\">Egipt<\/a><br \/>\n\t\t\t\t<a href=\"..\/tour\/gambia\/\">Gambia<\/a><br \/>\n\t\t\t\t<a href=\"..\/tour\/kenia\/\">Kenia<\/a><br \/>\n\t\t\t\t<a href=\"..\/tour\/maroko\/\">Maroko<\/a>\n\t\t\t<\/div>\n<div class=\"alltour_spilt\">\n\t\t\t\t<a href=\"..\/tour\/mauritius\/\">Mauritius<\/a><br \/>\n\t\t\t\t<a href=\"..\/tour\/namibia\/\">Namibia<\/a><br \/>\n\t\t\t\t<a href=\"..\/tour\/republika-poludniowej-afryki\/\">Republika Po\u0142udniowej Afryki<\/a><br \/>\n\t\t\t\t<a href=\"..\/tour\/reunion\/\">Reunion<\/a><br \/>\n\t\t\t\t<a href=\"..\/tour\/senegal\/\">Senegal<\/a>\n\t\t\t<\/div>\n<div class=\"alltour_spilt\">\n\t\t\t\t<a href=\"..\/tour\/seszele\/\">Seszele<\/a><br \/>\n\t\t\t\t<a href=\"..\/tour\/tanzania\/\">Tanzania<\/a><br \/>\n\t\t\t\t<a href=\"..\/tour\/tunezja\/\">Tunezja<\/a><br \/>\n\t\t\t\t<a href=\"..\/tour\/wyspy-zielonego-przyladka\/\">Wyspy Zielonego Przyl\u0105dka<\/a><br \/>\n\t\t\t\t<a href=\"..\/tour\/zimbabwe\/\">Zimbabwe<\/a>\n\t\t\t<\/div>\n<\/p><\/div>\n<\/p><\/div>\n<div class=\"alltour_region\">\n<h4>Azja<\/h4>\n<div class=\"alltour_content\">\n<div class=\"alltour_spilt\">\n\t\t\t\t<a href=\"..\/tour\/arabia-saudyjska\/\">Arabia Saudyjska<\/a><br \/>\n\t\t\t\t<a href=\"..\/tour\/azerbejdzan\/\">Azerbejd\u017can<\/a><br \/>\n\t\t\t\t<a href=\"..\/tour\/birma\/\">Birma<\/a><br \/>\n\t\t\t\t<a href=\"..\/tour\/chiny\/\">Chiny<\/a><br \/>\n\t\t\t\t<a href=\"..\/tour\/filipiny\/\">Filipiny<\/a><br \/>\n\t\t\t\t<a href=\"..\/tour\/indie\/\">Indie<\/a><br \/>\n\t\t\t\t<a href=\"..\/tour\/izrael\/\">Izrael<\/a><br \/>\n\t\t\t\t<a href=\"..\/tour\/japonia\/\">Japonia<\/a><br \/>\n\t\t\t\t<a href=\"..\/tour\/jordania\/\">Jordania<\/a><br \/>\n\t\t\t\t<a href=\"..\/tour\/kambodza\/\">Kambod\u017ca<\/a>\n\t\t\t<\/div>\n<div class=\"alltour_spilt\">\n\t\t\t\t<a href=\"..\/tour\/katar\/\">Katar<\/a><br \/>\n\t\t\t\t<a href=\"..\/tour\/kazachstan\/\">Kazachstan<\/a><br \/>\n\t\t\t\t<a href=\"..\/tour\/korea-poludniowa\/\">Korea Po\u0142udniowa<\/a><br \/>\n\t\t\t\t<a href=\"..\/tour\/kuwejt\/\">Kuwejt<\/a><br \/>\n\t\t\t\t<a href=\"..\/tour\/laos\/\">Laos<\/a><br \/>\n\t\t\t\t<a href=\"..\/tour\/liban\/\">Liban<\/a><br \/>\n\t\t\t\t<a href=\"..\/tour\/malezja\/\">Malezja<\/a><br \/>\n\t\t\t\t<a href=\"..\/tour\/mjanma\/\">Mjanma<\/a><br \/>\n\t\t\t\t<a href=\"..\/tour\/nepal\/\">Nepal<\/a><br \/>\n\t\t\t\t<a href=\"..\/tour\/oman\/\">Oman<\/a>\n\t\t\t<\/div>\n<div class=\"alltour_spilt\">\n\t\t\t\t<a href=\"..\/tour\/rosja\/\">Rosja<\/a><br \/>\n\t\t\t\t<a href=\"..\/tour\/singapur\/\">Singapur<\/a><br \/>\n\t\t\t\t<a href=\"..\/tour\/sri-lanka\/\">Sri Lanka<\/a><br \/>\n\t\t\t\t<a href=\"..\/tour\/tajlandia\/\">Tajlandia<\/a><br \/>\n\t\t\t\t<a href=\"..\/tour\/tajwan\/\">Tajwan<\/a><br \/>\n\t\t\t\t<a href=\"..\/tour\/terytoria-palestynskie\/\">Terytoria palesty\u0144skie<\/a><br \/>\n\t\t\t\t<a href=\"..\/tour\/wietnam\/\">Wietnam<\/a><br \/>\n\t\t\t\t<a href=\"..\/tour\/zjednoczone-emiraty-arabskie\/\">Zjednoczone Emiraty Arabskie<\/a>\n\t\t\t<\/div>\n<\/p><\/div>\n<\/p><\/div>\n<div class=\"alltour_region\">\n<h4>Oceania<\/h4>\n<div class=\"alltour_content\">\n<div class=\"alltour_spilt\">\n\t\t\t\t<a href=\"..\/tour\/australia\/\">Australia<\/a><br \/>\n\t\t\t\t<a href=\"..\/tour\/fidzi\/\">Fid\u017ci<\/a><br \/>\n\t\t\t\t<a href=\"..\/tour\/polinezja-francuska\/\">Polinezja Francuska<\/a><br \/>\n\t\t\t\t<a href=\"..\/tour\/guam\/\">Guam<\/a><br \/>\n\t\t\t\t<a href=\"..\/tour\/indonezja\/\">Indonezja<\/a><br \/>\n\t\t\t\t<a href=\"..\/tour\/nowa-zelandia\/\">Nowa Zelandia<\/a>\n\t\t\t<\/div>\n<\/p><\/div>\n<\/p><\/div>\n<\/div>\n","protected":false},"excerpt":{"rendered":"<p>Ameryka P\u00f3\u0142nocna Antigua i Barbuda Aruba Bahamy Belize Bonaire Cura\u00e7ao Dominikana Grenada Gwatemala Jamajka Kanada Kostaryka kuba Meksyk Panama Portoryko Sint Maarten Saint Lucia Stany Zjednoczone Wyspy Dziewicze Stan\u00f3w Zjednoczonych Ameryka Po\u0142udniowa Argentyna Brazylia Chile Ekwador Gujana Kolumbia Peru Surinam Urugwaj Europa Albania Andora Austria Belgia Bo\u015bnia i Hercegowina Bu\u0142garia Chorwacja Cypr Dania Estonia Finlandia [&hellip;]<\/p>\n","protected":false},"author":1,"featured_media":18853,"parent":0,"menu_order":0,"comment_status":"closed","ping_status":"closed","template":"","meta":{"footnotes":""},"class_list":["post-2099","page","type-page","status-publish","has-post-thumbnail","hentry"],"acf":[],"yoast_head":"<!-- This site is optimized with the Yoast SEO plugin v27.0 - https:\/\/yoast.com\/product\/yoast-seo-wordpress\/ -->\n<title>Wszystkie cele podr\u00f3\u017cy &#187; Topguide24.com<\/title>\n<meta name=\"description\" content=\"Znajd\u017a i zarezerwuj ciekawe wycieczki, wycieczki i zaj\u0119cia wakacyjne do najwa\u017cniejszych atrakcji na ca\u0142ym \u015bwiecie.\" \/>\n<meta name=\"robots\" content=\"index, follow, max-snippet:-1, max-image-preview:large, max-video-preview:-1\" \/>\n<link rel=\"canonical\" href=\"https:\/\/www.topguide24.com\/pl\/wszystkie-cele-podrozy\/\" \/>\n<meta property=\"og:locale\" content=\"pl_PL\" \/>\n<meta property=\"og:type\" content=\"article\" \/>\n<meta property=\"og:title\" content=\"Wszystkie cele podr\u00f3\u017cy &#187; Topguide24.com\" \/>\n<meta property=\"og:description\" content=\"Znajd\u017a i zarezerwuj ciekawe wycieczki, wycieczki i zaj\u0119cia wakacyjne do najwa\u017cniejszych atrakcji na ca\u0142ym \u015bwiecie.\" \/>\n<meta property=\"og:url\" content=\"https:\/\/www.topguide24.com\/pl\/wszystkie-cele-podrozy\/\" \/>\n<meta property=\"og:site_name\" content=\"Topguide24.com\" \/>\n<meta property=\"article:publisher\" content=\"https:\/\/www.facebook.com\/topguide24\/\" \/>\n<meta property=\"article:modified_time\" content=\"2024-02-16T21:59:53+00:00\" \/>\n<meta property=\"og:image\" content=\"https:\/\/www.topguide24.com\/pl\/wp-content\/uploads\/2024\/02\/Reiseziele.jpg\" \/>\n\t<meta property=\"og:image:width\" content=\"1920\" \/>\n\t<meta property=\"og:image:height\" content=\"587\" \/>\n\t<meta property=\"og:image:type\" content=\"image\/jpeg\" \/>\n<meta name=\"twitter:card\" content=\"summary_large_image\" \/>\n<meta name=\"twitter:site\" content=\"@topguide24\" \/>\n<meta name=\"twitter:label1\" content=\"Szacowany czas czytania\" \/>\n\t<meta name=\"twitter:data1\" content=\"2 minuty\" \/>\n<script type=\"application\/ld+json\" class=\"yoast-schema-graph\">{\"@context\":\"https:\/\/schema.org\",\"@graph\":[{\"@type\":\"WebPage\",\"@id\":\"https:\/\/www.topguide24.com\/pl\/wszystkie-cele-podrozy\/\",\"url\":\"https:\/\/www.topguide24.com\/pl\/wszystkie-cele-podrozy\/\",\"name\":\"Wszystkie cele podr\u00f3\u017cy &#187; Topguide24.com\",\"isPartOf\":{\"@id\":\"https:\/\/www.topguide24.com\/pl\/#website\"},\"primaryImageOfPage\":{\"@id\":\"https:\/\/www.topguide24.com\/pl\/wszystkie-cele-podrozy\/#primaryimage\"},\"image\":{\"@id\":\"https:\/\/www.topguide24.com\/pl\/wszystkie-cele-podrozy\/#primaryimage\"},\"thumbnailUrl\":\"https:\/\/www.topguide24.com\/pl\/wp-content\/uploads\/2024\/02\/Reiseziele.jpg\",\"datePublished\":\"2015-06-02T15:40:38+00:00\",\"dateModified\":\"2024-02-16T21:59:53+00:00\",\"description\":\"Znajd\u017a i zarezerwuj ciekawe wycieczki, wycieczki i zaj\u0119cia wakacyjne do najwa\u017cniejszych atrakcji na ca\u0142ym \u015bwiecie.\",\"breadcrumb\":{\"@id\":\"https:\/\/www.topguide24.com\/pl\/wszystkie-cele-podrozy\/#breadcrumb\"},\"inLanguage\":\"pl-PL\",\"potentialAction\":[{\"@type\":\"ReadAction\",\"target\":[\"https:\/\/www.topguide24.com\/pl\/wszystkie-cele-podrozy\/\"]}]},{\"@type\":\"ImageObject\",\"inLanguage\":\"pl-PL\",\"@id\":\"https:\/\/www.topguide24.com\/pl\/wszystkie-cele-podrozy\/#primaryimage\",\"url\":\"https:\/\/www.topguide24.com\/pl\/wp-content\/uploads\/2024\/02\/Reiseziele.jpg\",\"contentUrl\":\"https:\/\/www.topguide24.com\/pl\/wp-content\/uploads\/2024\/02\/Reiseziele.jpg\",\"width\":1920,\"height\":587},{\"@type\":\"BreadcrumbList\",\"@id\":\"https:\/\/www.topguide24.com\/pl\/wszystkie-cele-podrozy\/#breadcrumb\",\"itemListElement\":[{\"@type\":\"ListItem\",\"position\":1,\"name\":\"Home\",\"item\":\"https:\/\/www.topguide24.com\/pl\/\"},{\"@type\":\"ListItem\",\"position\":2,\"name\":\"Wszystkie cele podr\u00f3\u017cy\"}]},{\"@type\":\"WebSite\",\"@id\":\"https:\/\/www.topguide24.com\/pl\/#website\",\"url\":\"https:\/\/www.topguide24.com\/pl\/\",\"name\":\"Topguide24.com\",\"description\":\"Search engine for tours &amp; activities.\",\"potentialAction\":[{\"@type\":\"SearchAction\",\"target\":{\"@type\":\"EntryPoint\",\"urlTemplate\":\"https:\/\/www.topguide24.com\/pl\/?s={search_term_string}\"},\"query-input\":{\"@type\":\"PropertyValueSpecification\",\"valueRequired\":true,\"valueName\":\"search_term_string\"}}],\"inLanguage\":\"pl-PL\"}]}<\/script>\n<!-- \/ Yoast SEO plugin. -->","yoast_head_json":{"title":"Wszystkie cele podr\u00f3\u017cy &#187; Topguide24.com","description":"Znajd\u017a i zarezerwuj ciekawe wycieczki, wycieczki i zaj\u0119cia wakacyjne do najwa\u017cniejszych atrakcji na ca\u0142ym \u015bwiecie.","robots":{"index":"index","follow":"follow","max-snippet":"max-snippet:-1","max-image-preview":"max-image-preview:large","max-video-preview":"max-video-preview:-1"},"canonical":"https:\/\/www.topguide24.com\/pl\/wszystkie-cele-podrozy\/","og_locale":"pl_PL","og_type":"article","og_title":"Wszystkie cele podr\u00f3\u017cy &#187; Topguide24.com","og_description":"Znajd\u017a i zarezerwuj ciekawe wycieczki, wycieczki i zaj\u0119cia wakacyjne do najwa\u017cniejszych atrakcji na ca\u0142ym \u015bwiecie.","og_url":"https:\/\/www.topguide24.com\/pl\/wszystkie-cele-podrozy\/","og_site_name":"Topguide24.com","article_publisher":"https:\/\/www.facebook.com\/topguide24\/","article_modified_time":"2024-02-16T21:59:53+00:00","og_image":[{"width":1920,"height":587,"url":"https:\/\/www.topguide24.com\/pl\/wp-content\/uploads\/2024\/02\/Reiseziele.jpg","type":"image\/jpeg"}],"twitter_card":"summary_large_image","twitter_site":"@topguide24","twitter_misc":{"Szacowany czas czytania":"2 minuty"},"schema":{"@context":"https:\/\/schema.org","@graph":[{"@type":"WebPage","@id":"https:\/\/www.topguide24.com\/pl\/wszystkie-cele-podrozy\/","url":"https:\/\/www.topguide24.com\/pl\/wszystkie-cele-podrozy\/","name":"Wszystkie cele podr\u00f3\u017cy &#187; Topguide24.com","isPartOf":{"@id":"https:\/\/www.topguide24.com\/pl\/#website"},"primaryImageOfPage":{"@id":"https:\/\/www.topguide24.com\/pl\/wszystkie-cele-podrozy\/#primaryimage"},"image":{"@id":"https:\/\/www.topguide24.com\/pl\/wszystkie-cele-podrozy\/#primaryimage"},"thumbnailUrl":"https:\/\/www.topguide24.com\/pl\/wp-content\/uploads\/2024\/02\/Reiseziele.jpg","datePublished":"2015-06-02T15:40:38+00:00","dateModified":"2024-02-16T21:59:53+00:00","description":"Znajd\u017a i zarezerwuj ciekawe wycieczki, wycieczki i zaj\u0119cia wakacyjne do najwa\u017cniejszych atrakcji na ca\u0142ym \u015bwiecie.","breadcrumb":{"@id":"https:\/\/www.topguide24.com\/pl\/wszystkie-cele-podrozy\/#breadcrumb"},"inLanguage":"pl-PL","potentialAction":[{"@type":"ReadAction","target":["https:\/\/www.topguide24.com\/pl\/wszystkie-cele-podrozy\/"]}]},{"@type":"ImageObject","inLanguage":"pl-PL","@id":"https:\/\/www.topguide24.com\/pl\/wszystkie-cele-podrozy\/#primaryimage","url":"https:\/\/www.topguide24.com\/pl\/wp-content\/uploads\/2024\/02\/Reiseziele.jpg","contentUrl":"https:\/\/www.topguide24.com\/pl\/wp-content\/uploads\/2024\/02\/Reiseziele.jpg","width":1920,"height":587},{"@type":"BreadcrumbList","@id":"https:\/\/www.topguide24.com\/pl\/wszystkie-cele-podrozy\/#breadcrumb","itemListElement":[{"@type":"ListItem","position":1,"name":"Home","item":"https:\/\/www.topguide24.com\/pl\/"},{"@type":"ListItem","position":2,"name":"Wszystkie cele podr\u00f3\u017cy"}]},{"@type":"WebSite","@id":"https:\/\/www.topguide24.com\/pl\/#website","url":"https:\/\/www.topguide24.com\/pl\/","name":"Topguide24.com","description":"Search engine for tours &amp; activities.","potentialAction":[{"@type":"SearchAction","target":{"@type":"EntryPoint","urlTemplate":"https:\/\/www.topguide24.com\/pl\/?s={search_term_string}"},"query-input":{"@type":"PropertyValueSpecification","valueRequired":true,"valueName":"search_term_string"}}],"inLanguage":"pl-PL"}]}},"post_mailing_queue_ids":[],"_links":{"self":[{"href":"https:\/\/www.topguide24.com\/pl\/wp-json\/wp\/v2\/pages\/2099","targetHints":{"allow":["GET"]}}],"collection":[{"href":"https:\/\/www.topguide24.com\/pl\/wp-json\/wp\/v2\/pages"}],"about":[{"href":"https:\/\/www.topguide24.com\/pl\/wp-json\/wp\/v2\/types\/page"}],"author":[{"embeddable":true,"href":"https:\/\/www.topguide24.com\/pl\/wp-json\/wp\/v2\/users\/1"}],"replies":[{"embeddable":true,"href":"https:\/\/www.topguide24.com\/pl\/wp-json\/wp\/v2\/comments?post=2099"}],"version-history":[{"count":30,"href":"https:\/\/www.topguide24.com\/pl\/wp-json\/wp\/v2\/pages\/2099\/revisions"}],"predecessor-version":[{"id":18906,"href":"https:\/\/www.topguide24.com\/pl\/wp-json\/wp\/v2\/pages\/2099\/revisions\/18906"}],"wp:featuredmedia":[{"embeddable":true,"href":"https:\/\/www.topguide24.com\/pl\/wp-json\/wp\/v2\/media\/18853"}],"wp:attachment":[{"href":"https:\/\/www.topguide24.com\/pl\/wp-json\/wp\/v2\/media?parent=2099"}],"curies":[{"name":"wp","href":"https:\/\/api.w.org\/{rel}","templated":true}]}}