{"id":10404,"date":"2017-06-14T22:13:36","date_gmt":"2017-06-14T20:13:36","guid":{"rendered":"http:\/\/www.topguide24.com\/en\/?page_id=10404"},"modified":"2024-01-07T23:08:26","modified_gmt":"2024-01-07T22:08:26","slug":"start","status":"publish","type":"page","link":"https:\/\/www.topguide24.com\/pt\/start\/","title":{"rendered":""},"content":{"rendered":"<style>\n#breadcrumbs{display:none;}<\/p>\n<\/style>\n<div class=\"containers\" style=\"padding: 1px;\">\n<div class=\"col-md-12 col-sm-12 addpad5p\" style=\"text-align: center;\">\n<h1 class=\"pop-head\">DESTINOS MAIS PROCURADOS<\/h1>\n\n<section id=\"features\" class=\"wide\">\n<h1 class=\"pop-head\">EXCURS\u00d5ES, ATIVIDADES E BILHETES<\/h1>\n<div id=\"Home_text\">Descubra mais de 350.000 experi\u00eancias em todo o mundo e compare e reserve as melhores excurs\u00f5es e atividades para as f\u00e9rias dos seus sonhos com o Topguide24!<\/div>\n<\/section>\n<\/div>\n<div class=\"col-md-12 col-sm-12 addpad5p\" style=\"text-align: center;\">\n<h1 class=\"pop-head\">MAIORES ATRA\u00c7\u00d5ES TUR\u00cdSTICAS<\/h1>\n<\/div>\n<div class=\"col-sm-12 col-md-12 addpad5p\">\n<section id=\"features\" class=\"wide\">\n<div class=\"row feature-boxes\">\n      <center><\/p>\n<h1 class=\"pop-head\">PORQU\u00ca TOPGUIDE24?<\/h1>\n<p><\/center><\/p>\n<ul>\n<li class=\"feature-box\">\n<div class=\"feature-box-icon\">\n            <i class=\"fa fa-search\"><\/i>\n          <\/div>\n<div class=\"feature-box-text\">\n<h4>A maior sele\u00e7\u00e3o<\/h4>\n<p>            Pesquisa r\u00e1pida em diferentes websites para as melhores excurs\u00f5es e atividades em todo o mundo.\n          <\/p><\/div>\n<\/li>\n<li class=\"feature-box\">\n<div class=\"feature-box-icon\">\n            <i class=\"fa fa-filter\"><\/i>\n          <\/div>\n<div class=\"feature-box-text\">\n<h4>Perfei\u00e7\u00e3o<\/h4>\n<p>            Diversos fun\u00e7\u00f5es de filtros e de classifica\u00e7\u00e3o para encontrar a experi\u00eancia perfeita.\n          <\/p><\/div>\n<\/li>\n<li class=\"feature-box\">\n<div class=\"feature-box-icon\">\n            <i class=\"fa fa-handshake-o\"><\/i>\n          <\/div>\n<div class=\"feature-box-text\">\n<h4>Flex\u00edvel<\/h4>\n<p>              Muitos produtos podem ser cancelados gratuitamente com at\u00e9 24 horas de anteced\u00eancia.\n          <\/p><\/div>\n<\/li>\n<\/ul><\/div>\n<\/section>\n<\/div>\n<div class=\"col-md-12 col-sm-12 addpad5p\" style=\"text-align: center;\">\n<h1 class=\"pop-head\">EXCURS\u00d5ES POPULARES<\/h1>\n<div class=\"widget_tag_cloud\"><a href=\"..\/tour\/islandia\/reykjavik\/?_keyword_search=\u00f4nibus\">Passeio de \u00f4nibus Reykjav\u00edk<\/a> <a href=\"..\/tour\/franca\/paris\/?_keyword_search=Parque\">Parques de divers\u00e3o Paris<\/a> <a href=\"..\/tour\/emirados-arabes-unidos\/dubai\/?_keyword_search=audio\">Guias de \u00e1udio Dubai<\/a> <a href=\"..\/tour\/holanda\/amsterda\/?_keyword_search=card\">City Cards Amsterd\u00e3<\/a> <a href=\"..\/tour\/italia\/roma\/?_keyword_search=bilhete\">Bilhete de entrada Roma<\/a> <a href=\"..\/tour\/italia\/veneza\/?_keyword_search=G\u00f4ndola\">Passeios de g\u00f4ndola em Veneza<\/a> <a href=\"..\/tour\/alemanha\/berlim\/?_keyword_search=segway\">Excurs\u00e3o de Segway Berlim<\/a> <a href=\"..\/tour\/italia\/florenca\/?_keyword_search=bicicleta\">Passeios de bicicleta em Floren\u00e7a<\/a> <a href=\"..\/tour\/espanha\/barcelona\/?_keyword_search=hop-on\">Passeio de \u00d4nibus Hop-on Hop-off Barcelona<\/a> <a href=\"..\/tour\/italia\/pompeia\/?_keyword_search=Pompeia\">Pompeia<\/a> <a href=\"..\/tour\/malta\/valeta\/?_keyword_search=comino\">Malta Tour de um dia \u00e0 Lagoa Azul<\/a> <a href=\"..\/tour\/espanha\/maiorca\/?_keyword=boot\">Passeios de barco Maiorca<\/a> <a href=\"..\/tour\/espanha\/tenerife\/?_keyword_search=caiaque\">Tour de caiaque Tenerife<\/a> <a href=\"..\/tour\/italia\/roma\/?_keyword_search=&#038;_keyword=transfer\">Traslado em Roma<\/a> <a href=\"..\/tour\/turquia\/capadocia\/\">Passeio de bal\u00e3o na Capad\u00f3cia<\/a> <a href=\"..\/tour\/italia\/roma\/?_keyword_search=Museus+do+Vaticano\">Museus do Vaticano<\/a> <a href=\"..\/tour\/espanha\/barcelona\/?_keyword_search=Sagrada+Fam%C3%ADlia\">Sagrada Fam\u00edlia<\/a> <a href=\"..\/tour\/holanda\/amsterda\/?_keyword_search=Anne+Frank\">Passeio a p\u00e9 de Anne Frank<\/a>\n<\/div>\n","protected":false},"excerpt":{"rendered":"<p>DESTINOS MAIS PROCURADOS EXCURS\u00d5ES, ATIVIDADES E BILHETES Descubra mais de 350.000 experi\u00eancias em todo o mundo e compare e reserve as melhores excurs\u00f5es e atividades para as f\u00e9rias dos seus sonhos com o Topguide24! MAIORES ATRA\u00c7\u00d5ES TUR\u00cdSTICAS PORQU\u00ca TOPGUIDE24? A maior sele\u00e7\u00e3o Pesquisa r\u00e1pida em diferentes websites para as melhores excurs\u00f5es e atividades em todo [&hellip;]<\/p>\n","protected":false},"author":1,"featured_media":0,"parent":0,"menu_order":0,"comment_status":"closed","ping_status":"closed","template":"page_kreuzfahrtausfluege-landausfluege.php","meta":{"footnotes":""},"class_list":["post-10404","page","type-page","status-publish","hentry"],"acf":[],"yoast_head":"<!-- This site is optimized with the Yoast SEO plugin v27.0 - https:\/\/yoast.com\/product\/yoast-seo-wordpress\/ -->\n<title>Tours &amp; Activities &#187; Topguide24.com<\/title>\n<meta name=\"robots\" content=\"noindex, follow\" \/>\n<meta property=\"og:locale\" content=\"pt_PT\" \/>\n<meta property=\"og:type\" content=\"article\" \/>\n<meta property=\"og:title\" content=\"Tours &amp; Activities &#187; Topguide24.com\" \/>\n<meta property=\"og:description\" content=\"DESTINOS MAIS PROCURADOS EXCURS\u00d5ES, ATIVIDADES E BILHETES Descubra mais de 350.000 experi\u00eancias em todo o mundo e compare e reserve as melhores excurs\u00f5es e atividades para as f\u00e9rias dos seus sonhos com o Topguide24! MAIORES ATRA\u00c7\u00d5ES TUR\u00cdSTICAS PORQU\u00ca TOPGUIDE24? A maior sele\u00e7\u00e3o Pesquisa r\u00e1pida em diferentes websites para as melhores excurs\u00f5es e atividades em todo [&hellip;]\" \/>\n<meta property=\"og:url\" content=\"https:\/\/www.topguide24.com\/pt\/start\/\" \/>\n<meta property=\"og:site_name\" content=\"Topguide24.com\" \/>\n<meta property=\"article:publisher\" content=\"https:\/\/www.facebook.com\/topguide24\/\" \/>\n<meta property=\"article:modified_time\" content=\"2024-01-07T22:08:26+00:00\" \/>\n<meta name=\"twitter:card\" content=\"summary_large_image\" \/>\n<meta name=\"twitter:site\" content=\"@topguide24\" \/>\n<meta name=\"twitter:label1\" content=\"Tempo estimado de leitura\" \/>\n\t<meta name=\"twitter:data1\" content=\"1 minuto\" \/>\n<script type=\"application\/ld+json\" class=\"yoast-schema-graph\">{\"@context\":\"https:\/\/schema.org\",\"@graph\":[{\"@type\":\"WebPage\",\"@id\":\"https:\/\/www.topguide24.com\/pt\/start\/\",\"url\":\"https:\/\/www.topguide24.com\/pt\/start\/\",\"name\":\"Tours & Activities &#187; Topguide24.com\",\"isPartOf\":{\"@id\":\"https:\/\/www.topguide24.com\/pt\/#website\"},\"datePublished\":\"2017-06-14T20:13:36+00:00\",\"dateModified\":\"2024-01-07T22:08:26+00:00\",\"inLanguage\":\"pt-PT\",\"potentialAction\":[{\"@type\":\"ReadAction\",\"target\":[\"https:\/\/www.topguide24.com\/pt\/start\/\"]}]},{\"@type\":\"WebSite\",\"@id\":\"https:\/\/www.topguide24.com\/pt\/#website\",\"url\":\"https:\/\/www.topguide24.com\/pt\/\",\"name\":\"Topguide24.com\",\"description\":\"Search engine for tours &amp; activities.\",\"potentialAction\":[{\"@type\":\"SearchAction\",\"target\":{\"@type\":\"EntryPoint\",\"urlTemplate\":\"https:\/\/www.topguide24.com\/pt\/?s={search_term_string}\"},\"query-input\":{\"@type\":\"PropertyValueSpecification\",\"valueRequired\":true,\"valueName\":\"search_term_string\"}}],\"inLanguage\":\"pt-PT\"}]}<\/script>\n<!-- \/ Yoast SEO plugin. -->","yoast_head_json":{"title":"Tours & Activities &#187; Topguide24.com","robots":{"index":"noindex","follow":"follow"},"og_locale":"pt_PT","og_type":"article","og_title":"Tours & Activities &#187; Topguide24.com","og_description":"DESTINOS MAIS PROCURADOS EXCURS\u00d5ES, ATIVIDADES E BILHETES Descubra mais de 350.000 experi\u00eancias em todo o mundo e compare e reserve as melhores excurs\u00f5es e atividades para as f\u00e9rias dos seus sonhos com o Topguide24! MAIORES ATRA\u00c7\u00d5ES TUR\u00cdSTICAS PORQU\u00ca TOPGUIDE24? A maior sele\u00e7\u00e3o Pesquisa r\u00e1pida em diferentes websites para as melhores excurs\u00f5es e atividades em todo [&hellip;]","og_url":"https:\/\/www.topguide24.com\/pt\/start\/","og_site_name":"Topguide24.com","article_publisher":"https:\/\/www.facebook.com\/topguide24\/","article_modified_time":"2024-01-07T22:08:26+00:00","twitter_card":"summary_large_image","twitter_site":"@topguide24","twitter_misc":{"Tempo estimado de leitura":"1 minuto"},"schema":{"@context":"https:\/\/schema.org","@graph":[{"@type":"WebPage","@id":"https:\/\/www.topguide24.com\/pt\/start\/","url":"https:\/\/www.topguide24.com\/pt\/start\/","name":"Tours & Activities &#187; Topguide24.com","isPartOf":{"@id":"https:\/\/www.topguide24.com\/pt\/#website"},"datePublished":"2017-06-14T20:13:36+00:00","dateModified":"2024-01-07T22:08:26+00:00","inLanguage":"pt-PT","potentialAction":[{"@type":"ReadAction","target":["https:\/\/www.topguide24.com\/pt\/start\/"]}]},{"@type":"WebSite","@id":"https:\/\/www.topguide24.com\/pt\/#website","url":"https:\/\/www.topguide24.com\/pt\/","name":"Topguide24.com","description":"Search engine for tours &amp; activities.","potentialAction":[{"@type":"SearchAction","target":{"@type":"EntryPoint","urlTemplate":"https:\/\/www.topguide24.com\/pt\/?s={search_term_string}"},"query-input":{"@type":"PropertyValueSpecification","valueRequired":true,"valueName":"search_term_string"}}],"inLanguage":"pt-PT"}]}},"post_mailing_queue_ids":[],"_links":{"self":[{"href":"https:\/\/www.topguide24.com\/pt\/wp-json\/wp\/v2\/pages\/10404","targetHints":{"allow":["GET"]}}],"collection":[{"href":"https:\/\/www.topguide24.com\/pt\/wp-json\/wp\/v2\/pages"}],"about":[{"href":"https:\/\/www.topguide24.com\/pt\/wp-json\/wp\/v2\/types\/page"}],"author":[{"embeddable":true,"href":"https:\/\/www.topguide24.com\/pt\/wp-json\/wp\/v2\/users\/1"}],"replies":[{"embeddable":true,"href":"https:\/\/www.topguide24.com\/pt\/wp-json\/wp\/v2\/comments?post=10404"}],"version-history":[{"count":13,"href":"https:\/\/www.topguide24.com\/pt\/wp-json\/wp\/v2\/pages\/10404\/revisions"}],"predecessor-version":[{"id":20816,"href":"https:\/\/www.topguide24.com\/pt\/wp-json\/wp\/v2\/pages\/10404\/revisions\/20816"}],"wp:attachment":[{"href":"https:\/\/www.topguide24.com\/pt\/wp-json\/wp\/v2\/media?parent=10404"}],"curies":[{"name":"wp","href":"https:\/\/api.w.org\/{rel}","templated":true}]}}