{"id":2,"date":"2015-06-02T17:24:13","date_gmt":"2015-06-02T15:24:13","guid":{"rendered":"http:\/\/topguide.ausflugssuchmaschine.de\/en\/?page_id=2"},"modified":"2024-03-27T17:38:06","modified_gmt":"2024-03-27T16:38:06","slug":"2-2","status":"publish","type":"page","link":"https:\/\/www.topguide24.com\/pt\/","title":{"rendered":""},"content":{"rendered":"<style>\n#breadcrumbs{display:none;}<br \/>\n<\/style>\n<div id=\"mainSearch\" class=\"col-md-12 col-sm-12 pad_0\" style=\"text-align: center; padding: 0px;\">\n<div id=\"mainLayer\" class=\"col-md-12 col-sm-12 pad_0\" style=\"text-align: center; padding: 0px;\">\n<aside id=\"search-4s\" class=\"widget widget_search zebra search-container-wrapper\">\n<h4 style=\"font-weight: bold !important;\">Excurs\u00f5es, tours, atividades e bilhetes<\/h4>\n<form id=\"searchform\" class=\"searchform\" role=\"search\" action=\"..\/pt\/\" method=\"get\">\n<div id=\"remBr\"><label class=\"screen-reader-text\" for=\"s\">Search for:<\/label><input id=\"s\" class=\"clickable\" autocomplete=\"off\" name=\"s\" type=\"text\" value=\"\" placeholder=\"Para onde vai?\"><input id=\"searchsubmit\" type=\"submit\" value=\"Vamos\"><\/div>\n<\/form>\n<\/aside>\n<\/div>\n<\/div>\n<div class=\"containers\" style=\"padding: 1px;\">\n<div class=\"col-md-12 col-sm-12 addpad5p\" style=\"text-align: center;\">\n<h1 class=\"pop-head\">EXCURS\u00d5ES, ATIVIDADES E BILHETES<\/h1>\n<p class=\"pop-text\" style=\"margin-bottom: 1%;\">comparar e reservar online<\/p>\n<\/div>\n<div class=\"col-md-12 col-sm-12 addpad5p add_pad_TB\">\n<div id=\"Home_text\">O Topguide24.com \u00e9 o \u00fanico <strong>motor de pesquisa<\/strong> para <strong>excurs\u00f5es<\/strong>, tours, <strong>atividades<\/strong> e bilhetes em todo o mundo para mais de <strong>1800<\/strong> destinos de viagem. S\u00f3 aqui encontra todas as atividades de excurs\u00f5es e tours dos grandes fornecedores em compara\u00e7\u00e3o de pre\u00e7os. Planeie e reserve as suas atividades de lazer para as suas f\u00e9rias no conforto da sua casa.<\/div>\n<\/div>\n<div class=\"col-md-12 col-sm-12 padding_0px index_images\" style=\"text-align: center; margin-bottom: 2%;\">\n<h2 class=\"pop-head\" style=\"text-align: left;\">Destinos de viagem populares<\/h2>\n<div class=\"row\">\n<div class=\"col-xs-12 col-sm-6 col-md-6 col-lg-6 padding_0px\">\n<div class=\" col-xs-12 col-sm-12 col-md-12 col-lg-12 padding_0px\">\n<div class=\"col-xs-12 col-sm-6 col-md-6 col-lg-6 padding_padding_left\">\n<div class=\"img_container destinations\"><a href=\"..\/pt\/tour\/holanda\/amsterda\/\"><img decoding=\"async\" class=\"img-responsive img-rounded alignnone img_pop\" src=\"..\/pt\/wp-content\/uploads\/2018\/03\/Amsterdam.jpg\" alt=\"AMSTERD\u00c3\"><span class=\"text-block\">AMSTERD\u00c3<\/span><\/a><\/div>\n<\/div>\n<div class=\"col-xs-12 col-sm-6 col-md-6 col-lg-6 padding_0px\">\n<div class=\"col-xs-12 col-sm-12 col-md-12 col-lg-12 padding_both\">\n<div class=\"img_container destinations\"><a href=\"..\/pt\/tour\/eslovaquia\/bratislava\/\"><img decoding=\"async\" class=\"img-responsive img-rounded alignnone img_pop\" src=\"..\/pt\/wp-content\/uploads\/2018\/03\/Bratislava.jpg\" alt=\"BRATISLAVA\"><span class=\"text-block\">BRATISLAVA<\/span><\/a><\/div>\n<\/div>\n<div class=\"col-xs-12 col-sm-12 col-md-12 col-lg-12 padding_both\">\n<div class=\"img_container destinations\"><a href=\"..\/pt\/tour\/emirados-arabes-unidos\/dubai\/\"><img decoding=\"async\" class=\"img-responsive img-rounded alignnone img_pop\" src=\"..\/pt\/wp-content\/uploads\/2018\/03\/Dubai.jpg\" alt=\"DUBAI\"><span class=\"text-block\">DUBAI<\/span><\/a><\/div>\n<\/div>\n<\/div>\n<\/div>\n<\/div>\n<div class=\"col-xs-12 col-sm-6 col-md-6 col-lg-6 padding_0px\">\n<div class=\" col-xs-12 col-sm-12 col-md-12 col-lg-12 padding_0px\">\n<div class=\"col-xs-12 col-sm-6 col-md-6 col-lg-6 padding_both\">\n<div class=\"img_container destinations\"><a href=\"..\/pt\/tour\/reino-unido\/edinburgh\/\"><img decoding=\"async\" class=\"img-responsive img-rounded alignnone img_pop\" src=\"..\/pt\/wp-content\/uploads\/2018\/03\/Schottland_Edinburgh.jpg\" alt=\"EDINBURGH\"><span class=\"text-block\">EDINBURGH<\/span><\/a><\/div>\n<\/div>\n<div class=\"col-xs-12 col-sm-6 col-md-6 col-lg-6 padding_0px\">\n<div class=\"col-xs-12 col-sm-12 col-md-12 col-lg-12 padding_padding_right\">\n<div class=\"img_container destinations\"><a href=\"..\/pt\/tour\/espanha\/fuerteventura\/\"><img decoding=\"async\" class=\"img-responsive img-rounded alignnone img_pop\" src=\"..\/pt\/wp-content\/uploads\/2018\/03\/Fuerteventura.jpg\" alt=\"FUERTEVENTURA\"><span class=\"text-block\">FUERTEVENTURA<\/span><\/a><\/div>\n<\/div>\n<div class=\"col-xs-12 col-sm-12 col-md-12 col-lg-12 padding_padding_right\">\n<div class=\"img_container destinations\"><a href=\"..\/pt\/tour\/escocia\/glasgow\/\"><img decoding=\"async\" class=\"img-responsive img-rounded alignnone img_pop\" src=\"https:\/\/www.topguide24.com\/nl\/wp-content\/uploads\/2018\/03\/Glasgow.jpg\" alt=\"GLASGOW\"><span class=\"text-block\">GLASGOW<\/span><\/a><\/div>\n<\/div>\n<\/div>\n<\/div>\n<\/div>\n<\/div>\n<div class=\"row\">\n<div class=\"col-xs-12 col-sm-6 col-md-6 col-lg-6 padding_0px\">\n<div class=\" col-xs-12 col-sm-12 col-md-12 col-lg-12 padding_0px\">\n<div class=\"col-xs-12 col-sm-12 col-md-12 col-lg-12 padding_padding_left\">\n<div class=\"img_container destinations\"><a href=\"..\/pt\/tour\/espanha\/barcelona\/\"><img decoding=\"async\" class=\"img-responsive img-rounded alignnone img_pop\" src=\"..\/pt\/wp-content\/uploads\/2018\/03\/Barcelona.jpg\" alt=\"BARCELONA\"><span class=\"text-block\">BARCELONA<\/span><\/a><\/div>\n<\/div>\n<div class=\"col-xs-12 col-sm-12 col-md-12 col-lg-12 padding_0px\">\n<div class=\"col-xs-12 col-sm-6 col-md-6 col-lg-6 padding_padding_left\">\n<div class=\"img_container destinations\"><a href=\"..\/pt\/tour\/northern-ireland\/belfast\/\"><img decoding=\"async\" class=\"img-responsive img-rounded alignnone img_pop\" src=\"..\/pt\/wp-content\/uploads\/2018\/03\/Irland.jpg\" alt=\"BELFAST\"><span class=\"text-block\">BELFAST<\/span><\/a><\/div>\n<\/div>\n<div class=\"col-xs-12 col-sm-6 col-md-6 col-lg-6 padding_both\">\n<div class=\"img_container destinations\"><a href=\"..\/pt\/tour\/grecia\/corfu\/\"><img decoding=\"async\" class=\"img-responsive img-rounded alignnone img_pop\" src=\"..\/pt\/wp-content\/uploads\/2018\/03\/Korfu.jpg\" alt=\"CORFU\"><span class=\"text-block\">CORFU<\/span><\/a><\/div>\n<\/div>\n<\/div>\n<\/div>\n<\/div>\n<div class=\"col-xs-12 col-sm-6 col-md-6 col-lg-6 padding_0px\">\n<div class=\" col-xs-12 col-sm-12 col-md-12 col-lg-12 padding_0px\">\n<div class=\"col-xs-12 col-sm-12 col-md-12 col-lg-12 padding_padding_right\">\n<div class=\"img_container destinations\"><a href=\"..\/pt\/tour\/italia\/roma\/\"><img decoding=\"async\" class=\"img-responsive img-rounded alignnone img_pop\" src=\"..\/pt\/wp-content\/uploads\/2018\/03\/Rom.jpg\" alt=\"ROMA\"><span class=\"text-block\">ROMA<\/span><\/a><\/div>\n<\/div>\n<div class=\"col-xs-12 col-sm-12 col-md-12 col-lg-12 padding_0px\">\n<div class=\"col-xs-12 col-sm-6 col-md-6 col-lg-6 padding_both\">\n<div class=\"img_container destinations\"><a href=\"..\/pt\/tour\/franca\/ajaccio\/\"><img decoding=\"async\" class=\"img-responsive img-rounded alignnone img_pop\" src=\"..\/pt\/wp-content\/uploads\/2018\/03\/Korsika.jpg\" alt=\"AJACCIO\"><span class=\"text-block\">C\u00d3RSEGA<\/span><\/a><\/div>\n<\/div>\n<div class=\"col-xs-12 col-sm-6 col-md-6 col-lg-6 padding_padding_right\">\n<div class=\"img_container destinations\"><a href=\"..\/pt\/tour\/grecia\/kos\/\"><img decoding=\"async\" class=\"img-responsive img-rounded alignnone img_pop\" src=\"..\/pt\/wp-content\/uploads\/2018\/03\/Kos.jpg\" alt=\"KOS\"><span class=\"text-block\">KOS<\/span><\/a><\/div>\n<\/div>\n<\/div>\n<\/div>\n<\/div>\n<\/div>\n<div class=\"row\">\n<div class=\"col-xs-12 col-sm-6 col-md-6 col-lg-6 padding_0px\">\n<div class=\" col-xs-12 col-sm-12 col-md-12 col-lg-12 padding_0px\">\n<div class=\"col-xs-12 col-sm-6 col-md-6 col-lg-6 padding_padding_left\">\n<div class=\"img_container destinations\"><a href=\"..\/pt\/tour\/grecia\/heracliao\/\"><img decoding=\"async\" class=\"img-responsive img-rounded alignnone img_pop\" src=\"https:\/\/www.topguide24.com\/nl\/wp-content\/uploads\/2018\/03\/Kreta.jpg\" alt=\"HERACLI\u00c3O\"><span class=\"text-block\">CRETA<\/span><\/a><\/div>\n<\/div>\n<div class=\"col-xs-12 col-sm-6 col-md-6 col-lg-6 padding_0px\">\n<div class=\"col-xs-12 col-sm-12 col-md-12 col-lg-12 padding_both\">\n<div class=\"img_container destinations\"><a href=\"..\/pt\/tour\/espanha\/lanzarote\/\"><img decoding=\"async\" class=\"img-responsive img-rounded alignnone img_pop\" src=\"..\/pt\/wp-content\/uploads\/2018\/03\/Lanzarote.jpg\" alt=\"LANZAROTE\"><span class=\"text-block\">LANZAROTE<\/span><\/a><\/div>\n<\/div>\n<div class=\"col-xs-12 col-sm-12 col-md-12 col-lg-12 padding_both\">\n<div class=\"img_container destinations\"><a href=\"..\/pt\/tour\/inglaterra\/londres\/\"><img decoding=\"async\" class=\"img-responsive img-rounded alignnone img_pop\" src=\"..\/pt\/wp-content\/uploads\/2018\/03\/London.jpg\" alt=\"LONDRES\"><span class=\"text-block\">LONDRES<\/span><\/a><\/div>\n<\/div>\n<\/div>\n<\/div>\n<\/div>\n<div class=\"col-xs-12 col-sm-6 col-md-6 col-lg-6 padding_0px\">\n<div class=\" col-xs-12 col-sm-12 col-md-12 col-lg-12 padding_0px\">\n<div class=\"col-xs-12 col-sm-6 col-md-6 col-lg-6 padding_0px\">\n<div class=\"col-xs-12 col-sm-12 col-md-12 col-lg-12 padding_both\">\n<div class=\"img_container destinations\"><a href=\"..\/pt\/tour\/portugal\/funchal\/\"><img decoding=\"async\" class=\"img-responsive img-rounded alignnone img_pop\" src=\"..\/pt\/wp-content\/uploads\/2018\/03\/Madeira.jpg\" alt=\"MADEIRA\"><span class=\"text-block\">MADEIRA<\/span><\/a><\/div>\n<\/div>\n<div class=\"col-xs-12 col-sm-12 col-md-12 col-lg-12 padding_both\">\n<div class=\"img_container destinations\"><a href=\"..\/pt\/tour\/eua\/nova-iorque\/\"><img decoding=\"async\" class=\"img-responsive img-rounded alignnone img_pop\" src=\"..\/pt\/wp-content\/uploads\/2018\/03\/New-York.jpg\" alt=\"NOVA IORQUE\"><span class=\"text-block\">NOVA IORQUE<\/span><\/a><\/div>\n<\/div>\n<\/div>\n<div class=\"col-xs-12 col-sm-6 col-md-6 col-lg-6 padding_padding_right\">\n<div class=\"img_container destinations\"><a href=\"..\/pt\/tour\/malta\/valeta\/\"><img decoding=\"async\" class=\"img-responsive img-rounded alignnone img_pop\" src=\"https:\/\/www.topguide24.com\/nl\/wp-content\/uploads\/2018\/03\/Malta.jpg\" alt=\"VALETA\"><span class=\"text-block\">MALTA<\/span><\/a><\/div>\n<\/div>\n<\/div>\n<\/div>\n<\/div>\n<div class=\"row\">\n<div class=\"col-xs-12 col-sm-6 col-md-6 col-lg-6 padding_0px\">\n<div class=\" col-xs-12 col-sm-12 col-md-12 col-lg-12 padding_0px\">\n<div class=\"col-xs-12 col-sm-12 col-md-12 col-lg-12 padding_padding_left\">\n<div class=\"img_container destinations\"><a href=\"..\/pt\/tour\/franca\/paris\/\"><img decoding=\"async\" class=\"img-responsive img-rounded alignnone img_pop\" src=\"..\/pt\/wp-content\/uploads\/2018\/03\/Paris.jpg\" alt=\"PARIS\"><span class=\"text-block\">PARIS<\/span><\/a><\/div>\n<\/div>\n<div class=\"col-xs-12 col-sm-12 col-md-12 col-lg-12 padding_0px\">\n<div class=\"col-xs-12 col-sm-6 col-md-6 col-lg-6 padding_both\">\n<div class=\"img_container destinations\"><a href=\"..\/pt\/tour\/tailandia\/phuket\/\"><img decoding=\"async\" class=\"img-responsive img-rounded alignnone img_pop\" src=\"..\/pt\/wp-content\/uploads\/2018\/03\/Phuket.jpg\" alt=\"PHUKET\"><span class=\"text-block\">PHUKET<\/span><\/a><\/div>\n<\/div>\n<div class=\"col-xs-12 col-sm-6 col-md-6 col-lg-6 padding_both\">\n<div class=\"img_container destinations\"><a href=\"..\/pt\/tour\/grecia\/rodes\/\"><img decoding=\"async\" class=\"img-responsive img-rounded alignnone img_pop\" src=\"..\/pt\/wp-content\/uploads\/2018\/03\/Rhodos.jpg\" alt=\"RODES\"><span class=\"text-block\">RODES<\/span><\/a><\/div>\n<\/div>\n<\/div>\n<\/div>\n<\/div>\n<div class=\"col-xs-12 col-sm-6 col-md-6 col-lg-6 padding_0px\">\n<div class=\" col-xs-12 col-sm-12 col-md-12 col-lg-12 padding_0px\">\n<div class=\"col-xs-12 col-sm-12 col-md-12 col-lg-12 padding_0px\">\n<div class=\"col-xs-12 col-sm-6 col-md-6 col-lg-6 padding_both\">\n<div class=\"img_container destinations\"><a href=\"..\/pt\/tour\/grecia\/samos\/\"><img decoding=\"async\" class=\"img-responsive img-rounded alignnone img_pop\" src=\"..\/pt\/wp-content\/uploads\/2018\/03\/Samos.jpg\" alt=\"SAMOS\"><span class=\"text-block\">SAMOS<\/span><\/a><\/div>\n<\/div>\n<div class=\"col-xs-12 col-sm-6 col-md-6 col-lg-6 padding_both\">\n<div class=\"img_container destinations\"><a href=\"..\/pt\/tour\/australia\/sydney\/\"><img decoding=\"async\" class=\"img-responsive img-rounded alignnone img_pop\" src=\"..\/pt\/wp-content\/uploads\/2018\/03\/Sydney.jpg\" alt=\"SYDNEY\"><span class=\"text-block\">SYDNEY<\/span><\/a><\/div>\n<\/div>\n<\/div>\n<div class=\"col-xs-12 col-sm-12 col-md-12 col-lg-12 padding_padding_right\">\n<div class=\"img_container destinations\"><a href=\"..\/pt\/tour\/alemanha\/berlim\/\"><img decoding=\"async\" class=\"img-responsive img-rounded alignnone img_pop\" src=\"..\/pt\/wp-content\/uploads\/2018\/03\/Berlin.jpg\" alt=\"BERLIM\"><span class=\"text-block\">BERLIM<\/span><\/a><\/div>\n<\/div>\n<\/div>\n<\/div>\n<p><center><a href=\"..\/pt\/todos-os-destinos-de-viagem\/\">todos os destinos de viagem<\/a><\/center><\/div>\n<\/div>\n<\/div>\n<div class=\"col-sm-12 col-md-12 addpad5p min_20p bggray\"><center><\/p>\n<h2 class=\"pop-head\">OS NOSSOS PARCEIROS<\/h2>\n<p class=\"pop-text\" style=\"margin-bottom: 1%;\">\n<p><img loading=\"lazy\" decoding=\"async\" class=\"alignnone size-full wp-image-10913\" src=\"..\/pt\/wp-content\/uploads\/2019\/06\/partner_it_es.png\" alt=\"\" width=\"800\" height=\"308\"><\/p>\n<p>&nbsp;<\/p>\n<p><\/center><\/div>\n<div class=\"col-sm-12 col-md-12 addpad5p\"><center><\/p>\n<p><\/center><\/div>\n<div class=\"col-sm-12 col-md-12 addpad5p\"><center><\/p>\n<h2 class=\"pop-head\">PORQU\u00ca TOPGUIDE24?<\/h2>\n<p class=\"pop-text\" style=\"margin-bottom: 1%;\">Encontre as melhores atividades de lazer para as suas f\u00e9rias!<\/p>\n<p><\/center><\/div>\n<section id=\"features\" class=\"wide\">\n<div class=\"container\">\n<div class=\"row feature-boxes\">\n<ul>\n<li class=\"col-sm-6 col-md-4 feature-box\">\n<div class=\"feature-box-icon\">\n                <i class=\"fa fa-search\"><\/i><\/div>\n<div class=\"feature-box-text\">\n<h4>A maior sele\u00e7\u00e3o<\/h4>\n<p>Pesquisa r\u00e1pida em diferentes websites para as melhores excurs\u00f5es e atividades em todo o mundo.<\/p>\n<\/div>\n<\/li>\n<li class=\"col-sm-6 col-md-4 feature-box\">\n<div class=\"feature-box-icon\">\n                <i class=\"fa fa-filter\"><\/i><\/div>\n<div class=\"feature-box-text\">\n<h4>Perfei\u00e7\u00e3o<\/h4>\n<p>Diversos fun\u00e7\u00f5es de filtros e de classifica\u00e7\u00e3o para encontrar a experi\u00eancia perfeita.<\/p>\n<\/div>\n<\/li>\n<li class=\"col-sm-6 col-md-4 feature-box\">\n<div class=\"feature-box-icon\">\n                <i class=\"fa fa-handshake-o\"><\/i><\/div>\n<div class=\"feature-box-text\">\n<h4>Flex\u00edvel<\/h4>\n<p>Muitos produtos podem ser cancelados gratuitamente com at\u00e9 24 horas de anteced\u00eancia.<\/p>\n<\/div>\n<\/li>\n<\/ul>\n<\/div>\n<\/div>\n<\/section>\n","protected":false},"excerpt":{"rendered":"<p>Excurs\u00f5es, tours, atividades e bilhetes Search for: EXCURS\u00d5ES, ATIVIDADES E BILHETES comparar e reservar online O Topguide24.com \u00e9 o \u00fanico motor de pesquisa para excurs\u00f5es, tours, atividades e bilhetes em todo o mundo para mais de 1800 destinos de viagem. S\u00f3 aqui encontra todas as atividades de excurs\u00f5es e tours dos grandes fornecedores em compara\u00e7\u00e3o [&hellip;]<\/p>\n","protected":false},"author":1,"featured_media":0,"parent":0,"menu_order":0,"comment_status":"closed","ping_status":"closed","template":"page_kreuzfahrtausfluege-landausfluege.php","meta":{"footnotes":""},"class_list":["post-2","page","type-page","status-publish","hentry"],"acf":[],"yoast_head":"<!-- This site is optimized with the Yoast SEO plugin v27.0 - https:\/\/yoast.com\/product\/yoast-seo-wordpress\/ -->\n<title>Reserve excurs\u00f5es, tours e atividades &#187; Topguide24.com<\/title>\n<meta name=\"description\" content=\"Compare e reserve excurs\u00f5es, tours, atividades bilhetes para as atra\u00e7\u00f5es tur\u00edsticas mais populares em todo o mundo em mais de 1800 destinos de viagem.\" \/>\n<meta name=\"robots\" content=\"index, follow, max-snippet:-1, max-image-preview:large, max-video-preview:-1\" \/>\n<link rel=\"canonical\" href=\"https:\/\/www.topguide24.com\/pt\/\" \/>\n<meta property=\"og:locale\" content=\"pt_PT\" \/>\n<meta property=\"og:type\" content=\"article\" \/>\n<meta property=\"og:title\" content=\"Reserve excurs\u00f5es, tours e atividades &#187; Topguide24.com\" \/>\n<meta property=\"og:description\" content=\"Compare e reserve excurs\u00f5es, tours, atividades bilhetes para as atra\u00e7\u00f5es tur\u00edsticas mais populares em todo o mundo em mais de 1800 destinos de viagem.\" \/>\n<meta property=\"og:url\" content=\"https:\/\/www.topguide24.com\/pt\/\" \/>\n<meta property=\"og:site_name\" content=\"Topguide24.com\" \/>\n<meta property=\"article:publisher\" content=\"https:\/\/www.facebook.com\/topguide24\/\" \/>\n<meta property=\"article:modified_time\" content=\"2024-03-27T16:38:06+00:00\" \/>\n<meta property=\"og:image\" content=\"https:\/\/www.topguide24.com\/nl\/wp-content\/uploads\/2018\/03\/Glasgow.jpg\" \/>\n<meta name=\"twitter:card\" content=\"summary_large_image\" \/>\n<meta name=\"twitter:site\" content=\"@topguide24\" \/>\n<meta name=\"twitter:label1\" content=\"Tempo estimado de leitura\" \/>\n\t<meta name=\"twitter:data1\" content=\"6 minutos\" \/>\n<script type=\"application\/ld+json\" class=\"yoast-schema-graph\">{\"@context\":\"https:\/\/schema.org\",\"@graph\":[{\"@type\":\"WebPage\",\"@id\":\"https:\/\/www.topguide24.com\/pt\/\",\"url\":\"https:\/\/www.topguide24.com\/pt\/\",\"name\":\"Reserve excurs\u00f5es, tours e atividades &#187; Topguide24.com\",\"isPartOf\":{\"@id\":\"https:\/\/www.topguide24.com\/pt\/#website\"},\"primaryImageOfPage\":{\"@id\":\"https:\/\/www.topguide24.com\/pt\/#primaryimage\"},\"image\":{\"@id\":\"https:\/\/www.topguide24.com\/pt\/#primaryimage\"},\"thumbnailUrl\":\"https:\/\/www.topguide24.com\/nl\/wp-content\/uploads\/2018\/03\/Glasgow.jpg\",\"datePublished\":\"2015-06-02T15:24:13+00:00\",\"dateModified\":\"2024-03-27T16:38:06+00:00\",\"description\":\"Compare e reserve excurs\u00f5es, tours, atividades bilhetes para as atra\u00e7\u00f5es tur\u00edsticas mais populares em todo o mundo em mais de 1800 destinos de viagem.\",\"inLanguage\":\"pt-PT\",\"potentialAction\":[{\"@type\":\"ReadAction\",\"target\":[\"https:\/\/www.topguide24.com\/pt\/\"]}]},{\"@type\":\"ImageObject\",\"inLanguage\":\"pt-PT\",\"@id\":\"https:\/\/www.topguide24.com\/pt\/#primaryimage\",\"url\":\"https:\/\/www.topguide24.com\/nl\/wp-content\/uploads\/2018\/03\/Glasgow.jpg\",\"contentUrl\":\"https:\/\/www.topguide24.com\/nl\/wp-content\/uploads\/2018\/03\/Glasgow.jpg\"},{\"@type\":\"WebSite\",\"@id\":\"https:\/\/www.topguide24.com\/pt\/#website\",\"url\":\"https:\/\/www.topguide24.com\/pt\/\",\"name\":\"Topguide24.com\",\"description\":\"Search engine for tours &amp; activities.\",\"potentialAction\":[{\"@type\":\"SearchAction\",\"target\":{\"@type\":\"EntryPoint\",\"urlTemplate\":\"https:\/\/www.topguide24.com\/pt\/?s={search_term_string}\"},\"query-input\":{\"@type\":\"PropertyValueSpecification\",\"valueRequired\":true,\"valueName\":\"search_term_string\"}}],\"inLanguage\":\"pt-PT\"}]}<\/script>\n<!-- \/ Yoast SEO plugin. -->","yoast_head_json":{"title":"Reserve excurs\u00f5es, tours e atividades &#187; Topguide24.com","description":"Compare e reserve excurs\u00f5es, tours, atividades bilhetes para as atra\u00e7\u00f5es tur\u00edsticas mais populares em todo o mundo em mais de 1800 destinos de viagem.","robots":{"index":"index","follow":"follow","max-snippet":"max-snippet:-1","max-image-preview":"max-image-preview:large","max-video-preview":"max-video-preview:-1"},"canonical":"https:\/\/www.topguide24.com\/pt\/","og_locale":"pt_PT","og_type":"article","og_title":"Reserve excurs\u00f5es, tours e atividades &#187; Topguide24.com","og_description":"Compare e reserve excurs\u00f5es, tours, atividades bilhetes para as atra\u00e7\u00f5es tur\u00edsticas mais populares em todo o mundo em mais de 1800 destinos de viagem.","og_url":"https:\/\/www.topguide24.com\/pt\/","og_site_name":"Topguide24.com","article_publisher":"https:\/\/www.facebook.com\/topguide24\/","article_modified_time":"2024-03-27T16:38:06+00:00","og_image":[{"url":"https:\/\/www.topguide24.com\/nl\/wp-content\/uploads\/2018\/03\/Glasgow.jpg","type":"","width":"","height":""}],"twitter_card":"summary_large_image","twitter_site":"@topguide24","twitter_misc":{"Tempo estimado de leitura":"6 minutos"},"schema":{"@context":"https:\/\/schema.org","@graph":[{"@type":"WebPage","@id":"https:\/\/www.topguide24.com\/pt\/","url":"https:\/\/www.topguide24.com\/pt\/","name":"Reserve excurs\u00f5es, tours e atividades &#187; Topguide24.com","isPartOf":{"@id":"https:\/\/www.topguide24.com\/pt\/#website"},"primaryImageOfPage":{"@id":"https:\/\/www.topguide24.com\/pt\/#primaryimage"},"image":{"@id":"https:\/\/www.topguide24.com\/pt\/#primaryimage"},"thumbnailUrl":"https:\/\/www.topguide24.com\/nl\/wp-content\/uploads\/2018\/03\/Glasgow.jpg","datePublished":"2015-06-02T15:24:13+00:00","dateModified":"2024-03-27T16:38:06+00:00","description":"Compare e reserve excurs\u00f5es, tours, atividades bilhetes para as atra\u00e7\u00f5es tur\u00edsticas mais populares em todo o mundo em mais de 1800 destinos de viagem.","inLanguage":"pt-PT","potentialAction":[{"@type":"ReadAction","target":["https:\/\/www.topguide24.com\/pt\/"]}]},{"@type":"ImageObject","inLanguage":"pt-PT","@id":"https:\/\/www.topguide24.com\/pt\/#primaryimage","url":"https:\/\/www.topguide24.com\/nl\/wp-content\/uploads\/2018\/03\/Glasgow.jpg","contentUrl":"https:\/\/www.topguide24.com\/nl\/wp-content\/uploads\/2018\/03\/Glasgow.jpg"},{"@type":"WebSite","@id":"https:\/\/www.topguide24.com\/pt\/#website","url":"https:\/\/www.topguide24.com\/pt\/","name":"Topguide24.com","description":"Search engine for tours &amp; activities.","potentialAction":[{"@type":"SearchAction","target":{"@type":"EntryPoint","urlTemplate":"https:\/\/www.topguide24.com\/pt\/?s={search_term_string}"},"query-input":{"@type":"PropertyValueSpecification","valueRequired":true,"valueName":"search_term_string"}}],"inLanguage":"pt-PT"}]}},"post_mailing_queue_ids":[],"_links":{"self":[{"href":"https:\/\/www.topguide24.com\/pt\/wp-json\/wp\/v2\/pages\/2","targetHints":{"allow":["GET"]}}],"collection":[{"href":"https:\/\/www.topguide24.com\/pt\/wp-json\/wp\/v2\/pages"}],"about":[{"href":"https:\/\/www.topguide24.com\/pt\/wp-json\/wp\/v2\/types\/page"}],"author":[{"embeddable":true,"href":"https:\/\/www.topguide24.com\/pt\/wp-json\/wp\/v2\/users\/1"}],"replies":[{"embeddable":true,"href":"https:\/\/www.topguide24.com\/pt\/wp-json\/wp\/v2\/comments?post=2"}],"version-history":[{"count":57,"href":"https:\/\/www.topguide24.com\/pt\/wp-json\/wp\/v2\/pages\/2\/revisions"}],"predecessor-version":[{"id":23013,"href":"https:\/\/www.topguide24.com\/pt\/wp-json\/wp\/v2\/pages\/2\/revisions\/23013"}],"wp:attachment":[{"href":"https:\/\/www.topguide24.com\/pt\/wp-json\/wp\/v2\/media?parent=2"}],"curies":[{"name":"wp","href":"https:\/\/api.w.org\/{rel}","templated":true}]}}