{"id":2099,"date":"2015-06-02T17:40:38","date_gmt":"2015-06-02T15:40:38","guid":{"rendered":"http:\/\/topguide.ausflugssuchmaschine.de\/en\/?page_id=2099"},"modified":"2024-03-14T00:02:15","modified_gmt":"2024-03-13T23:02:15","slug":"todos-os-destinos-de-viagem","status":"publish","type":"page","link":"https:\/\/www.topguide24.com\/pt\/todos-os-destinos-de-viagem\/","title":{"rendered":"Todos os destinos de viagem"},"content":{"rendered":"<p><strong>Am\u00e9rica do Norte<\/strong><br \/>\n<a href=\"..\/tour\/antigua-e-barbados\/\">Ant\u00edgua e Barbados<\/a><br \/>\n<a href=\"..\/tour\/aruba\/\">Aruba<\/a><br \/>\n<a href=\"..\/tour\/bahamas\/\">Bahamas<\/a><br \/>\n<a href=\"..\/tour\/barbados\/\">Barbados<\/a><br \/>\n<a href=\"..\/tour\/belize\/\">Belize<\/a><br \/>\n<a href=\"..\/tour\/bonaire\/\">Bonaire<\/a><br \/>\n<a href=\"..\/tour\/canada\/\">Canad\u00e1<\/a><br \/>\n<a href=\"..\/tour\/costa-rica\/\">Costa Rica<\/a><br \/>\n<a href=\"..\/tour\/curacao\/\">Cura\u00e7ao<\/a><br \/>\n<a href=\"..\/tour\/dominica\/\">Dominica<\/a><br \/>\n<a href=\"..\/tour\/el-salvador\/\">El Salvador<\/a><br \/>\n<a href=\"..\/tour\/eua\/\">EUA<\/a><br \/>\n<a href=\"..\/tour\/groenlandia\/\">Groenl\u00e2ndia<\/a><br \/>\n<a href=\"..\/tour\/guadalupe\/\">Guadalupe<\/a><br \/>\n<a href=\"..\/tour\/guatemala\/\">Guatemala<\/a><br \/>\n<a href=\"..\/tour\/haiti\/\">Haiti<\/a><br \/>\n<a href=\"..\/tour\/honduras\/\">Honduras<\/a><br \/>\n<a href=\"..\/tour\/ilhas-cayman\/\">Ilhas Cayman<\/a><br \/>\n<a href=\"..\/tour\/ilhas-turcas-e-caicos\/\">Ilhas Turcas e Caicos<\/a><br \/>\n<a href=\"..\/tour\/ilhas-virgens-eua\/\">Ilhas Virgens \u2013 EUA<\/a><br \/>\n<a href=\"..\/tour\/ilhas-virgens-britanicas\/\">Ilhas Virgens Brit\u00e2nicas<\/a><br \/>\n<a href=\"..\/tour\/jamaica\/\">Jamaica<\/a><br \/>\n<a href=\"..\/tour\/martinica\/\">Martinica<\/a><br \/>\n<a href=\"..\/tour\/mexico\/\">M\u00e9xico<\/a><br \/>\n<a href=\"..\/tour\/nicaragua\/\">Nicar\u00e1gua<\/a><br \/>\n<a href=\"..\/tour\/panama\/\">Panam\u00e1<\/a><br \/>\n<a href=\"..\/tour\/porto-rico\/\">Porto Rico<\/a><br \/>\n<a href=\"..\/tour\/republica-dominicana\/\">Rep\u00fablica Dominicana<\/a><br \/>\n<a href=\"..\/tour\/santa-lucia\/\">Santa L\u00facia<\/a><br \/>\n<a href=\"..\/tour\/sao-cristovao-e-nevis\/\">S\u00e3o Crist\u00f3v\u00e3o e Nevis<\/a><br \/>\n<a href=\"..\/tour\/sao-martim\/\">S\u00e3o Martim<\/a><br \/>\n<a href=\"..\/tour\/sao-vicente-e-granadinas\/\">S\u00e3o Vicente e Granadinas<\/a><\/p>\n<p><strong>Am\u00e9rica do Sul<\/strong><br \/>\n<a href=\"..\/tour\/argentina\/\">Argentina<\/a><br \/>\n<a href=\"..\/tour\/bolivia\/\">Bol\u00edvia<\/a><br \/>\n<a href=\"..\/tour\/brasil\/\">Brasil<\/a><br \/>\n<a href=\"..\/tour\/chile\/\">Chile<\/a><br \/>\n<a href=\"..\/tour\/colombia\/\">Col\u00f4mbia<\/a><br \/>\n<a href=\"..\/tour\/cuba\/\">Cuba<\/a><br \/>\n<a href=\"..\/tour\/equador\/\">Equador<\/a><br \/>\n<a href=\"..\/tour\/guiana\/\">Guiana<\/a><br \/>\n<a href=\"..\/tour\/paraguai\/\">Paraguai<\/a><br \/>\n<a href=\"..\/tour\/peru\/\">Peru<\/a><br \/>\n<a href=\"..\/tour\/suriname\/\">Suriname<\/a><br \/>\n<a href=\"..\/tour\/uruguai\/\">Uruguai<\/a><br \/>\n<a href=\"..\/tour\/venezuela\/\">Venezuela<\/a><\/p>\n<p><strong>Europa<\/strong><br \/>\n<a href=\"..\/tour\/albania\/\">Alb\u00e2nia<\/a><br \/>\n<a href=\"..\/tour\/alemanha\/\">Alemanha<\/a><br \/>\n<a href=\"..\/tour\/andorra\/\">Andorra<\/a><br \/>\n<a href=\"..\/tour\/austria\/\">\u00c1ustria<\/a><br \/>\n<a href=\"..\/tour\/belgica\/\">B\u00e9lgica<\/a><br \/>\n<a href=\"..\/tour\/bielorrusia\/\">Bielorr\u00fasia<\/a><br \/>\n<a href=\"..\/tour\/bosnia-e-herzegovina\/\">B\u00f3snia e Herzegovina<\/a><br \/>\n<a href=\"..\/tour\/bulgaria\/\">Bulg\u00e1ria<\/a><br \/>\n<a href=\"..\/tour\/channel-islands\/\">Channel Islands<\/a><br \/>\n<a href=\"..\/tour\/chipre\/\">Chipre<\/a><br \/>\n<a href=\"..\/tour\/croacia\/\">Cro\u00e1cia<\/a><br \/>\n<a href=\"..\/tour\/dinamarca\/\">Dinamarca<\/a><br \/>\n<a href=\"..\/tour\/escocia\/\">Esc\u00f3cia<\/a><br \/>\n<a href=\"..\/tour\/eslovaquia\/\">Eslov\u00e1quia<\/a><br \/>\n<a href=\"..\/tour\/eslovenia\/\">Eslov\u00eania<\/a><br \/>\n<a href=\"..\/tour\/espanha\/\">Espanha<\/a><br \/>\n<a href=\"..\/tour\/estonia\/\">Est\u00f4nia<\/a><br \/>\n<a href=\"..\/tour\/faroe-islands\/\">Faroe Islands<\/a><br \/>\n<a href=\"..\/tour\/finlandia\/\">Finl\u00e2ndia<\/a><br \/>\n<a href=\"..\/tour\/franca\/\">Fran\u00e7a<\/a><br \/>\n<a href=\"..\/tour\/grecia\/\">Gr\u00e9cia<\/a><br \/>\n<a href=\"..\/tour\/holanda\/\">Holanda<\/a><br \/>\n<a href=\"..\/tour\/hungria\/\">Hungria<\/a><br \/>\n<a href=\"..\/tour\/inglaterra\/\">Inglaterra<\/a><br \/>\n<a href=\"..\/tour\/irlanda\/\">Irlanda<\/a><br \/>\n<a href=\"..\/tour\/islandia\/\">Isl\u00e2ndia<\/a><br \/>\n<a href=\"..\/tour\/italia\/\">It\u00e1lia<\/a><br \/>\n<a href=\"..\/tour\/kosovo\/\">Kosovo<\/a><br \/>\n<a href=\"..\/tour\/latvia\/\">L\u00e1tvia<\/a><br \/>\n<a href=\"..\/tour\/letonia\/\">Let\u00f4nia<\/a><br \/>\n<a href=\"..\/tour\/lituania\/\">Litu\u00e2nia<\/a><br \/>\n<a href=\"..\/tour\/luxemburgo\/\">Luxemburgo<\/a><br \/>\n<a href=\"..\/tour\/macedonia\/\">Maced\u00f4nia<\/a><br \/>\n<a href=\"..\/tour\/malta\/\">Malta<\/a><br \/>\n<a href=\"..\/tour\/moldavia\/\">Mold\u00e1via<\/a><br \/>\n<a href=\"..\/tour\/monaco\/\">M\u00f4naco<\/a><br \/>\n<a href=\"..\/tour\/montenegro\/\">Montenegro<\/a><br \/>\n<a href=\"..\/tour\/northern-ireland\/\">Northern Ireland<\/a><br \/>\n<a href=\"..\/tour\/noruega\/\">Noruega<\/a><br \/>\n<a href=\"..\/tour\/nova-caledonia\/\">Nova Caled\u00f4nia<\/a><br \/>\n<a href=\"..\/tour\/pais-de-gales\/\">Pa\u00eds de Gales<\/a><br \/>\n<a href=\"..\/tour\/polonia\/\">Pol\u00f4nia<\/a><br \/>\n<a href=\"..\/tour\/portugal\/\">Portugal<\/a><br \/>\n<a href=\"..\/tour\/reino-unido\/\">Reino Unido<\/a><br \/>\n<a href=\"..\/tour\/republica-tcheca\/\">Rep\u00fablica Tcheca<\/a><br \/>\n<a href=\"..\/tour\/romenia\/\">Rom\u00eania<\/a><br \/>\n<a href=\"..\/tour\/russia\/\">R\u00fassia<\/a><br \/>\n<a href=\"..\/tour\/servia\/\">S\u00e9rvia<\/a><br \/>\n<a href=\"..\/tour\/suecia\/\">Su\u00e9cia<\/a><br \/>\n<a href=\"..\/tour\/suica\/\">Su\u00ed\u00e7a<\/a><br \/>\n<a href=\"..\/tour\/turquia\/\">Turquia<\/a><br \/>\n<a href=\"..\/tour\/ucrania\/\">Ucr\u00e2nia<\/a><\/p>\n<p><strong>\u00c1frica<\/strong><br \/>\n<a href=\"..\/tour\/africa-do-sul\/\">\u00c1frica do Sul<\/a><br \/>\n<a href=\"..\/tour\/argelia\/\">Arg\u00e9lia<\/a><br \/>\n<a href=\"..\/tour\/angola\/\">Angola<\/a><br \/>\n<a href=\"..\/tour\/argelia\/\">Arg\u00e9lia<\/a><br \/>\n<a href=\"..\/tour\/benin\/\">Benin<\/a><br \/>\n<a href=\"..\/tour\/botsuana\/\">Botsuana<\/a><br \/>\n<a href=\"..\/tour\/burundi\/\">Burundi<\/a><br \/>\n<a href=\"..\/tour\/cabo-verde\/\">Cabo Verde<\/a><br \/>\n<a href=\"..\/tour\/camaroes\/\">Camar\u00f5es<\/a><br \/>\n<a href=\"..\/tour\/chad\/\">Chad<\/a><br \/>\n<a href=\"..\/tour\/cote-divoire\/\">C\u00f4te d\u2019Ivoire<\/a><br \/>\n<a href=\"..\/tour\/democratic-republic-of-congo\/\">Democratic Republic of Congo<\/a><br \/>\n<a href=\"..\/tour\/egito\/\">Egito<\/a><br \/>\n<a href=\"..\/tour\/etiopia\/\">Eti\u00f3pia<\/a><br \/>\n<a href=\"..\/tour\/gambia\/\">G\u00e2mbia<\/a><br \/>\n<a href=\"..\/tour\/gana\/\">Gana<\/a><br \/>\n<a href=\"..\/tour\/madagascar\/\">Madagascar<\/a><br \/>\n<a href=\"..\/tour\/malavi\/\">Malavi<\/a><br \/>\n<a href=\"..\/tour\/mali\/\">Mali<\/a><br \/>\n<a href=\"..\/tour\/marrocos\/\">Marrocos<\/a><br \/>\n<a href=\"..\/tour\/mauricio\/\">Maur\u00edcio<\/a><br \/>\n<a href=\"..\/tour\/mocambique\/\">Mo\u00e7ambique<\/a><br \/>\n<a href=\"..\/tour\/namibia\/\">Nam\u00edbia<\/a><br \/>\n<a href=\"..\/tour\/nigeria\/\">Nig\u00e9ria<\/a><br \/>\n<a href=\"..\/tour\/quenia\/\">Qu\u00eania<\/a><br \/>\n<a href=\"..\/tour\/ruanda\/\">Ruanda<\/a><br \/>\n<a href=\"..\/tour\/sao-tome-e-principe\/\">S\u00e3o Tom\u00e9 e Pr\u00edncipe<\/a><br \/>\n<a href=\"..\/tour\/seicheles\/\">Seicheles<\/a><br \/>\n<a href=\"..\/tour\/senegal\/\">Senegal<\/a><br \/>\n<a href=\"..\/tour\/tanzania\/\">Tanz\u00e2nia<\/a><br \/>\n<a href=\"..\/tour\/togo\/\">Togo<\/a><br \/>\n<a href=\"..\/tour\/tunisia\/\">Tun\u00edsia<\/a><br \/>\n<a href=\"..\/tour\/uganda\/\">Uganda<\/a><br \/>\n<a href=\"..\/tour\/zambia\/\">Z\u00e2mbia<\/a><br \/>\n<a href=\"..\/tour\/zimbabue\/\">Zimbabu\u00e9<\/a><\/p>\n<p><strong>\u00c1sia<\/strong><br \/>\n<a href=\"..\/tour\/arabia-saudita\/\">Ar\u00e1bia Saudita<\/a><br \/>\n<a href=\"..\/tour\/armenia\/\">Arm\u00eania<\/a><br \/>\n<a href=\"..\/tour\/azerbaijao\/\">Azerbaij\u00e3o<\/a><br \/>\n<a href=\"..\/tour\/bahrain\/\">Bahrain<\/a><br \/>\n<a href=\"..\/tour\/bangladesh\/\">Bangladesh<\/a><br \/>\n<a href=\"..\/tour\/brunei\/\">Brunei<\/a><br \/>\n<a href=\"..\/tour\/butao\/\">But\u00e3o<\/a><br \/>\n<a href=\"..\/tour\/camboja\/\">Camboja<\/a><br \/>\n<a href=\"..\/tour\/cazaquistao\/\">Cazaquist\u00e3o<\/a><br \/>\n<a href=\"..\/tour\/china\/\">China<\/a><br \/>\n<a href=\"..\/tour\/cingapura\/\">Cingapura<\/a><br \/>\n<a href=\"..\/tour\/coreia-do-sul\/\">Coreia do Sul<\/a><br \/>\n<a href=\"..\/tour\/emirados-arabes-unidos\/\">Emirados \u00c1rabes Unidos<\/a><br \/>\n<a href=\"..\/tour\/estado-da-palestina\/\">Estado da Palestina<\/a><br \/>\n<a href=\"..\/tour\/filipinas\/\">Filipinas<\/a><br \/>\n<a href=\"..\/tour\/georgia\/\">Ge\u00f3rgia<\/a><br \/>\n<a href=\"..\/tour\/guam\/\">Guam<\/a><br \/>\n<a href=\"..\/tour\/india\/\">\u00cdndia<\/a><br \/>\n<a href=\"..\/tour\/indonesia\/\">Indon\u00e9sia<\/a><br \/>\n<a href=\"..\/tour\/irao\/\">Ir\u00e3o<\/a><br \/>\n<a href=\"..\/tour\/israel\/\">Israel<\/a><br \/>\n<a href=\"..\/tour\/japao\/\">Jap\u00e3o<\/a><br \/>\n<a href=\"..\/tour\/jordania\/\">Jord\u00e2nia<\/a><br \/>\n<a href=\"..\/tour\/kuwait\/\">Kuwait<\/a><br \/>\n<a href=\"..\/tour\/laos\/\">Laos<\/a><br \/>\n<a href=\"..\/tour\/libano\/\">Libano<\/a><br \/>\n<a href=\"..\/tour\/malasia\/\">Mal\u00e1sia<\/a><br \/>\n<a href=\"..\/tour\/maldivas\/\">Maldivas<\/a><br \/>\n<a href=\"..\/tour\/mongolia\/\">Mong\u00f3lia<\/a><br \/>\n<a href=\"..\/tour\/myanmar\/\">Myanmar<\/a><br \/>\n<a href=\"..\/tour\/nepal\/\">Nepal<\/a><br \/>\n<a href=\"..\/tour\/oma\/\">Om\u00e3<\/a><br \/>\n<a href=\"..\/tour\/pakistan\/\">Pakistan<\/a><br \/>\n<a href=\"..\/tour\/qatar\/\">Qatar<\/a><br \/>\n<a href=\"..\/tour\/quirguistao\/\">Quirguist\u00e3o<\/a><br \/>\n<a href=\"..\/tour\/singapura\/\">Singapura<\/a><br \/>\n<a href=\"..\/tour\/sri-lanka\/\">Sri Lanka<\/a><br \/>\n<a href=\"..\/tour\/tailandia\/\">Tail\u00e2ndia<\/a><br \/>\n<a href=\"..\/tour\/taiwan\/\">Taiwan<\/a><br \/>\n<a href=\"..\/tour\/tajikistan\/\">Tajikistan<\/a><br \/>\n<a href=\"..\/tour\/uzbequistao\/\">Uzbequist\u00e3o<\/a><br \/>\n<a href=\"..\/tour\/vietname\/\">Vietname<\/a><\/p>\n<p><strong>Oceania<\/strong><br \/>\n<a href=\"..\/tour\/australia\/\">Austr\u00e1lia<\/a><br \/>\n<a href=\"..\/tour\/fiji\/\">Fiji<\/a><br \/>\n<a href=\"..\/tour\/ilhas-cook\/\">Ilhas Cook<\/a><br \/>\n<a href=\"..\/tour\/nova-zelandia\/\">Nova Zel\u00e2ndia<\/a><br \/>\n<a href=\"..\/tour\/papua-nova-guine\/\">Papua-Nova Guin\u00e9<\/a><br \/>\n<a href=\"..\/tour\/polinesia-francesa\/\">Polin\u00e9sia Francesa<\/a><br \/>\n<a href=\"..\/tour\/samoa\/\">Samoa<\/a><br \/>\n<a href=\"..\/tour\/tonga\/\">Tonga<\/a><br \/>\n<a href=\"..\/tour\/vanuatu\/\">Vanuatu<\/a><\/p>\n","protected":false},"excerpt":{"rendered":"<p>Am\u00e9rica do Norte Ant\u00edgua e Barbados Aruba Bahamas Barbados Belize Bonaire Canad\u00e1 Costa Rica Cura\u00e7ao Dominica El Salvador EUA Groenl\u00e2ndia Guadalupe Guatemala Haiti Honduras Ilhas Cayman Ilhas Turcas e Caicos Ilhas Virgens \u2013 EUA Ilhas Virgens Brit\u00e2nicas Jamaica Martinica M\u00e9xico Nicar\u00e1gua Panam\u00e1 Porto Rico Rep\u00fablica Dominicana Santa L\u00facia S\u00e3o Crist\u00f3v\u00e3o e Nevis S\u00e3o Martim S\u00e3o [&hellip;]<\/p>\n","protected":false},"author":1,"featured_media":20828,"parent":0,"menu_order":0,"comment_status":"closed","ping_status":"closed","template":"","meta":{"footnotes":""},"class_list":["post-2099","page","type-page","status-publish","has-post-thumbnail","hentry"],"acf":[],"yoast_head":"<!-- This site is optimized with the Yoast SEO plugin v27.0 - https:\/\/yoast.com\/product\/yoast-seo-wordpress\/ -->\n<title>Todos os destinos de viagem &#187; Topguide24.com<\/title>\n<meta name=\"description\" content=\"Find and book interesting tours, excursion and holiday activities for the top attractions around the world.\" \/>\n<meta name=\"robots\" content=\"index, follow, max-snippet:-1, max-image-preview:large, max-video-preview:-1\" \/>\n<link rel=\"canonical\" href=\"https:\/\/www.topguide24.com\/pt\/todos-os-destinos-de-viagem\/\" \/>\n<meta property=\"og:locale\" content=\"pt_PT\" \/>\n<meta property=\"og:type\" content=\"article\" \/>\n<meta property=\"og:title\" content=\"Todos os destinos de viagem &#187; Topguide24.com\" \/>\n<meta property=\"og:description\" content=\"Find and book interesting tours, excursion and holiday activities for the top attractions around the world.\" \/>\n<meta property=\"og:url\" content=\"https:\/\/www.topguide24.com\/pt\/todos-os-destinos-de-viagem\/\" \/>\n<meta property=\"og:site_name\" content=\"Topguide24.com\" \/>\n<meta property=\"article:publisher\" content=\"https:\/\/www.facebook.com\/topguide24\/\" \/>\n<meta property=\"article:modified_time\" content=\"2024-03-13T23:02:15+00:00\" \/>\n<meta property=\"og:image\" content=\"https:\/\/www.topguide24.com\/pt\/wp-content\/uploads\/2024\/02\/Reiseziele.jpg\" \/>\n\t<meta property=\"og:image:width\" content=\"1920\" \/>\n\t<meta property=\"og:image:height\" content=\"587\" \/>\n\t<meta property=\"og:image:type\" content=\"image\/jpeg\" \/>\n<meta name=\"twitter:card\" content=\"summary_large_image\" \/>\n<meta name=\"twitter:site\" content=\"@topguide24\" \/>\n<meta name=\"twitter:label1\" content=\"Tempo estimado de leitura\" \/>\n\t<meta name=\"twitter:data1\" content=\"2 minutos\" \/>\n<script type=\"application\/ld+json\" class=\"yoast-schema-graph\">{\"@context\":\"https:\/\/schema.org\",\"@graph\":[{\"@type\":\"WebPage\",\"@id\":\"https:\/\/www.topguide24.com\/pt\/todos-os-destinos-de-viagem\/\",\"url\":\"https:\/\/www.topguide24.com\/pt\/todos-os-destinos-de-viagem\/\",\"name\":\"Todos os destinos de viagem &#187; Topguide24.com\",\"isPartOf\":{\"@id\":\"https:\/\/www.topguide24.com\/pt\/#website\"},\"primaryImageOfPage\":{\"@id\":\"https:\/\/www.topguide24.com\/pt\/todos-os-destinos-de-viagem\/#primaryimage\"},\"image\":{\"@id\":\"https:\/\/www.topguide24.com\/pt\/todos-os-destinos-de-viagem\/#primaryimage\"},\"thumbnailUrl\":\"https:\/\/www.topguide24.com\/pt\/wp-content\/uploads\/2024\/02\/Reiseziele.jpg\",\"datePublished\":\"2015-06-02T15:40:38+00:00\",\"dateModified\":\"2024-03-13T23:02:15+00:00\",\"description\":\"Find and book interesting tours, excursion and holiday activities for the top attractions around the world.\",\"breadcrumb\":{\"@id\":\"https:\/\/www.topguide24.com\/pt\/todos-os-destinos-de-viagem\/#breadcrumb\"},\"inLanguage\":\"pt-PT\",\"potentialAction\":[{\"@type\":\"ReadAction\",\"target\":[\"https:\/\/www.topguide24.com\/pt\/todos-os-destinos-de-viagem\/\"]}]},{\"@type\":\"ImageObject\",\"inLanguage\":\"pt-PT\",\"@id\":\"https:\/\/www.topguide24.com\/pt\/todos-os-destinos-de-viagem\/#primaryimage\",\"url\":\"https:\/\/www.topguide24.com\/pt\/wp-content\/uploads\/2024\/02\/Reiseziele.jpg\",\"contentUrl\":\"https:\/\/www.topguide24.com\/pt\/wp-content\/uploads\/2024\/02\/Reiseziele.jpg\",\"width\":1920,\"height\":587},{\"@type\":\"BreadcrumbList\",\"@id\":\"https:\/\/www.topguide24.com\/pt\/todos-os-destinos-de-viagem\/#breadcrumb\",\"itemListElement\":[{\"@type\":\"ListItem\",\"position\":1,\"name\":\"Home\",\"item\":\"https:\/\/www.topguide24.com\/pt\/\"},{\"@type\":\"ListItem\",\"position\":2,\"name\":\"Todos os destinos de viagem\"}]},{\"@type\":\"WebSite\",\"@id\":\"https:\/\/www.topguide24.com\/pt\/#website\",\"url\":\"https:\/\/www.topguide24.com\/pt\/\",\"name\":\"Topguide24.com\",\"description\":\"Search engine for tours &amp; activities.\",\"potentialAction\":[{\"@type\":\"SearchAction\",\"target\":{\"@type\":\"EntryPoint\",\"urlTemplate\":\"https:\/\/www.topguide24.com\/pt\/?s={search_term_string}\"},\"query-input\":{\"@type\":\"PropertyValueSpecification\",\"valueRequired\":true,\"valueName\":\"search_term_string\"}}],\"inLanguage\":\"pt-PT\"}]}<\/script>\n<!-- \/ Yoast SEO plugin. -->","yoast_head_json":{"title":"Todos os destinos de viagem &#187; Topguide24.com","description":"Find and book interesting tours, excursion and holiday activities for the top attractions around the world.","robots":{"index":"index","follow":"follow","max-snippet":"max-snippet:-1","max-image-preview":"max-image-preview:large","max-video-preview":"max-video-preview:-1"},"canonical":"https:\/\/www.topguide24.com\/pt\/todos-os-destinos-de-viagem\/","og_locale":"pt_PT","og_type":"article","og_title":"Todos os destinos de viagem &#187; Topguide24.com","og_description":"Find and book interesting tours, excursion and holiday activities for the top attractions around the world.","og_url":"https:\/\/www.topguide24.com\/pt\/todos-os-destinos-de-viagem\/","og_site_name":"Topguide24.com","article_publisher":"https:\/\/www.facebook.com\/topguide24\/","article_modified_time":"2024-03-13T23:02:15+00:00","og_image":[{"width":1920,"height":587,"url":"https:\/\/www.topguide24.com\/pt\/wp-content\/uploads\/2024\/02\/Reiseziele.jpg","type":"image\/jpeg"}],"twitter_card":"summary_large_image","twitter_site":"@topguide24","twitter_misc":{"Tempo estimado de leitura":"2 minutos"},"schema":{"@context":"https:\/\/schema.org","@graph":[{"@type":"WebPage","@id":"https:\/\/www.topguide24.com\/pt\/todos-os-destinos-de-viagem\/","url":"https:\/\/www.topguide24.com\/pt\/todos-os-destinos-de-viagem\/","name":"Todos os destinos de viagem &#187; Topguide24.com","isPartOf":{"@id":"https:\/\/www.topguide24.com\/pt\/#website"},"primaryImageOfPage":{"@id":"https:\/\/www.topguide24.com\/pt\/todos-os-destinos-de-viagem\/#primaryimage"},"image":{"@id":"https:\/\/www.topguide24.com\/pt\/todos-os-destinos-de-viagem\/#primaryimage"},"thumbnailUrl":"https:\/\/www.topguide24.com\/pt\/wp-content\/uploads\/2024\/02\/Reiseziele.jpg","datePublished":"2015-06-02T15:40:38+00:00","dateModified":"2024-03-13T23:02:15+00:00","description":"Find and book interesting tours, excursion and holiday activities for the top attractions around the world.","breadcrumb":{"@id":"https:\/\/www.topguide24.com\/pt\/todos-os-destinos-de-viagem\/#breadcrumb"},"inLanguage":"pt-PT","potentialAction":[{"@type":"ReadAction","target":["https:\/\/www.topguide24.com\/pt\/todos-os-destinos-de-viagem\/"]}]},{"@type":"ImageObject","inLanguage":"pt-PT","@id":"https:\/\/www.topguide24.com\/pt\/todos-os-destinos-de-viagem\/#primaryimage","url":"https:\/\/www.topguide24.com\/pt\/wp-content\/uploads\/2024\/02\/Reiseziele.jpg","contentUrl":"https:\/\/www.topguide24.com\/pt\/wp-content\/uploads\/2024\/02\/Reiseziele.jpg","width":1920,"height":587},{"@type":"BreadcrumbList","@id":"https:\/\/www.topguide24.com\/pt\/todos-os-destinos-de-viagem\/#breadcrumb","itemListElement":[{"@type":"ListItem","position":1,"name":"Home","item":"https:\/\/www.topguide24.com\/pt\/"},{"@type":"ListItem","position":2,"name":"Todos os destinos de viagem"}]},{"@type":"WebSite","@id":"https:\/\/www.topguide24.com\/pt\/#website","url":"https:\/\/www.topguide24.com\/pt\/","name":"Topguide24.com","description":"Search engine for tours &amp; activities.","potentialAction":[{"@type":"SearchAction","target":{"@type":"EntryPoint","urlTemplate":"https:\/\/www.topguide24.com\/pt\/?s={search_term_string}"},"query-input":{"@type":"PropertyValueSpecification","valueRequired":true,"valueName":"search_term_string"}}],"inLanguage":"pt-PT"}]}},"post_mailing_queue_ids":[],"_links":{"self":[{"href":"https:\/\/www.topguide24.com\/pt\/wp-json\/wp\/v2\/pages\/2099","targetHints":{"allow":["GET"]}}],"collection":[{"href":"https:\/\/www.topguide24.com\/pt\/wp-json\/wp\/v2\/pages"}],"about":[{"href":"https:\/\/www.topguide24.com\/pt\/wp-json\/wp\/v2\/types\/page"}],"author":[{"embeddable":true,"href":"https:\/\/www.topguide24.com\/pt\/wp-json\/wp\/v2\/users\/1"}],"replies":[{"embeddable":true,"href":"https:\/\/www.topguide24.com\/pt\/wp-json\/wp\/v2\/comments?post=2099"}],"version-history":[{"count":16,"href":"https:\/\/www.topguide24.com\/pt\/wp-json\/wp\/v2\/pages\/2099\/revisions"}],"predecessor-version":[{"id":23009,"href":"https:\/\/www.topguide24.com\/pt\/wp-json\/wp\/v2\/pages\/2099\/revisions\/23009"}],"wp:featuredmedia":[{"embeddable":true,"href":"https:\/\/www.topguide24.com\/pt\/wp-json\/wp\/v2\/media\/20828"}],"wp:attachment":[{"href":"https:\/\/www.topguide24.com\/pt\/wp-json\/wp\/v2\/media?parent=2099"}],"curies":[{"name":"wp","href":"https:\/\/api.w.org\/{rel}","templated":true}]}}